{"id":1715,"date":"2024-08-19T21:10:58","date_gmt":"2024-08-19T21:10:58","guid":{"rendered":"https:\/\/www.1stdibs.com\/about\/1stdibs-bewertungen-und-erfahrungsberichte\/"},"modified":"2024-12-12T10:56:51","modified_gmt":"2024-12-12T10:56:51","slug":"1stdibs-reviews","status":"publish","type":"page","link":"https:\/\/www.1stdibs.com\/about\/de\/1stdibs-reviews\/","title":{"rendered":"1stDibs-Bewertungen und Erfahrungsberichte"},"content":{"rendered":"\r\n<h1>1stDibs-Bewertungen<\/h1>\r\n<h2>Erfahren Sie, was Design-Liebhaber*innen <em>\u00fcber uns sagen<\/em><\/h2>\r\n<p><img loading=\"lazy\" decoding=\"async\" title=\"Interior of a dining with an Artichoke Lamp and purple painting\" src=\"https:\/\/www.1stdibs.com\/about\/wp-content\/uploads\/2023\/03\/interior.webp\" alt=\"Purple painting and Artichoke Lamp in dining room interior\" width=\"580\" height=\"607\" \/> <img decoding=\"async\" src=\"https:\/\/www.1stdibs.com\/about\/wp-content\/uploads\/2024\/09\/customer_review_page_topquote1-1.jpg\" alt=\"\" \/> <img decoding=\"async\" src=\"https:\/\/www.1stdibs.com\/about\/wp-content\/uploads\/2024\/09\/customer_review_page_topquote1-1.jpg\" alt=\"\" \/> <img decoding=\"async\" src=\"https:\/\/www.1stdibs.com\/about\/wp-content\/uploads\/2024\/09\/customer_review_page_topquote2-1.jpg\" alt=\"\" \/> <img decoding=\"async\" src=\"https:\/\/www.1stdibs.com\/about\/wp-content\/uploads\/2024\/09\/customer_review_page_topquote2-1.jpg\" alt=\"\" \/> <img decoding=\"async\" src=\"https:\/\/www.1stdibs.com\/about\/wp-content\/uploads\/2024\/09\/customer_review_page_topquote3-1.jpg\" alt=\"\" \/> <img decoding=\"async\" src=\"https:\/\/www.1stdibs.com\/about\/wp-content\/uploads\/2024\/09\/customer_review_page_topquote3-1.jpg\" alt=\"\" \/> <img decoding=\"async\" src=\"https:\/\/www.1stdibs.com\/about\/wp-content\/uploads\/2024\/09\/customer_review_page_topquote4-1.jpg\" alt=\"\" \/> <img decoding=\"async\" src=\"https:\/\/www.1stdibs.com\/about\/wp-content\/uploads\/2024\/09\/customer_review_page_topquote4-1.jpg\" alt=\"\" \/> <a href=\"https:\/\/www.1stdibs.com\/de\/\" target=\"_self\" rel=\"noopener\"> JETZT SHOPPEN <\/a><\/p>\r\n<h2>Renommierte Anbieter*innen, denen Sie vertrauen k\u00f6nnen<\/h2>\r\n<p>1stDibs arbeitet mit mehr als 4.000 zuverl\u00e4ssigen Anbieter*innen auf der ganzen Welt zusammen. Alle Anbieter*innen werden von internen Fachleuten bei 1stDibs einer umfassenden Bewertung unterzogen, um die Integrit\u00e4t ihrer Angebote und die Qualit\u00e4t ihrer Dienstleistungen zu \u00fcberpr\u00fcfen. Das Vertrauen, das wir in unser au\u00dfergew\u00f6hnliches Angebot haben, ist eine direkte Folge unserer strengen \u00dcberpr\u00fcfung der Anbieter*innen.<\/p>\r\n<p>\u201eDer Anbieter hat mir einen guten Preis gemacht und meine Tasche unverz\u00fcglich versendet. Ich liebe diese Tasche, sie ist perfekt! Ich kann 1stDibs nur empfehlen.&#8220;<\/p>\r\n<p>&#8211; Pamela, 1stDibs-Kundenbewertung<\/p>\r\n<p><img loading=\"lazy\" decoding=\"async\" title=\"5stars\" src=\"https:\/\/www.1stdibs.com\/about\/wp-content\/uploads\/2023\/03\/5stars.webp\" alt=\"5stars\" width=\"144\" height=\"24\" \/><\/p>\r\n<p>\u201eIch hatte zun\u00e4chst Bedenken, Diamanten online zu kaufen. Aber nach ausf\u00fchrlicher Recherche f\u00fchlte ich mich bei dem Anbieter gut aufgehoben. Meine neuen diamantenbesetzten Ohrstecker sind wundersch\u00f6n.&#8220;<\/p>\r\n<p>&#8211; Diana, 1stDibs-Kundenbewertung<\/p>\r\n<p><img loading=\"lazy\" decoding=\"async\" title=\"5stars\" src=\"https:\/\/www.1stdibs.com\/about\/wp-content\/uploads\/2023\/03\/5stars.webp\" alt=\"5stars\" width=\"144\" height=\"24\" \/><\/p>\r\n<p>\u201eDas Objekt war genau wie beschrieben und die Anbieterin hat die Lieferung f\u00fcr mich verfolgt. Die Ware kam sehr gut verpackt an, einschlie\u00dflich aller Zertifikate.&#8220;<\/p>\r\n<p>&#8211; Charlie, 1stDibs-Kundenbewertung<\/p>\r\n<p><img loading=\"lazy\" decoding=\"async\" title=\"5stars\" src=\"https:\/\/www.1stdibs.com\/about\/wp-content\/uploads\/2023\/03\/5stars.webp\" alt=\"5stars\" width=\"144\" height=\"24\" \/> <img loading=\"lazy\" decoding=\"async\" title=\"quotationmark1\" src=\"https:\/\/www.1stdibs.com\/about\/wp-content\/uploads\/2023\/03\/quotationmark1.webp\" alt=\"quotationmark1\" width=\"114\" height=\"100\" \/><\/p>\r\n<p>Es ist die reine <em>Freude<\/em>, auf 1stDibs einzukaufen.<\/p>\r\n<p>&#8211; Louise Roe, Modejournalistin und Gr\u00fcnderin von Sharland England<\/p>\r\n<p><img loading=\"lazy\" decoding=\"async\" title=\"quotationmark2\" src=\"https:\/\/www.1stdibs.com\/about\/wp-content\/uploads\/2023\/03\/quotationmark2.webp\" alt=\"quotationmark2\" width=\"114\" height=\"100\" \/> <img loading=\"lazy\" decoding=\"async\" title=\"Processed with VSCO with al1pro preset\" src=\"https:\/\/www.1stdibs.com\/about\/wp-content\/uploads\/2024\/09\/E73979E1-3F2F-4440-B6CE-A2B15B406EF3-scaled.jpeg\" alt=\"Processed with VSCO with al1pro preset\" width=\"1707\" height=\"2560\" \/><\/p>\r\n<h2>Kompetente Unterst\u00fctzung bei jedem Schritt<\/h2>\r\n<p>Die Preisgestaltung und Bezahlung bei 1stDibs ist besonders flexibel: K\u00e4ufer*innen k\u00f6nnen direkt bestellen, einen Preis aushandeln oder in Auktionen auf Objekte bieten. Nach dem Kauf k\u00f6nnen Sie per Kreditkarte, PayPal oder \u00dcberweisung sicher bezahlen. Unsere erfahrenen Expert*innen helfen Ihnen bei Fragen rund um Ihre Bestellung gerne per Live-Chat (schnellste R\u00fcckmeldung), E-Mail und Telefon weiter.<\/p>\r\n<p><img loading=\"lazy\" decoding=\"async\" title=\"Gray Paradise Sofa by Kerstin H\u00f6rlin-Holmquist\" src=\"https:\/\/www.1stdibs.com\/about\/wp-content\/uploads\/2023\/03\/sofa.webp\" alt=\"Kerstin H\u00f6rlin-Holmquist Paradise Sofa\" width=\"300\" height=\"185\" \/><\/p>\r\n<p>\u201eIch bin mit meinem Einkaufserlebnis sehr zufrieden. Als ich Fragen zu 1stDibs hatte, hat mich der Kundendienst bestens unterst\u00fctzt. Ich w\u00fcrde dort jederzeit wieder einkaufen.&#8220;<\/p>\r\n<p>&#8211; Drew, 1stDibs-Kundenbewertung<\/p>\r\n<p><img loading=\"lazy\" decoding=\"async\" title=\"5stars_shagreen\" src=\"https:\/\/www.1stdibs.com\/about\/wp-content\/uploads\/2023\/03\/5stars_shagreen.webp\" alt=\"5stars_shagreen\" width=\"144\" height=\"24\" \/> <img loading=\"lazy\" decoding=\"async\" title=\"18k Yellow Gold carved agate and coral bracelet by Verdura\" src=\"https:\/\/www.1stdibs.com\/about\/wp-content\/uploads\/2023\/03\/bracelet.jpg\" alt=\"Verdura carved agate and coral bracelet\" width=\"300\" height=\"185\" \/><\/p>\r\n<p>\u201eDer Kundensupport war extrem hilfreich und hat sehr schnell reagiert. Diese Plattform ist super, der absolute Hammer! 1stDibs ist wirklich ein weltweiter Marktplatz f\u00fcr Objekte, die man sonst nirgendwo findet. Das Angebot ist einfach gro\u00dfartig, ich kann es gar nicht fassen.&#8220;<\/p>\r\n<p>&#8211; Ranjan, 1stDibs-Kundenbewertung<\/p>\r\n<p><img loading=\"lazy\" decoding=\"async\" title=\"5stars_shagreen\" src=\"https:\/\/www.1stdibs.com\/about\/wp-content\/uploads\/2023\/03\/5stars_shagreen.webp\" alt=\"5stars_shagreen\" width=\"144\" height=\"24\" \/> <img loading=\"lazy\" decoding=\"async\" title=\"Hunt Slonem Double Bunny painting in vintage gold frame\" src=\"https:\/\/www.1stdibs.com\/about\/wp-content\/uploads\/2023\/03\/painting.webp\" alt=\"Double Bunny oil painting by Hunt Slonem\" width=\"300\" height=\"185\" \/><\/p>\r\n<p>\u201e1stDibs ist einfach fantastisch. Hier findet man eine einzigartige Einkaufsm\u00f6glichkeit. Wundersch\u00f6n und clever zusammengestellte M\u00f6bel, Sammlerst\u00fccke und Kunstwerke. Der Kundenservice ist schnell, hilfreich &#8211; absolut erstklassig.&#8220;<\/p>\r\n<p>&#8211; Thomas, 1stDibs-Kundenbewertung<\/p>\r\n<p><img loading=\"lazy\" decoding=\"async\" title=\"5stars_shagreen\" src=\"https:\/\/www.1stdibs.com\/about\/wp-content\/uploads\/2023\/03\/5stars_shagreen.webp\" alt=\"5stars_shagreen\" width=\"144\" height=\"24\" \/> <img loading=\"lazy\" decoding=\"async\" title=\"Interior designer Adair Curtis and stylist Jason Bolden of JSN Studio\" src=\"https:\/\/www.1stdibs.com\/about\/wp-content\/uploads\/2023\/03\/jason.webp\" alt=\"Jason Bolden 1stDibs Review\" width=\"460\" height=\"460\" \/> <img loading=\"lazy\" decoding=\"async\" title=\"quotationmark1\" src=\"https:\/\/www.1stdibs.com\/about\/wp-content\/uploads\/2023\/03\/quotationmark1.webp\" alt=\"quotationmark1\" width=\"114\" height=\"100\" \/><\/p>\r\n<p>Hier finden Sie <em>ikonische<\/em>, <em>interessante<\/em> und <em>smarte<\/em> Dinge, in die Sie sich sofort verlieben werden.<\/p>\r\n<p>&#8211; Jason Bolden, Stilberater und Innenarchitekt<\/p>\r\n<p><img loading=\"lazy\" decoding=\"async\" title=\"quotationmark2\" src=\"https:\/\/www.1stdibs.com\/about\/wp-content\/uploads\/2023\/03\/quotationmark2.webp\" alt=\"quotationmark2\" width=\"114\" height=\"100\" \/><\/p>\r\n<h2>L\u00f6sungen f\u00fcr Versand und Logistik<\/h2>\r\n<p>Durch die Partnerschaft mit f\u00fchrenden Logistikunternehmen kann 1stDibs eine vollst\u00e4ndig versicherte Zustellung an fast alle Orte der Welt erm\u00f6glichen. Je nach Gr\u00f6\u00dfe, Zerbrechlichkeit und Standort des Objekts stehen Ihnen verschiedene Versandm\u00f6glichkeiten zur Verf\u00fcgung. Zu den g\u00e4ngigsten Versandmethoden bei 1stDibs geh\u00f6ren die Hauszustellung (f\u00fcr gro\u00dfe Sendungen im Inland), Versand bis zur Haust\u00fcr (f\u00fcr internationale Sendungen oder zerbrechliche Objekte) und P\u00e4ckchen (leichtere, kleinere verpackte Objekte, versendet per Standard-Briefpost).<\/p>\r\n<p>\u201eDas Objekt, das ich gekauft habe, ist extrem hochwertig. Es war genau beschrieben und abgebildet. Der Anbieter hat auf Anfragen schnell reagiert. Das Objekt war sorgf\u00e4ltig verpackt und kam schnell bei mir an. Ich bin mit dem gesamten Ablauf sehr zufrieden.&#8220;<\/p>\r\n<p>&#8211; Debra, 1stDibs-Kundenbewertung<\/p>\r\n<p><img loading=\"lazy\" decoding=\"async\" title=\"5stars\" src=\"https:\/\/www.1stdibs.com\/about\/wp-content\/uploads\/2023\/03\/5stars.webp\" alt=\"5stars\" width=\"144\" height=\"24\" \/><\/p>\r\n<p>\u201eDer Anbieter hat mir einen guten Preis gemacht und meine Tasche unverz\u00fcglich versendet. Ich hatte sie schon wenige Tage nach dem Kauf in der Hand. Die Tasche ist sogar noch besser als beschrieben &#8211; sie ist perfekt und ich liebe sie!&#8220;<\/p>\r\n<p>&#8211; Pamela, 1stDibs-Kundenbewertung<\/p>\r\n<p><img loading=\"lazy\" decoding=\"async\" title=\"5stars\" src=\"https:\/\/www.1stdibs.com\/about\/wp-content\/uploads\/2023\/03\/5stars.webp\" alt=\"5stars\" width=\"144\" height=\"24\" \/><\/p>\r\n<p>\u201eMeine erste Transaktion auf 1stDibs h\u00e4tte nicht besser laufen k\u00f6nnen. Der Preis war mehr als fair, der Anbieter war w\u00e4hrend des gesamten Vorgangs erreichbar, der Versand erfolgte prompt und das Objekt war sehr gut verpackt.&#8220;<\/p>\r\n<p>&#8211; Wendy, 1stDibs-Kundenbewertung<\/p>\r\n<p><img loading=\"lazy\" decoding=\"async\" title=\"5stars\" src=\"https:\/\/www.1stdibs.com\/about\/wp-content\/uploads\/2023\/03\/5stars.webp\" alt=\"5stars\" width=\"144\" height=\"24\" \/> <img loading=\"lazy\" decoding=\"async\" title=\"quotationmark1\" src=\"https:\/\/www.1stdibs.com\/about\/wp-content\/uploads\/2023\/03\/quotationmark1.webp\" alt=\"quotationmark1\" width=\"114\" height=\"100\" \/><\/p>\r\n<p>1stDibs ist <em>ein fantastischer Ort f\u00fcr einzigartige Geschenke<\/em>\u00a0&#8211; hier ist im Grunde alles einzigartig.<\/p>\r\n<p>&#8211; Jenny Walton, K\u00fcnstlerin und Stil-Influencerin<\/p>\r\n<p><img loading=\"lazy\" decoding=\"async\" title=\"quotationmark2\" src=\"https:\/\/www.1stdibs.com\/about\/wp-content\/uploads\/2023\/03\/quotationmark2.webp\" alt=\"quotationmark2\" width=\"114\" height=\"100\" \/> <img loading=\"lazy\" decoding=\"async\" title=\"Artist and stylist Jenny Walton in orange dress\" src=\"https:\/\/www.1stdibs.com\/about\/wp-content\/uploads\/2023\/03\/jenny.webp\" alt=\"Jenny Walton 1stDibs Review\" width=\"460\" height=\"460\" \/><\/p>\r\n<h2>Wir sind f\u00fcr Sie da<\/h2>\r\n<p><em>Sie haben Fragen oder ben\u00f6tigen weitere Informationen?<\/em><\/p>\r\n<p><a href=\"https:\/\/www.1stdibs.com\/de\/contact\/\" target=\"_self\" rel=\"noopener\"> KONTAKTIEREN SIE UNS <\/a> <a href=\"https:\/\/www.1stdibs.com\/de\/\" target=\"_self\" rel=\"noopener\"> JETZT SHOPPEN <\/a><\/p>\r\n<p>+1-877-721-3427\u00a0 |\u00a0 Mo. bis Fr. 3:00 Uhr bis 20:00 Uhr (Eastern Time)<\/p>\r\n","protected":false},"excerpt":{"rendered":"<p>1stDibs-Bewertungen Erfahren Sie, was Design-Liebhaber*innen \u00fcber uns sagen JETZT SHOPPEN Renommierte Anbieter*innen, denen Sie vertrauen k\u00f6nnen 1stDibs arbeitet mit mehr als 4.000 zuverl\u00e4ssigen Anbieter*innen auf der ganzen Welt zusammen. Alle Anbieter*innen werden von internen Fachleuten bei 1stDibs einer umfassenden Bewertung unterzogen, um die Integrit\u00e4t ihrer Angebote und die Qualit\u00e4t ihrer Dienstleistungen zu \u00fcberpr\u00fcfen. Das Vertrauen, [&hellip;]<\/p>\n","protected":false},"author":14,"featured_media":0,"parent":0,"menu_order":0,"comment_status":"closed","ping_status":"closed","template":"templates\/template-promise.php","meta":{"_acf_changed":false,"footnotes":""},"class_list":["post-1715","page","type-page","status-publish","hentry"],"acf":[],"yoast_head":"<!-- This site is optimized with the Yoast SEO plugin v27.3 - https:\/\/yoast.com\/product\/yoast-seo-wordpress\/ -->\n<title>1stDibs-Bewertungen und Erfahrungsberichte | Mehr als 75.000 5-Sterne-Bewertungen<\/title>\n<meta name=\"description\" content=\"Finden Sie heraus, warum Design-Begeisterte nicht genug von 1stDibs bekommen k\u00f6nnen. Erfahren Sie mithilfe von 1stDibs-Bewertungen und Erfahrungsberichten von echten Kund*innen, warum sie immer wieder \u00fcber 1stDibs kaufen. Werden Sie Teil der Community anspruchsvoller K\u00e4ufer*innen, die wegen der einzigartig breiten Auswahl und herausragenden Unterst\u00fctzung auf 1stDibs vertrauen.\" \/>\n<meta name=\"robots\" content=\"index, follow, max-snippet:-1, max-image-preview:large, max-video-preview:-1\" \/>\n<link rel=\"canonical\" href=\"https:\/\/www.1stdibs.com\/about\/de\/1stdibs-reviews\/\" \/>\n<meta property=\"og:locale\" content=\"de_DE\" \/>\n<meta property=\"og:type\" content=\"article\" \/>\n<meta property=\"og:title\" content=\"1stDibs-Bewertungen und Erfahrungsberichte | Mehr als 75.000 5-Sterne-Bewertungen\" \/>\n<meta property=\"og:description\" content=\"Finden Sie heraus, warum Design-Begeisterte nicht genug von 1stDibs bekommen k\u00f6nnen. Erfahren Sie mithilfe von 1stDibs-Bewertungen und Erfahrungsberichten von echten Kund*innen, warum sie immer wieder \u00fcber 1stDibs kaufen. Werden Sie Teil der Community anspruchsvoller K\u00e4ufer*innen, die wegen der einzigartig breiten Auswahl und herausragenden Unterst\u00fctzung auf 1stDibs vertrauen.\" \/>\n<meta property=\"og:url\" content=\"https:\/\/www.1stdibs.com\/about\/de\/1stdibs-reviews\/\" \/>\n<meta property=\"og:site_name\" content=\"1stDibs\" \/>\n<meta property=\"article:publisher\" content=\"https:\/\/www.facebook.com\/1stdibs\" \/>\n<meta property=\"article:modified_time\" content=\"2024-12-12T10:56:51+00:00\" \/>\n<meta property=\"og:image\" content=\"https:\/\/www.1stdibs.com\/about\/wp-content\/uploads\/2023\/03\/interior.webp\" \/>\n<meta name=\"twitter:card\" content=\"summary_large_image\" \/>\n<meta name=\"twitter:site\" content=\"@1stDibs\" \/>\n<meta name=\"twitter:label1\" content=\"Gesch\u00e4tzte Lesezeit\" \/>\n\t<meta name=\"twitter:data1\" content=\"9 Minuten\" \/>\n<script type=\"application\/ld+json\" class=\"yoast-schema-graph\">{\"@context\":\"https:\\\/\\\/schema.org\",\"@graph\":[{\"@type\":\"WebPage\",\"@id\":\"https:\\\/\\\/www.1stdibs.com\\\/about\\\/de\\\/1stdibs-reviews\\\/\",\"url\":\"https:\\\/\\\/www.1stdibs.com\\\/about\\\/de\\\/1stdibs-reviews\\\/\",\"name\":\"1stDibs-Bewertungen und Erfahrungsberichte | Mehr als 75.000 5-Sterne-Bewertungen\",\"isPartOf\":{\"@id\":\"https:\\\/\\\/www.1stdibs.com\\\/about\\\/#website\"},\"primaryImageOfPage\":{\"@id\":\"https:\\\/\\\/www.1stdibs.com\\\/about\\\/de\\\/1stdibs-reviews\\\/#primaryimage\"},\"image\":{\"@id\":\"https:\\\/\\\/www.1stdibs.com\\\/about\\\/de\\\/1stdibs-reviews\\\/#primaryimage\"},\"thumbnailUrl\":\"https:\\\/\\\/www.1stdibs.com\\\/about\\\/wp-content\\\/uploads\\\/2023\\\/03\\\/interior.webp\",\"datePublished\":\"2024-08-19T21:10:58+00:00\",\"dateModified\":\"2024-12-12T10:56:51+00:00\",\"description\":\"Finden Sie heraus, warum Design-Begeisterte nicht genug von 1stDibs bekommen k\u00f6nnen. Erfahren Sie mithilfe von 1stDibs-Bewertungen und Erfahrungsberichten von echten Kund*innen, warum sie immer wieder \u00fcber 1stDibs kaufen. Werden Sie Teil der Community anspruchsvoller K\u00e4ufer*innen, die wegen der einzigartig breiten Auswahl und herausragenden Unterst\u00fctzung auf 1stDibs vertrauen.\",\"breadcrumb\":{\"@id\":\"https:\\\/\\\/www.1stdibs.com\\\/about\\\/de\\\/1stdibs-reviews\\\/#breadcrumb\"},\"inLanguage\":\"de-DE\",\"potentialAction\":[{\"@type\":\"ReadAction\",\"target\":[\"https:\\\/\\\/www.1stdibs.com\\\/about\\\/de\\\/1stdibs-reviews\\\/\"]}]},{\"@type\":\"ImageObject\",\"inLanguage\":\"de-DE\",\"@id\":\"https:\\\/\\\/www.1stdibs.com\\\/about\\\/de\\\/1stdibs-reviews\\\/#primaryimage\",\"url\":\"https:\\\/\\\/www.1stdibs.com\\\/about\\\/wp-content\\\/uploads\\\/2023\\\/03\\\/interior.webp\",\"contentUrl\":\"https:\\\/\\\/www.1stdibs.com\\\/about\\\/wp-content\\\/uploads\\\/2023\\\/03\\\/interior.webp\"},{\"@type\":\"BreadcrumbList\",\"@id\":\"https:\\\/\\\/www.1stdibs.com\\\/about\\\/de\\\/1stdibs-reviews\\\/#breadcrumb\",\"itemListElement\":[{\"@type\":\"ListItem\",\"position\":1,\"name\":\"Home\",\"item\":\"https:\\\/\\\/www.1stdibs.com\\\/about\\\/de\\\/\"},{\"@type\":\"ListItem\",\"position\":2,\"name\":\"1stDibs-Bewertungen und Erfahrungsberichte\"}]},{\"@type\":\"WebSite\",\"@id\":\"https:\\\/\\\/www.1stdibs.com\\\/about\\\/#website\",\"url\":\"https:\\\/\\\/www.1stdibs.com\\\/about\\\/\",\"name\":\"1stDibs\",\"description\":\"Antique and Modern Furniture, Jewelry, Fashion &amp; Art\",\"publisher\":{\"@id\":\"https:\\\/\\\/www.1stdibs.com\\\/about\\\/#organization\"},\"potentialAction\":[{\"@type\":\"SearchAction\",\"target\":{\"@type\":\"EntryPoint\",\"urlTemplate\":\"https:\\\/\\\/www.1stdibs.com\\\/about\\\/?s={search_term_string}\"},\"query-input\":{\"@type\":\"PropertyValueSpecification\",\"valueRequired\":true,\"valueName\":\"search_term_string\"}}],\"inLanguage\":\"de-DE\"},{\"@type\":\"Organization\",\"@id\":\"https:\\\/\\\/www.1stdibs.com\\\/about\\\/#organization\",\"name\":\"1stDibs\",\"url\":\"https:\\\/\\\/www.1stdibs.com\\\/about\\\/\",\"logo\":{\"@type\":\"ImageObject\",\"inLanguage\":\"de-DE\",\"@id\":\"https:\\\/\\\/www.1stdibs.com\\\/about\\\/#\\\/schema\\\/logo\\\/image\\\/\",\"url\":\"https:\\\/\\\/www.1stdibs.com\\\/about\\\/wp-content\\\/uploads\\\/2020\\\/08\\\/1stdibs-logo-black-on-white-500px-padding.png\",\"contentUrl\":\"https:\\\/\\\/www.1stdibs.com\\\/about\\\/wp-content\\\/uploads\\\/2020\\\/08\\\/1stdibs-logo-black-on-white-500px-padding.png\",\"width\":500,\"height\":184,\"caption\":\"1stDibs\"},\"image\":{\"@id\":\"https:\\\/\\\/www.1stdibs.com\\\/about\\\/#\\\/schema\\\/logo\\\/image\\\/\"},\"sameAs\":[\"https:\\\/\\\/www.facebook.com\\\/1stdibs\",\"https:\\\/\\\/x.com\\\/1stDibs\",\"https:\\\/\\\/instagram.com\\\/1stdibs\\\/\",\"https:\\\/\\\/www.linkedin.com\\\/company\\\/1stdibs-com\\\/\",\"https:\\\/\\\/www.pinterest.com\\\/1stdibs\\\/\"]}]}<\/script>\n<!-- \/ Yoast SEO plugin. -->","yoast_head_json":{"title":"1stDibs-Bewertungen und Erfahrungsberichte | Mehr als 75.000 5-Sterne-Bewertungen","description":"Finden Sie heraus, warum Design-Begeisterte nicht genug von 1stDibs bekommen k\u00f6nnen. Erfahren Sie mithilfe von 1stDibs-Bewertungen und Erfahrungsberichten von echten Kund*innen, warum sie immer wieder \u00fcber 1stDibs kaufen. Werden Sie Teil der Community anspruchsvoller K\u00e4ufer*innen, die wegen der einzigartig breiten Auswahl und herausragenden Unterst\u00fctzung auf 1stDibs vertrauen.","robots":{"index":"index","follow":"follow","max-snippet":"max-snippet:-1","max-image-preview":"max-image-preview:large","max-video-preview":"max-video-preview:-1"},"canonical":"https:\/\/www.1stdibs.com\/about\/de\/1stdibs-reviews\/","og_locale":"de_DE","og_type":"article","og_title":"1stDibs-Bewertungen und Erfahrungsberichte | Mehr als 75.000 5-Sterne-Bewertungen","og_description":"Finden Sie heraus, warum Design-Begeisterte nicht genug von 1stDibs bekommen k\u00f6nnen. Erfahren Sie mithilfe von 1stDibs-Bewertungen und Erfahrungsberichten von echten Kund*innen, warum sie immer wieder \u00fcber 1stDibs kaufen. Werden Sie Teil der Community anspruchsvoller K\u00e4ufer*innen, die wegen der einzigartig breiten Auswahl und herausragenden Unterst\u00fctzung auf 1stDibs vertrauen.","og_url":"https:\/\/www.1stdibs.com\/about\/de\/1stdibs-reviews\/","og_site_name":"1stDibs","article_publisher":"https:\/\/www.facebook.com\/1stdibs","article_modified_time":"2024-12-12T10:56:51+00:00","og_image":[{"url":"https:\/\/www.1stdibs.com\/about\/wp-content\/uploads\/2023\/03\/interior.webp","type":"","width":"","height":""}],"twitter_card":"summary_large_image","twitter_site":"@1stDibs","twitter_misc":{"Gesch\u00e4tzte Lesezeit":"9 Minuten"},"schema":{"@context":"https:\/\/schema.org","@graph":[{"@type":"WebPage","@id":"https:\/\/www.1stdibs.com\/about\/de\/1stdibs-reviews\/","url":"https:\/\/www.1stdibs.com\/about\/de\/1stdibs-reviews\/","name":"1stDibs-Bewertungen und Erfahrungsberichte | Mehr als 75.000 5-Sterne-Bewertungen","isPartOf":{"@id":"https:\/\/www.1stdibs.com\/about\/#website"},"primaryImageOfPage":{"@id":"https:\/\/www.1stdibs.com\/about\/de\/1stdibs-reviews\/#primaryimage"},"image":{"@id":"https:\/\/www.1stdibs.com\/about\/de\/1stdibs-reviews\/#primaryimage"},"thumbnailUrl":"https:\/\/www.1stdibs.com\/about\/wp-content\/uploads\/2023\/03\/interior.webp","datePublished":"2024-08-19T21:10:58+00:00","dateModified":"2024-12-12T10:56:51+00:00","description":"Finden Sie heraus, warum Design-Begeisterte nicht genug von 1stDibs bekommen k\u00f6nnen. Erfahren Sie mithilfe von 1stDibs-Bewertungen und Erfahrungsberichten von echten Kund*innen, warum sie immer wieder \u00fcber 1stDibs kaufen. Werden Sie Teil der Community anspruchsvoller K\u00e4ufer*innen, die wegen der einzigartig breiten Auswahl und herausragenden Unterst\u00fctzung auf 1stDibs vertrauen.","breadcrumb":{"@id":"https:\/\/www.1stdibs.com\/about\/de\/1stdibs-reviews\/#breadcrumb"},"inLanguage":"de-DE","potentialAction":[{"@type":"ReadAction","target":["https:\/\/www.1stdibs.com\/about\/de\/1stdibs-reviews\/"]}]},{"@type":"ImageObject","inLanguage":"de-DE","@id":"https:\/\/www.1stdibs.com\/about\/de\/1stdibs-reviews\/#primaryimage","url":"https:\/\/www.1stdibs.com\/about\/wp-content\/uploads\/2023\/03\/interior.webp","contentUrl":"https:\/\/www.1stdibs.com\/about\/wp-content\/uploads\/2023\/03\/interior.webp"},{"@type":"BreadcrumbList","@id":"https:\/\/www.1stdibs.com\/about\/de\/1stdibs-reviews\/#breadcrumb","itemListElement":[{"@type":"ListItem","position":1,"name":"Home","item":"https:\/\/www.1stdibs.com\/about\/de\/"},{"@type":"ListItem","position":2,"name":"1stDibs-Bewertungen und Erfahrungsberichte"}]},{"@type":"WebSite","@id":"https:\/\/www.1stdibs.com\/about\/#website","url":"https:\/\/www.1stdibs.com\/about\/","name":"1stDibs","description":"Antique and Modern Furniture, Jewelry, Fashion &amp; Art","publisher":{"@id":"https:\/\/www.1stdibs.com\/about\/#organization"},"potentialAction":[{"@type":"SearchAction","target":{"@type":"EntryPoint","urlTemplate":"https:\/\/www.1stdibs.com\/about\/?s={search_term_string}"},"query-input":{"@type":"PropertyValueSpecification","valueRequired":true,"valueName":"search_term_string"}}],"inLanguage":"de-DE"},{"@type":"Organization","@id":"https:\/\/www.1stdibs.com\/about\/#organization","name":"1stDibs","url":"https:\/\/www.1stdibs.com\/about\/","logo":{"@type":"ImageObject","inLanguage":"de-DE","@id":"https:\/\/www.1stdibs.com\/about\/#\/schema\/logo\/image\/","url":"https:\/\/www.1stdibs.com\/about\/wp-content\/uploads\/2020\/08\/1stdibs-logo-black-on-white-500px-padding.png","contentUrl":"https:\/\/www.1stdibs.com\/about\/wp-content\/uploads\/2020\/08\/1stdibs-logo-black-on-white-500px-padding.png","width":500,"height":184,"caption":"1stDibs"},"image":{"@id":"https:\/\/www.1stdibs.com\/about\/#\/schema\/logo\/image\/"},"sameAs":["https:\/\/www.facebook.com\/1stdibs","https:\/\/x.com\/1stDibs","https:\/\/instagram.com\/1stdibs\/","https:\/\/www.linkedin.com\/company\/1stdibs-com\/","https:\/\/www.pinterest.com\/1stdibs\/"]}]}},"_links":{"self":[{"href":"https:\/\/www.1stdibs.com\/about\/de\/wp-json\/wp\/v2\/pages\/1715","targetHints":{"allow":["GET"]}}],"collection":[{"href":"https:\/\/www.1stdibs.com\/about\/de\/wp-json\/wp\/v2\/pages"}],"about":[{"href":"https:\/\/www.1stdibs.com\/about\/de\/wp-json\/wp\/v2\/types\/page"}],"author":[{"embeddable":true,"href":"https:\/\/www.1stdibs.com\/about\/de\/wp-json\/wp\/v2\/users\/14"}],"replies":[{"embeddable":true,"href":"https:\/\/www.1stdibs.com\/about\/de\/wp-json\/wp\/v2\/comments?post=1715"}],"version-history":[{"count":0,"href":"https:\/\/www.1stdibs.com\/about\/de\/wp-json\/wp\/v2\/pages\/1715\/revisions"}],"wp:attachment":[{"href":"https:\/\/www.1stdibs.com\/about\/de\/wp-json\/wp\/v2\/media?parent=1715"}],"curies":[{"name":"wp","href":"https:\/\/api.w.org\/{rel}","templated":true}]}}