{"id":464,"date":"2022-04-14T18:34:21","date_gmt":"2022-04-14T18:34:21","guid":{"rendered":"https:\/\/www.1stdibs.com\/about\/?page_id=464"},"modified":"2024-05-27T11:32:07","modified_gmt":"2024-05-27T11:32:07","slug":"press","status":"publish","type":"page","link":"https:\/\/www.1stdibs.com\/about\/de\/press\/","title":{"rendered":"Presse"},"content":{"rendered":"\r\n<h2>1STDIBS IN THE PRESS<\/h2>\r\n<p>1stDibs is known around the world for offering some of the most beautiful things on earth. The domestic and international press often turns to 1stDibs&#8216; experts for news on the latest trends in home d\u00e9cor, interior design, vintage fashion and fine jewelry.<\/p>\r\n<p>Please direct all press inquiries and image\/shoot requests to <a href=\"mailto:pr@1stdibs.com\">1stDibs PR<\/a>.<\/p>\r\n\n\t<ul class=\"press-content-logobox\">\n\t\t\t\t\t<li class=\"press-content-list-item\">\n\t\t\t\t<img decoding=\"async\" class=\"press-content-list-img\" src=\"\/about\/wp-content\/uploads\/2019\/03\/the-new-york-times.png\" alt=\"\" title=\"The New York Times\">\n\t\t\t<\/li>\n\t\t\t\t\t<li class=\"press-content-list-item\">\n\t\t\t\t<img decoding=\"async\" class=\"press-content-list-img\" src=\"\/about\/wp-content\/uploads\/2019\/03\/financial-times.png\" alt=\"\" title=\"Financial Times\">\n\t\t\t<\/li>\n\t\t\t\t\t<li class=\"press-content-list-item\">\n\t\t\t\t<img decoding=\"async\" class=\"press-content-list-img\" src=\"\/about\/wp-content\/uploads\/2019\/03\/the-wall-street-journal.png\" alt=\"\" title=\"The Wall Street Journal\">\n\t\t\t<\/li>\n\t\t\t\t\t<li class=\"press-content-list-item\">\n\t\t\t\t<img decoding=\"async\" class=\"press-content-list-img\" src=\"\/about\/wp-content\/uploads\/2019\/03\/t-mag.png\" alt=\"\" title=\"T Mag\">\n\t\t\t<\/li>\n\t\t\t\t\t<li class=\"press-content-list-item\">\n\t\t\t\t<img decoding=\"async\" class=\"press-content-list-img\" src=\"\/about\/wp-content\/uploads\/2019\/03\/elle-decor.png\" alt=\"\" title=\"Elle Decor\">\n\t\t\t<\/li>\n\t\t\t\t\t<li class=\"press-content-list-item\">\n\t\t\t\t<img decoding=\"async\" class=\"press-content-list-img\" src=\"\/about\/wp-content\/uploads\/2019\/03\/vogue.png\" alt=\"\" title=\"VOGUE\">\n\t\t\t<\/li>\n\t\t\t\t\t<li class=\"press-content-list-item\">\n\t\t\t\t<img decoding=\"async\" class=\"press-content-list-img\" src=\"\/about\/wp-content\/uploads\/2019\/03\/departures-magazine.png\" alt=\"\" title=\"Departures Magazine\">\n\t\t\t<\/li>\n\t\t\t\t\t<li class=\"press-content-list-item\">\n\t\t\t\t<img decoding=\"async\" class=\"press-content-list-img\" src=\"\/about\/wp-content\/uploads\/2019\/03\/instyle.png\" alt=\"\" title=\"INSTYLE\">\n\t\t\t<\/li>\n\t\t\t\t\t<li class=\"press-content-list-item\">\n\t\t\t\t<img decoding=\"async\" class=\"press-content-list-img\" src=\"\/about\/wp-content\/uploads\/2019\/03\/people-mag.png\" alt=\"\" title=\"People Mag\">\n\t\t\t<\/li>\n\t\t\t\t\t<li class=\"press-content-list-item\">\n\t\t\t\t<img decoding=\"async\" class=\"press-content-list-img\" src=\"\/about\/wp-content\/uploads\/2019\/03\/artauction.png\" alt=\"\" title=\"Art Plus Action\">\n\t\t\t<\/li>\n\t\t\t\t\t<li class=\"press-content-list-item\">\n\t\t\t\t<img decoding=\"async\" class=\"press-content-list-img\" src=\"\/about\/wp-content\/uploads\/2019\/03\/martha.png\" alt=\"\" title=\"MARTHA\">\n\t\t\t<\/li>\n\t\t\t\t\t<li class=\"press-content-list-item\">\n\t\t\t\t<img decoding=\"async\" class=\"press-content-list-img\" src=\"\/about\/wp-content\/uploads\/2019\/03\/wwd.png\" alt=\"\" title=\"WWD\">\n\t\t\t<\/li>\n\t\t\t\t\t<li class=\"press-content-list-item\">\n\t\t\t\t<img decoding=\"async\" class=\"press-content-list-img\" src=\"\/about\/wp-content\/uploads\/2019\/03\/new-york-post.png\" alt=\"\" title=\"New York Post\">\n\t\t\t<\/li>\n\t\t\t\t\t<li class=\"press-content-list-item\">\n\t\t\t\t<img decoding=\"async\" class=\"press-content-list-img\" src=\"\/about\/wp-content\/uploads\/2019\/03\/d-all-things-digital.png\" alt=\"\" title=\"D All Things Digital\">\n\t\t\t<\/li>\n\t\t\t\t\t<li class=\"press-content-list-item\">\n\t\t\t\t<img decoding=\"async\" class=\"press-content-list-img\" src=\"\/about\/wp-content\/uploads\/2019\/03\/los-angeles-times.png\" alt=\"\" title=\"Log Angeles Times\">\n\t\t\t<\/li>\n\t\t\t\t\t<li class=\"press-content-list-item\">\n\t\t\t\t<img decoding=\"async\" class=\"press-content-list-img\" src=\"\/about\/wp-content\/uploads\/2019\/03\/new-york.png\" alt=\"\" title=\"New York\">\n\t\t\t<\/li>\n\t\t\t\t\t<li class=\"press-content-list-item\">\n\t\t\t\t<img decoding=\"async\" class=\"press-content-list-img\" src=\"\/about\/wp-content\/uploads\/2019\/03\/world-of-interiors.png\" alt=\"\" title=\"World Of Interiors\">\n\t\t\t<\/li>\n\t\t\t\t\t<li class=\"press-content-list-item\">\n\t\t\t\t<img decoding=\"async\" class=\"press-content-list-img\" src=\"\/about\/wp-content\/uploads\/2019\/03\/gazette.png\" alt=\"\" title=\"GAZETTE\">\n\t\t\t<\/li>\n\t\t\t\t\t<li class=\"press-content-list-item\">\n\t\t\t\t<img decoding=\"async\" class=\"press-content-list-img\" src=\"\/about\/wp-content\/uploads\/2019\/03\/hamptons-cottage.png\" alt=\"\" title=\"Hamptons Cottage\">\n\t\t\t<\/li>\n\t\t\t\t\t<li class=\"press-content-list-item\">\n\t\t\t\t<img decoding=\"async\" class=\"press-content-list-img\" src=\"\/about\/wp-content\/uploads\/2019\/03\/bloomberg-tv.png\" alt=\"\" title=\"Bloomberg\">\n\t\t\t<\/li>\n\t\t\t<\/ul>\n\t\t<script type=\"text\/javascript\">\n\t\t\tjQuery(function($) {\n\t\t\t\t$('.dibs-carousel-55').slick({\n\t\t\t\t\tinfinite: true,\n\t\t\t\t\tslidesToShow: 1,\n\t\t\t\t\tslidesToScroll: 1,\n\t\t\t\t\tdots: true,\n\t\t\t\t\tarrows: false,\n\t\t\t\t\tfade: true,\n\t\t\t\t\tautoplay: true,\n\t\t\t\t\tautoplaySpeed: 4000\n\t\t\t\t});\n\t\t\t});\n\t\t<\/script>\n\t\t\r\n","protected":false},"excerpt":{"rendered":"<p>1STDIBS IN THE PRESS 1stDibs is known around the world for offering some of the most beautiful things on earth. The domestic and international press often turns to 1stDibs&#8216; experts for news on the latest trends in home d\u00e9cor, interior design, vintage fashion and fine jewelry. Please direct all press inquiries and image\/shoot requests to [&hellip;]<\/p>\n","protected":false},"author":1,"featured_media":0,"parent":0,"menu_order":0,"comment_status":"closed","ping_status":"closed","template":"templates\/template-press.php","meta":{"_acf_changed":false,"footnotes":""},"class_list":["post-464","page","type-page","status-publish","hentry"],"acf":[],"yoast_head":"<!-- This site is optimized with the Yoast SEO plugin v27.3 - https:\/\/yoast.com\/product\/yoast-seo-wordpress\/ -->\n<title>1stDibs in der Presse<\/title>\n<meta name=\"description\" content=\"1stDibs in der Presse. 1stDibs findet sowohl in der internationalen als auch der nationalen Presse als f\u00fchrender Online-Marktplatz f\u00fcr sch\u00f6nes Design gro\u00dfe Beachtung.\" \/>\n<meta name=\"robots\" content=\"index, follow, max-snippet:-1, max-image-preview:large, max-video-preview:-1\" \/>\n<link rel=\"canonical\" href=\"https:\/\/www.1stdibs.com\/about\/de\/press\/\" \/>\n<meta property=\"og:locale\" content=\"de_DE\" \/>\n<meta property=\"og:type\" content=\"article\" \/>\n<meta property=\"og:title\" content=\"1stDibs in der Presse\" \/>\n<meta property=\"og:description\" content=\"1stDibs in der Presse. 1stDibs findet sowohl in der internationalen als auch der nationalen Presse als f\u00fchrender Online-Marktplatz f\u00fcr sch\u00f6nes Design gro\u00dfe Beachtung.\" \/>\n<meta property=\"og:url\" content=\"https:\/\/www.1stdibs.com\/about\/de\/press\/\" \/>\n<meta property=\"og:site_name\" content=\"1stDibs\" \/>\n<meta property=\"article:publisher\" content=\"https:\/\/www.facebook.com\/1stdibs\" \/>\n<meta property=\"article:modified_time\" content=\"2024-05-27T11:32:07+00:00\" \/>\n<meta property=\"og:image\" content=\"https:\/\/www.1stdibs.com\/about\/wp-content\/uploads\/2019\/03\/career-employees-banner.jpg\" \/>\n\t<meta property=\"og:image:width\" content=\"1025\" \/>\n\t<meta property=\"og:image:height\" content=\"350\" \/>\n\t<meta property=\"og:image:type\" content=\"image\/jpeg\" \/>\n<meta name=\"twitter:card\" content=\"summary_large_image\" \/>\n<meta name=\"twitter:site\" content=\"@1stDibs\" \/>\n<script type=\"application\/ld+json\" class=\"yoast-schema-graph\">{\"@context\":\"https:\\\/\\\/schema.org\",\"@graph\":[{\"@type\":\"WebPage\",\"@id\":\"https:\\\/\\\/www.1stdibs.com\\\/about\\\/de\\\/press\\\/\",\"url\":\"https:\\\/\\\/www.1stdibs.com\\\/about\\\/de\\\/press\\\/\",\"name\":\"1stDibs in der Presse\",\"isPartOf\":{\"@id\":\"https:\\\/\\\/www.1stdibs.com\\\/about\\\/#website\"},\"datePublished\":\"2022-04-14T18:34:21+00:00\",\"dateModified\":\"2024-05-27T11:32:07+00:00\",\"description\":\"1stDibs in der Presse. 1stDibs findet sowohl in der internationalen als auch der nationalen Presse als f\u00fchrender Online-Marktplatz f\u00fcr sch\u00f6nes Design gro\u00dfe Beachtung.\",\"breadcrumb\":{\"@id\":\"https:\\\/\\\/www.1stdibs.com\\\/about\\\/de\\\/press\\\/#breadcrumb\"},\"inLanguage\":\"de-DE\",\"potentialAction\":[{\"@type\":\"ReadAction\",\"target\":[\"https:\\\/\\\/www.1stdibs.com\\\/about\\\/de\\\/press\\\/\"]}]},{\"@type\":\"BreadcrumbList\",\"@id\":\"https:\\\/\\\/www.1stdibs.com\\\/about\\\/de\\\/press\\\/#breadcrumb\",\"itemListElement\":[{\"@type\":\"ListItem\",\"position\":1,\"name\":\"Home\",\"item\":\"https:\\\/\\\/www.1stdibs.com\\\/about\\\/de\\\/\"},{\"@type\":\"ListItem\",\"position\":2,\"name\":\"Presse\"}]},{\"@type\":\"WebSite\",\"@id\":\"https:\\\/\\\/www.1stdibs.com\\\/about\\\/#website\",\"url\":\"https:\\\/\\\/www.1stdibs.com\\\/about\\\/\",\"name\":\"1stDibs\",\"description\":\"Antique and Modern Furniture, Jewelry, Fashion &amp; Art\",\"publisher\":{\"@id\":\"https:\\\/\\\/www.1stdibs.com\\\/about\\\/#organization\"},\"potentialAction\":[{\"@type\":\"SearchAction\",\"target\":{\"@type\":\"EntryPoint\",\"urlTemplate\":\"https:\\\/\\\/www.1stdibs.com\\\/about\\\/?s={search_term_string}\"},\"query-input\":{\"@type\":\"PropertyValueSpecification\",\"valueRequired\":true,\"valueName\":\"search_term_string\"}}],\"inLanguage\":\"de-DE\"},{\"@type\":\"Organization\",\"@id\":\"https:\\\/\\\/www.1stdibs.com\\\/about\\\/#organization\",\"name\":\"1stDibs\",\"url\":\"https:\\\/\\\/www.1stdibs.com\\\/about\\\/\",\"logo\":{\"@type\":\"ImageObject\",\"inLanguage\":\"de-DE\",\"@id\":\"https:\\\/\\\/www.1stdibs.com\\\/about\\\/#\\\/schema\\\/logo\\\/image\\\/\",\"url\":\"https:\\\/\\\/www.1stdibs.com\\\/about\\\/wp-content\\\/uploads\\\/2020\\\/08\\\/1stdibs-logo-black-on-white-500px-padding.png\",\"contentUrl\":\"https:\\\/\\\/www.1stdibs.com\\\/about\\\/wp-content\\\/uploads\\\/2020\\\/08\\\/1stdibs-logo-black-on-white-500px-padding.png\",\"width\":500,\"height\":184,\"caption\":\"1stDibs\"},\"image\":{\"@id\":\"https:\\\/\\\/www.1stdibs.com\\\/about\\\/#\\\/schema\\\/logo\\\/image\\\/\"},\"sameAs\":[\"https:\\\/\\\/www.facebook.com\\\/1stdibs\",\"https:\\\/\\\/x.com\\\/1stDibs\",\"https:\\\/\\\/instagram.com\\\/1stdibs\\\/\",\"https:\\\/\\\/www.linkedin.com\\\/company\\\/1stdibs-com\\\/\",\"https:\\\/\\\/www.pinterest.com\\\/1stdibs\\\/\"]}]}<\/script>\n<!-- \/ Yoast SEO plugin. -->","yoast_head_json":{"title":"1stDibs in der Presse","description":"1stDibs in der Presse. 1stDibs findet sowohl in der internationalen als auch der nationalen Presse als f\u00fchrender Online-Marktplatz f\u00fcr sch\u00f6nes Design gro\u00dfe Beachtung.","robots":{"index":"index","follow":"follow","max-snippet":"max-snippet:-1","max-image-preview":"max-image-preview:large","max-video-preview":"max-video-preview:-1"},"canonical":"https:\/\/www.1stdibs.com\/about\/de\/press\/","og_locale":"de_DE","og_type":"article","og_title":"1stDibs in der Presse","og_description":"1stDibs in der Presse. 1stDibs findet sowohl in der internationalen als auch der nationalen Presse als f\u00fchrender Online-Marktplatz f\u00fcr sch\u00f6nes Design gro\u00dfe Beachtung.","og_url":"https:\/\/www.1stdibs.com\/about\/de\/press\/","og_site_name":"1stDibs","article_publisher":"https:\/\/www.facebook.com\/1stdibs","article_modified_time":"2024-05-27T11:32:07+00:00","og_image":[{"width":1025,"height":350,"url":"https:\/\/www.1stdibs.com\/about\/wp-content\/uploads\/2019\/03\/career-employees-banner.jpg","type":"image\/jpeg"}],"twitter_card":"summary_large_image","twitter_site":"@1stDibs","schema":{"@context":"https:\/\/schema.org","@graph":[{"@type":"WebPage","@id":"https:\/\/www.1stdibs.com\/about\/de\/press\/","url":"https:\/\/www.1stdibs.com\/about\/de\/press\/","name":"1stDibs in der Presse","isPartOf":{"@id":"https:\/\/www.1stdibs.com\/about\/#website"},"datePublished":"2022-04-14T18:34:21+00:00","dateModified":"2024-05-27T11:32:07+00:00","description":"1stDibs in der Presse. 1stDibs findet sowohl in der internationalen als auch der nationalen Presse als f\u00fchrender Online-Marktplatz f\u00fcr sch\u00f6nes Design gro\u00dfe Beachtung.","breadcrumb":{"@id":"https:\/\/www.1stdibs.com\/about\/de\/press\/#breadcrumb"},"inLanguage":"de-DE","potentialAction":[{"@type":"ReadAction","target":["https:\/\/www.1stdibs.com\/about\/de\/press\/"]}]},{"@type":"BreadcrumbList","@id":"https:\/\/www.1stdibs.com\/about\/de\/press\/#breadcrumb","itemListElement":[{"@type":"ListItem","position":1,"name":"Home","item":"https:\/\/www.1stdibs.com\/about\/de\/"},{"@type":"ListItem","position":2,"name":"Presse"}]},{"@type":"WebSite","@id":"https:\/\/www.1stdibs.com\/about\/#website","url":"https:\/\/www.1stdibs.com\/about\/","name":"1stDibs","description":"Antique and Modern Furniture, Jewelry, Fashion &amp; Art","publisher":{"@id":"https:\/\/www.1stdibs.com\/about\/#organization"},"potentialAction":[{"@type":"SearchAction","target":{"@type":"EntryPoint","urlTemplate":"https:\/\/www.1stdibs.com\/about\/?s={search_term_string}"},"query-input":{"@type":"PropertyValueSpecification","valueRequired":true,"valueName":"search_term_string"}}],"inLanguage":"de-DE"},{"@type":"Organization","@id":"https:\/\/www.1stdibs.com\/about\/#organization","name":"1stDibs","url":"https:\/\/www.1stdibs.com\/about\/","logo":{"@type":"ImageObject","inLanguage":"de-DE","@id":"https:\/\/www.1stdibs.com\/about\/#\/schema\/logo\/image\/","url":"https:\/\/www.1stdibs.com\/about\/wp-content\/uploads\/2020\/08\/1stdibs-logo-black-on-white-500px-padding.png","contentUrl":"https:\/\/www.1stdibs.com\/about\/wp-content\/uploads\/2020\/08\/1stdibs-logo-black-on-white-500px-padding.png","width":500,"height":184,"caption":"1stDibs"},"image":{"@id":"https:\/\/www.1stdibs.com\/about\/#\/schema\/logo\/image\/"},"sameAs":["https:\/\/www.facebook.com\/1stdibs","https:\/\/x.com\/1stDibs","https:\/\/instagram.com\/1stdibs\/","https:\/\/www.linkedin.com\/company\/1stdibs-com\/","https:\/\/www.pinterest.com\/1stdibs\/"]}]}},"_links":{"self":[{"href":"https:\/\/www.1stdibs.com\/about\/de\/wp-json\/wp\/v2\/pages\/464","targetHints":{"allow":["GET"]}}],"collection":[{"href":"https:\/\/www.1stdibs.com\/about\/de\/wp-json\/wp\/v2\/pages"}],"about":[{"href":"https:\/\/www.1stdibs.com\/about\/de\/wp-json\/wp\/v2\/types\/page"}],"author":[{"embeddable":true,"href":"https:\/\/www.1stdibs.com\/about\/de\/wp-json\/wp\/v2\/users\/1"}],"replies":[{"embeddable":true,"href":"https:\/\/www.1stdibs.com\/about\/de\/wp-json\/wp\/v2\/comments?post=464"}],"version-history":[{"count":0,"href":"https:\/\/www.1stdibs.com\/about\/de\/wp-json\/wp\/v2\/pages\/464\/revisions"}],"wp:attachment":[{"href":"https:\/\/www.1stdibs.com\/about\/de\/wp-json\/wp\/v2\/media?parent=464"}],"curies":[{"name":"wp","href":"https:\/\/api.w.org\/{rel}","templated":true}]}}