{"id":465,"date":"2022-04-14T18:34:51","date_gmt":"2022-04-14T18:34:51","guid":{"rendered":"https:\/\/www.1stdibs.com\/about\/?page_id=465"},"modified":"2022-04-14T18:37:54","modified_gmt":"2022-04-14T18:37:54","slug":"vetted-sellers","status":"publish","type":"page","link":"https:\/\/www.1stdibs.com\/about\/de\/vetted-sellers\/","title":{"rendered":"Gepr\u00fcfte Verk\u00e4ufer*innen"},"content":{"rendered":"\n\n\t<h1>Ein branchenf\u00fchrender \u00dcberpr\u00fcfungsprozess<\/h1>\n\t<h2>Unser zuverl\u00e4ssiges Anbieternetzwerk<\/h2>\n\t<p>1stDibs arbeitet mit mehr als 4.000 zuverl\u00e4ssigen Anbieter*innen auf der ganzen Welt zusammen. Im Gegensatz zu anderen Websites lassen wir nur Anbieter*innen zu, die auf ihrem Gebiet anerkannte Fachleute sind, und erlauben keine Angebote von Privatpersonen an Privatpersonen. Alle Verk\u00e4ufer*innen werden von unseren internen Fachleuten einer umfassenden Bewertung unterzogen, um die Integrit\u00e4t ihrer Angebote und die Qualit\u00e4t ihrer Dienstleistungen zu \u00fcberpr\u00fcfen. Das Vertrauen, das wir in unser au\u00dfergew\u00f6hnliches Angebot haben, ist eine direkte Folge unserer strengen \u00dcberpr\u00fcfung der Verk\u00e4ufer*innen.<\/p>\n\t<h2>Unser \u00dcberpr\u00fcfungsverfahren<\/h2>\n\t<p>Bevor ihre Objekte auf 1stDibs gezeigt werden, m\u00fcssen alle Anbieter*innen eine Bewerbung einreichen, die von unserem Expertenteam f\u00fcr zeitgen\u00f6ssische und antike M\u00f6bel, Kunst, Schmuck und Mode gepr\u00fcft wird. Alle Verk\u00e4ufer*innen werden nach der Eignung und Qualit\u00e4t ihres Angebots bewertet. Dies kann die Anforderung von Mustern zur Beurteilung einer Kollektion, pers\u00f6nliche Besuche in den Werkst\u00e4tten potenzieller Verk\u00e4ufer*innen, die Pr\u00fcfung von Pr\u00e4senzen in den sozialen Medien und branchenbezogener Berichte sowie eine \u00dcberpr\u00fcfung ihrer Interaktion mit der Kundschaft beinhalten, um ihr Service-Engagement und den Ruf in der Branche zu beurteilen.<\/p>\n\t\t\t\t<img loading=\"lazy\" decoding=\"async\" src=\"https:\/\/www.1stdibs.com\/about\/wp-content\/uploads\/2020\/08\/morentzshop-1.jpg\" alt=\"morentzshop-1\" itemprop=\"image\" height=\"600\" width=\"800\" title=\"morentzshop-1\" onerror=\"this.style.display='none'\"  \/>\n\t\t\t\t<img loading=\"lazy\" decoding=\"async\" src=\"https:\/\/www.1stdibs.com\/about\/wp-content\/uploads\/2020\/07\/picasso.jpg\" alt=\"picasso\" itemprop=\"image\" height=\"600\" width=\"800\" title=\"picasso\" onerror=\"this.style.display='none'\"  \/>\n\t<h2>Wir stehen zu unseren Angeboten\u00a0<\/h2>\n\t<p>1stDibs m\u00f6chte seiner Kundschaft die Sicherheit geben, dass die erworbenen Objekte h\u00f6chste Marktstandards erf\u00fcllen. Darum setzen wir branchenf\u00fchrende Standards und verlangen von unseren Anbieter*innen, dass sie diese Standards einhalten. Unser internes Expertenteam pr\u00fcft proaktiv den Bestand, um eine exakte Darstellung zu gew\u00e4hrleisten. Wenn Verk\u00e4ufer*innen unsere Standards nicht einhalten, nehmen wir uns sofort dieser Angelegenheit an. Wir versuchen, alle Probleme durch gegenseitigen Austausch, Coaching und Nachfassen zu l\u00f6sen. Wenn das jedoch nicht gelingt, wird der*die Verk\u00e4ufer*in ausgeschlossen.<\/p>\n\t<h2>Erstklassige Kompetenz<\/h2>\n\t<p>Zus\u00e4tzlich zu unserem Netzwerk sachkundiger Verk\u00e4ufer*innen verf\u00fcgt 1stDibs \u00fcber ein Team von internen und externen Fachkr\u00e4ften aus den f\u00fchrenden Auktions- und Einzelhandelsh\u00e4usern, legend\u00e4ren Marken sowie den renommiertesten Kunst- und Design-Unternehmen der Branche. Unser \u00dcberpr\u00fcfungsprozess wird von Branchenfachleuten geleitet, die \u00fcber Abschl\u00fcsse in Bereichen wie Kunst, Design, Gemmologie, Restaurierung und Kunsthandel sowie \u00fcber Zertifizierungen in Wertermittlung, Schmuckexpertise, -kennerschaft und mehr verf\u00fcgen. Dar\u00fcber hinaus arbeiten wir mit mehr als 25 f\u00fchrenden Nachlassverwaltungen und Stiftungen zusammen, um die Authentizit\u00e4t der Werke zu gew\u00e4hrleisten, die den von ihnen vertretenen K\u00fcnstler*innen und Designer*innen zugeschrieben werden.<\/p>\n\t\t\t\t<img loading=\"lazy\" decoding=\"async\" src=\"https:\/\/www.1stdibs.com\/about\/wp-content\/uploads\/2020\/07\/expertise.jpg\" alt=\"expertise\" itemprop=\"image\" height=\"600\" width=\"800\" title=\"expertise\" onerror=\"this.style.display='none'\"  \/>\n\t<h2>Das \u00dcberpr\u00fcfungsteam von 1stDibs ist auf die folgenden Bereiche spezialisiert:<\/h2>\n\t<p>Italienische Beleuchtung + Design<\/p>\n<p>Schmuck + Uhren<\/p>\n<p>Mid-Century- + Brasilianisches Design<\/p>\n<p>Mode + Handtaschen<\/p>\n\t<p>Stammeskunst + Kunstobjekte<\/p>\n<p>Druckgrafiken + Multiples<\/p>\n<p>Fotografie<\/p>\n<p>B\u00fccher + Manuskripte<\/p>\n\t<p>Antiquit\u00e4ten<\/p>\n<p>Asiatische Kunst + Kunstobjekte<\/p>\n<p>Design des 20. Jahrhunderts<\/p>\n<p>Alte Meister + Kunst des 20. Jahrhunderts<\/p>\n\t<p>Zeitgen\u00f6ssische Kunst<\/p>\n<p>Teppiche + L\u00e4ufer<\/p>\n<p>Gartenstatuen<\/p>\n<p>Zeitgen\u00f6ssisches Design<\/p>\n\n","protected":false},"excerpt":{"rendered":"<p>Ein branchenf\u00fchrender \u00dcberpr\u00fcfungsprozess Unser zuverl\u00e4ssiges Anbieternetzwerk 1stDibs arbeitet mit mehr als 4.000 zuverl\u00e4ssigen Anbieter*innen auf der ganzen Welt zusammen. Im Gegensatz zu anderen Websites lassen wir nur Anbieter*innen zu, die auf ihrem Gebiet anerkannte Fachleute sind, und erlauben keine Angebote von Privatpersonen an Privatpersonen. Alle Verk\u00e4ufer*innen werden von unseren internen Fachleuten einer umfassenden Bewertung unterzogen, [&hellip;]<\/p>\n","protected":false},"author":14,"featured_media":0,"parent":0,"menu_order":0,"comment_status":"closed","ping_status":"closed","template":"templates\/template-promise.php","meta":{"_acf_changed":false,"footnotes":""},"class_list":["post-465","page","type-page","status-publish","hentry"],"acf":[],"yoast_head":"<!-- This site is optimized with the Yoast SEO plugin v27.2 - https:\/\/yoast.com\/product\/yoast-seo-wordpress\/ -->\n<title>Gepr\u00fcfte Verk\u00e4ufer*innen - 1stDibs<\/title>\n<meta name=\"robots\" content=\"index, follow, max-snippet:-1, max-image-preview:large, max-video-preview:-1\" \/>\n<link rel=\"canonical\" href=\"https:\/\/www.1stdibs.com\/about\/de\/vetted-sellers\/\" \/>\n<meta property=\"og:locale\" content=\"de_DE\" \/>\n<meta property=\"og:type\" content=\"article\" \/>\n<meta property=\"og:title\" content=\"Gepr\u00fcfte Verk\u00e4ufer*innen - 1stDibs\" \/>\n<meta property=\"og:description\" content=\"Ein branchenf\u00fchrender \u00dcberpr\u00fcfungsprozess Unser zuverl\u00e4ssiges Anbieternetzwerk 1stDibs arbeitet mit mehr als 4.000 zuverl\u00e4ssigen Anbieter*innen auf der ganzen Welt zusammen. Im Gegensatz zu anderen Websites lassen wir nur Anbieter*innen zu, die auf ihrem Gebiet anerkannte Fachleute sind, und erlauben keine Angebote von Privatpersonen an Privatpersonen. Alle Verk\u00e4ufer*innen werden von unseren internen Fachleuten einer umfassenden Bewertung unterzogen, [&hellip;]\" \/>\n<meta property=\"og:url\" content=\"https:\/\/www.1stdibs.com\/about\/de\/vetted-sellers\/\" \/>\n<meta property=\"og:site_name\" content=\"1stDibs\" \/>\n<meta property=\"article:publisher\" content=\"https:\/\/www.facebook.com\/1stdibs\" \/>\n<meta property=\"article:modified_time\" content=\"2022-04-14T18:37:54+00:00\" \/>\n<meta property=\"og:image\" content=\"https:\/\/www.1stdibs.com\/about\/wp-content\/uploads\/2020\/08\/morentzshop-1.jpg\" \/>\n<meta name=\"twitter:card\" content=\"summary_large_image\" \/>\n<meta name=\"twitter:site\" content=\"@1stDibs\" \/>\n<script type=\"application\/ld+json\" class=\"yoast-schema-graph\">{\"@context\":\"https:\/\/schema.org\",\"@graph\":[{\"@type\":\"WebPage\",\"@id\":\"https:\/\/www.1stdibs.com\/about\/de\/vetted-sellers\/\",\"url\":\"https:\/\/www.1stdibs.com\/about\/de\/vetted-sellers\/\",\"name\":\"Gepr\u00fcfte Verk\u00e4ufer*innen - 1stDibs\",\"isPartOf\":{\"@id\":\"https:\/\/www.1stdibs.com\/about\/#website\"},\"primaryImageOfPage\":{\"@id\":\"https:\/\/www.1stdibs.com\/about\/de\/vetted-sellers\/#primaryimage\"},\"image\":{\"@id\":\"https:\/\/www.1stdibs.com\/about\/de\/vetted-sellers\/#primaryimage\"},\"thumbnailUrl\":\"https:\/\/www.1stdibs.com\/about\/wp-content\/uploads\/2020\/08\/morentzshop-1.jpg\",\"datePublished\":\"2022-04-14T18:34:51+00:00\",\"dateModified\":\"2022-04-14T18:37:54+00:00\",\"breadcrumb\":{\"@id\":\"https:\/\/www.1stdibs.com\/about\/de\/vetted-sellers\/#breadcrumb\"},\"inLanguage\":\"de-DE\",\"potentialAction\":[{\"@type\":\"ReadAction\",\"target\":[\"https:\/\/www.1stdibs.com\/about\/de\/vetted-sellers\/\"]}]},{\"@type\":\"ImageObject\",\"inLanguage\":\"de-DE\",\"@id\":\"https:\/\/www.1stdibs.com\/about\/de\/vetted-sellers\/#primaryimage\",\"url\":\"https:\/\/www.1stdibs.com\/about\/wp-content\/uploads\/2020\/08\/morentzshop-1.jpg\",\"contentUrl\":\"https:\/\/www.1stdibs.com\/about\/wp-content\/uploads\/2020\/08\/morentzshop-1.jpg\"},{\"@type\":\"BreadcrumbList\",\"@id\":\"https:\/\/www.1stdibs.com\/about\/de\/vetted-sellers\/#breadcrumb\",\"itemListElement\":[{\"@type\":\"ListItem\",\"position\":1,\"name\":\"Home\",\"item\":\"https:\/\/www.1stdibs.com\/about\/de\/\"},{\"@type\":\"ListItem\",\"position\":2,\"name\":\"Gepr\u00fcfte Verk\u00e4ufer*innen\"}]},{\"@type\":\"WebSite\",\"@id\":\"https:\/\/www.1stdibs.com\/about\/#website\",\"url\":\"https:\/\/www.1stdibs.com\/about\/\",\"name\":\"1stDibs\",\"description\":\"Antique and Modern Furniture, Jewelry, Fashion &amp; Art\",\"publisher\":{\"@id\":\"https:\/\/www.1stdibs.com\/about\/#organization\"},\"potentialAction\":[{\"@type\":\"SearchAction\",\"target\":{\"@type\":\"EntryPoint\",\"urlTemplate\":\"https:\/\/www.1stdibs.com\/about\/?s={search_term_string}\"},\"query-input\":{\"@type\":\"PropertyValueSpecification\",\"valueRequired\":true,\"valueName\":\"search_term_string\"}}],\"inLanguage\":\"de-DE\"},{\"@type\":\"Organization\",\"@id\":\"https:\/\/www.1stdibs.com\/about\/#organization\",\"name\":\"1stDibs\",\"url\":\"https:\/\/www.1stdibs.com\/about\/\",\"logo\":{\"@type\":\"ImageObject\",\"inLanguage\":\"de-DE\",\"@id\":\"https:\/\/www.1stdibs.com\/about\/#\/schema\/logo\/image\/\",\"url\":\"https:\/\/www.1stdibs.com\/about\/wp-content\/uploads\/2020\/08\/1stdibs-logo-black-on-white-500px-padding.png\",\"contentUrl\":\"https:\/\/www.1stdibs.com\/about\/wp-content\/uploads\/2020\/08\/1stdibs-logo-black-on-white-500px-padding.png\",\"width\":500,\"height\":184,\"caption\":\"1stDibs\"},\"image\":{\"@id\":\"https:\/\/www.1stdibs.com\/about\/#\/schema\/logo\/image\/\"},\"sameAs\":[\"https:\/\/www.facebook.com\/1stdibs\",\"https:\/\/x.com\/1stDibs\",\"https:\/\/instagram.com\/1stdibs\/\",\"https:\/\/www.linkedin.com\/company\/1stdibs-com\/\",\"https:\/\/www.pinterest.com\/1stdibs\/\"]}]}<\/script>\n<!-- \/ Yoast SEO plugin. -->","yoast_head_json":{"title":"Gepr\u00fcfte Verk\u00e4ufer*innen - 1stDibs","robots":{"index":"index","follow":"follow","max-snippet":"max-snippet:-1","max-image-preview":"max-image-preview:large","max-video-preview":"max-video-preview:-1"},"canonical":"https:\/\/www.1stdibs.com\/about\/de\/vetted-sellers\/","og_locale":"de_DE","og_type":"article","og_title":"Gepr\u00fcfte Verk\u00e4ufer*innen - 1stDibs","og_description":"Ein branchenf\u00fchrender \u00dcberpr\u00fcfungsprozess Unser zuverl\u00e4ssiges Anbieternetzwerk 1stDibs arbeitet mit mehr als 4.000 zuverl\u00e4ssigen Anbieter*innen auf der ganzen Welt zusammen. Im Gegensatz zu anderen Websites lassen wir nur Anbieter*innen zu, die auf ihrem Gebiet anerkannte Fachleute sind, und erlauben keine Angebote von Privatpersonen an Privatpersonen. Alle Verk\u00e4ufer*innen werden von unseren internen Fachleuten einer umfassenden Bewertung unterzogen, [&hellip;]","og_url":"https:\/\/www.1stdibs.com\/about\/de\/vetted-sellers\/","og_site_name":"1stDibs","article_publisher":"https:\/\/www.facebook.com\/1stdibs","article_modified_time":"2022-04-14T18:37:54+00:00","og_image":[{"url":"https:\/\/www.1stdibs.com\/about\/wp-content\/uploads\/2020\/08\/morentzshop-1.jpg","type":"","width":"","height":""}],"twitter_card":"summary_large_image","twitter_site":"@1stDibs","schema":{"@context":"https:\/\/schema.org","@graph":[{"@type":"WebPage","@id":"https:\/\/www.1stdibs.com\/about\/de\/vetted-sellers\/","url":"https:\/\/www.1stdibs.com\/about\/de\/vetted-sellers\/","name":"Gepr\u00fcfte Verk\u00e4ufer*innen - 1stDibs","isPartOf":{"@id":"https:\/\/www.1stdibs.com\/about\/#website"},"primaryImageOfPage":{"@id":"https:\/\/www.1stdibs.com\/about\/de\/vetted-sellers\/#primaryimage"},"image":{"@id":"https:\/\/www.1stdibs.com\/about\/de\/vetted-sellers\/#primaryimage"},"thumbnailUrl":"https:\/\/www.1stdibs.com\/about\/wp-content\/uploads\/2020\/08\/morentzshop-1.jpg","datePublished":"2022-04-14T18:34:51+00:00","dateModified":"2022-04-14T18:37:54+00:00","breadcrumb":{"@id":"https:\/\/www.1stdibs.com\/about\/de\/vetted-sellers\/#breadcrumb"},"inLanguage":"de-DE","potentialAction":[{"@type":"ReadAction","target":["https:\/\/www.1stdibs.com\/about\/de\/vetted-sellers\/"]}]},{"@type":"ImageObject","inLanguage":"de-DE","@id":"https:\/\/www.1stdibs.com\/about\/de\/vetted-sellers\/#primaryimage","url":"https:\/\/www.1stdibs.com\/about\/wp-content\/uploads\/2020\/08\/morentzshop-1.jpg","contentUrl":"https:\/\/www.1stdibs.com\/about\/wp-content\/uploads\/2020\/08\/morentzshop-1.jpg"},{"@type":"BreadcrumbList","@id":"https:\/\/www.1stdibs.com\/about\/de\/vetted-sellers\/#breadcrumb","itemListElement":[{"@type":"ListItem","position":1,"name":"Home","item":"https:\/\/www.1stdibs.com\/about\/de\/"},{"@type":"ListItem","position":2,"name":"Gepr\u00fcfte Verk\u00e4ufer*innen"}]},{"@type":"WebSite","@id":"https:\/\/www.1stdibs.com\/about\/#website","url":"https:\/\/www.1stdibs.com\/about\/","name":"1stDibs","description":"Antique and Modern Furniture, Jewelry, Fashion &amp; Art","publisher":{"@id":"https:\/\/www.1stdibs.com\/about\/#organization"},"potentialAction":[{"@type":"SearchAction","target":{"@type":"EntryPoint","urlTemplate":"https:\/\/www.1stdibs.com\/about\/?s={search_term_string}"},"query-input":{"@type":"PropertyValueSpecification","valueRequired":true,"valueName":"search_term_string"}}],"inLanguage":"de-DE"},{"@type":"Organization","@id":"https:\/\/www.1stdibs.com\/about\/#organization","name":"1stDibs","url":"https:\/\/www.1stdibs.com\/about\/","logo":{"@type":"ImageObject","inLanguage":"de-DE","@id":"https:\/\/www.1stdibs.com\/about\/#\/schema\/logo\/image\/","url":"https:\/\/www.1stdibs.com\/about\/wp-content\/uploads\/2020\/08\/1stdibs-logo-black-on-white-500px-padding.png","contentUrl":"https:\/\/www.1stdibs.com\/about\/wp-content\/uploads\/2020\/08\/1stdibs-logo-black-on-white-500px-padding.png","width":500,"height":184,"caption":"1stDibs"},"image":{"@id":"https:\/\/www.1stdibs.com\/about\/#\/schema\/logo\/image\/"},"sameAs":["https:\/\/www.facebook.com\/1stdibs","https:\/\/x.com\/1stDibs","https:\/\/instagram.com\/1stdibs\/","https:\/\/www.linkedin.com\/company\/1stdibs-com\/","https:\/\/www.pinterest.com\/1stdibs\/"]}]}},"_links":{"self":[{"href":"https:\/\/www.1stdibs.com\/about\/de\/wp-json\/wp\/v2\/pages\/465","targetHints":{"allow":["GET"]}}],"collection":[{"href":"https:\/\/www.1stdibs.com\/about\/de\/wp-json\/wp\/v2\/pages"}],"about":[{"href":"https:\/\/www.1stdibs.com\/about\/de\/wp-json\/wp\/v2\/types\/page"}],"author":[{"embeddable":true,"href":"https:\/\/www.1stdibs.com\/about\/de\/wp-json\/wp\/v2\/users\/14"}],"replies":[{"embeddable":true,"href":"https:\/\/www.1stdibs.com\/about\/de\/wp-json\/wp\/v2\/comments?post=465"}],"version-history":[{"count":0,"href":"https:\/\/www.1stdibs.com\/about\/de\/wp-json\/wp\/v2\/pages\/465\/revisions"}],"wp:attachment":[{"href":"https:\/\/www.1stdibs.com\/about\/de\/wp-json\/wp\/v2\/media?parent=465"}],"curies":[{"name":"wp","href":"https:\/\/api.w.org\/{rel}","templated":true}]}}