{"id":466,"date":"2022-04-14T18:39:25","date_gmt":"2022-04-14T18:39:25","guid":{"rendered":"https:\/\/www.1stdibs.com\/about\/?page_id=466"},"modified":"2022-05-12T19:57:52","modified_gmt":"2022-05-12T19:57:52","slug":"promise","status":"publish","type":"page","link":"https:\/\/www.1stdibs.com\/about\/de\/promise\/","title":{"rendered":"Das Versprechen von 1stDibs"},"content":{"rendered":"\n\n\t\t\t\t<img loading=\"lazy\" decoding=\"async\" src=\"https:\/\/www.1stdibs.com\/about\/wp-content\/uploads\/2020\/07\/promisehero-scaled.jpg\" alt=\"promisehero\" itemprop=\"image\" height=\"810\" width=\"2560\" title=\"promisehero\" onerror=\"this.style.display='none'\"  \/>\n\t<h1>Unser Versprechen an Sie<\/h1>\n\t<h3>1stDibs ist es sehr wichtig, dass Sie mit jedem Kauf rundum zufrieden sind. Wir sind ein Netzwerk aus Design-Liebhaber*innen und setzen alles daran, dass Ihr Einkaufserlebnis Sie begeistern wird.<\/h3>\n\t<h2>Von Expert*innen gepr\u00fcfte Verk\u00e4ufer*innen<\/h2>\n\t<p>Wir stellen sicher, dass alle unsere Anbieter*innen strenge Service- und Qualit\u00e4tsstandards einhalten, um die Integrit\u00e4t unserer Angebote zu gew\u00e4hrleisten.<\/p>\n<p><a href=\"#vettedsellers\">WEITERE INFORMATIONEN<\/a><\/p>\n\t<h2>Sichere Bezahlung<\/h2>\n\t<p>Wir akzeptieren mehrere Zahlungsm\u00f6glichkeiten und bieten einen umfassenden Schutz vor Betrug.<\/p>\n<p><a href=\"https:\/\/support.1stdibs.com\/s\/article\/Checking-Out-on-1stdibs?_ga=2.107748678.579186719.1595861642-1939235644.1568918953&amp;_gac=1.213182112.1595256130.EAIaIQobChMIlszC89nP6gIVV-DICh2bEQhnEAQYBSABEgIZMvD_BwE\">WEITERE INFORMATIONEN<\/a><\/p>\n\t<h2>Preisgarantie<\/h2>\n\t<p>Wenn Sie feststellen, dass dasselbe Objekt anderswo zu einem niedrigeren Preis angeboten wird, passen wir unseren Preis entsprechend an.<\/p>\n<p><a href=\"#pricematch\">WEITERE INFORMATIONEN<\/a><\/p>\n\t<h2>Herausragender Support<\/h2>\n\t<p>Unsere engagierten Fachkr\u00e4fte k\u00fcmmern sich um alle Fragen und Anliegen zu Ihrer Bestellung.<\/p>\n<p><a href=\"https:\/\/support.1stdibs.com\/s\/?_ga=2.106634823.579186719.1595861642-1939235644.1568918953&amp;_gac=1.208268582.1595256130.EAIaIQobChMIlszC89nP6gIVV-DICh2bEQhnEAQYBSABEgIZMvD_BwE\">WEITERE INFORMATIONEN<\/a><\/p>\n\t<h2>Unkomplizierte Stornierungen<\/h2>\n\t<p>Sie k\u00f6nnen Ihren Kauf problemlos 24 Stunden lang \u00fcberdenken.<\/p>\n<p><a href=\"https:\/\/support.1stdibs.com\/s\/article\/Cancellation-Policy?_ga=2.101972293.579186719.1595861642-1939235644.1568918953&amp;_gac=1.3293700.1595256130.EAIaIQobChMIlszC89nP6gIVV-DICh2bEQhnEAQYBSABEgIZMvD_BwE\">WEITERE INFORMATIONEN<\/a><\/p>\n\t<h2>K\u00e4uferschutz<\/h2>\n\t<p>Wenn Ihr Objekt nicht im beschriebenen Zustand bei Ihnen ankommt, arbeiten wir mit Ihnen und dem*der jeweiligen Anbieter*in zusammen, um die Angelegenheit zu regeln.<\/p>\n<p><a href=\"#buyerprotection\">WEITERE INFORMATIONEN<\/a><\/p>\n\t<h2>Weltweit versicherter Versand<\/h2>\n\t<p>Durch unsere Partnerschaft mit f\u00fchrenden Logistikunternehmen k\u00f6nnen wir eine vollst\u00e4ndig versicherte Zustellung an fast alle Orte der Welt erm\u00f6glichen.<\/p>\n<p><a href=\"https:\/\/support.1stdibs.com\/s\/article\/Shipping-Overview?_ga=2.101972293.579186719.1595861642-1939235644.1568918953&amp;_gac=1.3293700.1595256130.EAIaIQobChMIlszC89nP6gIVV-DICh2bEQhnEAQYBSABEgIZMvD_BwE\">WEITERE INFORMATIONEN<\/a><\/p>\n\t<p>Von Expert*innen gepr\u00fcfte Verk\u00e4ufer*innen<\/p>\n\t<p>Unser Team verf\u00fcgt \u00fcber langj\u00e4hrige Branchenkenntnis und \u00fcberpr\u00fcft alle Verk\u00e4ufer*innen und Anbieter*innen sorgf\u00e4ltig. So stellen wir sicher, dass die Angebote auf 1stDibs unsere Qualit\u00e4tsanspr\u00fcche erf\u00fcllen und von erfahrenen Fachkr\u00e4ften stammen.<\/p>\n\t<p><a href=\"https:\/\/www.1stdibs.com\/about\/de\/vetted-sellers\/\">WEITERE INFORMATIONEN<\/a><\/p>\n\t<p>Preisgarantie<\/p>\n\t<h3>Wir erwarten von allen unseren Anbieter*innen, dass sie ihre besten Preise angeben. Wenn Sie feststellen, dass Verk\u00e4ufer*innen ein Objekt anderswo zu einem niedrigeren Preis anbieten, passen wir unseren Preis entsprechend an.<\/h3>\n\t<ul>\n<li>Die Preisgarantie gilt f\u00fcr ausgewiesene Listenpreise derselben Verk\u00e4ufer*innen f\u00fcr dasselbe Objekt.<\/li>\n<li>Um unsere Preisgarantie in Anspruch zu nehmen, wenden Sie sich innerhalb von sieben Kalendertagen nach dem Kauf mit einer Kopie des niedrigeren Listenpreises an unseren Kundenservice.<\/li>\n<\/ul>\n<p><a href=\"https:\/\/www.1stdibs.com\/de\/contact\/\">Kontaktieren Sie uns<\/a>, falls Sie weitere Informationen zu unserer Preisgarantie w\u00fcnschen.<\/p>\n\t<p>K\u00e4uferschutz<\/p>\n\t<h3>F\u00fcr den unwahrscheinlichen Fall, dass Sie ein Objekt erhalten, das erheblich von der Beschreibung abweicht oder w\u00e4hrend des Transports besch\u00e4digt wurde, arbeiten wir mit Ihnen und dem*der jeweiligen Anbieter*in zusammen, um die Angelegenheit zu regeln.<\/h3>\n\t<h2>F\u00fcr Ihren Einkauf <em> gilt der K\u00e4uferschutz<\/em> unter folgenden Umst\u00e4nden:<\/h2>\n\t<ul>\n<li>Die Bestellung wurde online \u00fcber unseren sicheren Bezahlvorgang durchgef\u00fchrt.<\/li>\n<li>Das Objekt weicht erheblich von der Beschreibung ab, wurde beim Transport besch\u00e4digt oder ist nicht angekommen.<\/li>\n<li>Sie haben das Problem innerhalb von sieben Kalendertagen nach dem Lieferdatum (oder dem versprochenen Lieferdatum f\u00fcr nicht gelieferte Objekte) gemeldet.<\/li>\n<li>Bitte beachten Sie: Wenn Sie Bedenken hinsichtlich der Echtheit haben, k\u00f6nnen Sie die Angelegenheit jederzeit zur weiteren Untersuchung einreichen.<\/li>\n<\/ul>\n\t<h2>Ihr Einkauf ist unter folgenden Umst\u00e4nden <em>nicht <\/em> vom K\u00e4uferschutz abgedeckt:<\/h2>\n\t<ul>\n<li>Sie geben ein Objekt zur\u00fcck, das genau der Beschreibung entspricht und nicht beim Transport besch\u00e4digt wurde. (Bitte beachten Sie, dass Sie in solchen F\u00e4llen das Objekt m\u00f6glicherweise trotzdem zur\u00fcckgeben k\u00f6nnen, wenn dies gem\u00e4\u00df den R\u00fcckgabebedingungen der Anbieter*innen oder f\u00fcr K\u00e4ufer*innen mit Sitz in der EU gem\u00e4\u00df EU-Recht und unserer <a href=\"https:\/\/www.1stdibs.com\/about\/de\/user-agreement\/\">Nutzungsvereinbarung<\/a> zul\u00e4ssig ist.)<\/li>\n<li>Sie haben sich entschieden, den Versand selbst zu organisieren oder das Objekt pers\u00f6nlich abzuholen.<\/li>\n<\/ul>\n\t\t\t<a href=\"https:\/\/www.1stdibs.com\/de\/contact\/\" target=\"_self\" role=\"button\" rel=\"noopener\">\n\t\t\t\t\t\t\tKONTAKTIEREN SIE UNS\n\t\t\t\t\t<\/a>\n\t<p><em>1stDibs beh\u00e4lt sich das Recht vor, die Bedingungen dieser Garantie jederzeit zu aktualisieren oder zu \u00e4ndern. Das Versprechen von 1stDibs gilt nicht f\u00fcr K\u00e4ufe auf unserem NFT-Marktplatz.<\/em><\/p>\n<p><a href=\"https:\/\/www.1stdibs.com\/about\/de\/user-agreement\/\">Unsere Nutzungsvereinbarung anzeigen<\/a><\/p>\n\n","protected":false},"excerpt":{"rendered":"<p>Unser Versprechen an Sie 1stDibs ist es sehr wichtig, dass Sie mit jedem Kauf rundum zufrieden sind. Wir sind ein Netzwerk aus Design-Liebhaber*innen und setzen alles daran, dass Ihr Einkaufserlebnis Sie begeistern wird. Von Expert*innen gepr\u00fcfte Verk\u00e4ufer*innen Wir stellen sicher, dass alle unsere Anbieter*innen strenge Service- und Qualit\u00e4tsstandards einhalten, um die Integrit\u00e4t unserer Angebote zu [&hellip;]<\/p>\n","protected":false},"author":14,"featured_media":0,"parent":0,"menu_order":0,"comment_status":"closed","ping_status":"closed","template":"templates\/template-promise.php","meta":{"_acf_changed":false,"footnotes":""},"class_list":["post-466","page","type-page","status-publish","hentry"],"acf":[],"yoast_head":"<!-- This site is optimized with the Yoast SEO plugin v27.3 - https:\/\/yoast.com\/product\/yoast-seo-wordpress\/ -->\n<title>Das Versprechen von 1stDibs - 1stDibs<\/title>\n<meta name=\"robots\" content=\"index, follow, max-snippet:-1, max-image-preview:large, max-video-preview:-1\" \/>\n<link rel=\"canonical\" href=\"https:\/\/www.1stdibs.com\/about\/de\/promise\/\" \/>\n<meta property=\"og:locale\" content=\"de_DE\" \/>\n<meta property=\"og:type\" content=\"article\" \/>\n<meta property=\"og:title\" content=\"Das Versprechen von 1stDibs - 1stDibs\" \/>\n<meta property=\"og:description\" content=\"Unser Versprechen an Sie 1stDibs ist es sehr wichtig, dass Sie mit jedem Kauf rundum zufrieden sind. Wir sind ein Netzwerk aus Design-Liebhaber*innen und setzen alles daran, dass Ihr Einkaufserlebnis Sie begeistern wird. Von Expert*innen gepr\u00fcfte Verk\u00e4ufer*innen Wir stellen sicher, dass alle unsere Anbieter*innen strenge Service- und Qualit\u00e4tsstandards einhalten, um die Integrit\u00e4t unserer Angebote zu [&hellip;]\" \/>\n<meta property=\"og:url\" content=\"https:\/\/www.1stdibs.com\/about\/de\/promise\/\" \/>\n<meta property=\"og:site_name\" content=\"1stDibs\" \/>\n<meta property=\"article:publisher\" content=\"https:\/\/www.facebook.com\/1stdibs\" \/>\n<meta property=\"article:modified_time\" content=\"2022-05-12T19:57:52+00:00\" \/>\n<meta property=\"og:image\" content=\"https:\/\/www.1stdibs.com\/about\/wp-content\/uploads\/2020\/07\/promisehero-scaled.jpg\" \/>\n<meta name=\"twitter:card\" content=\"summary_large_image\" \/>\n<meta name=\"twitter:site\" content=\"@1stDibs\" \/>\n<meta name=\"twitter:label1\" content=\"Gesch\u00e4tzte Lesezeit\" \/>\n\t<meta name=\"twitter:data1\" content=\"3 Minuten\" \/>\n<script type=\"application\/ld+json\" class=\"yoast-schema-graph\">{\"@context\":\"https:\\\/\\\/schema.org\",\"@graph\":[{\"@type\":\"WebPage\",\"@id\":\"https:\\\/\\\/www.1stdibs.com\\\/about\\\/de\\\/promise\\\/\",\"url\":\"https:\\\/\\\/www.1stdibs.com\\\/about\\\/de\\\/promise\\\/\",\"name\":\"Das Versprechen von 1stDibs - 1stDibs\",\"isPartOf\":{\"@id\":\"https:\\\/\\\/www.1stdibs.com\\\/about\\\/#website\"},\"primaryImageOfPage\":{\"@id\":\"https:\\\/\\\/www.1stdibs.com\\\/about\\\/de\\\/promise\\\/#primaryimage\"},\"image\":{\"@id\":\"https:\\\/\\\/www.1stdibs.com\\\/about\\\/de\\\/promise\\\/#primaryimage\"},\"thumbnailUrl\":\"https:\\\/\\\/www.1stdibs.com\\\/about\\\/wp-content\\\/uploads\\\/2020\\\/07\\\/promisehero-scaled.jpg\",\"datePublished\":\"2022-04-14T18:39:25+00:00\",\"dateModified\":\"2022-05-12T19:57:52+00:00\",\"breadcrumb\":{\"@id\":\"https:\\\/\\\/www.1stdibs.com\\\/about\\\/de\\\/promise\\\/#breadcrumb\"},\"inLanguage\":\"de-DE\",\"potentialAction\":[{\"@type\":\"ReadAction\",\"target\":[\"https:\\\/\\\/www.1stdibs.com\\\/about\\\/de\\\/promise\\\/\"]}]},{\"@type\":\"ImageObject\",\"inLanguage\":\"de-DE\",\"@id\":\"https:\\\/\\\/www.1stdibs.com\\\/about\\\/de\\\/promise\\\/#primaryimage\",\"url\":\"https:\\\/\\\/www.1stdibs.com\\\/about\\\/wp-content\\\/uploads\\\/2020\\\/07\\\/promisehero-scaled.jpg\",\"contentUrl\":\"https:\\\/\\\/www.1stdibs.com\\\/about\\\/wp-content\\\/uploads\\\/2020\\\/07\\\/promisehero-scaled.jpg\"},{\"@type\":\"BreadcrumbList\",\"@id\":\"https:\\\/\\\/www.1stdibs.com\\\/about\\\/de\\\/promise\\\/#breadcrumb\",\"itemListElement\":[{\"@type\":\"ListItem\",\"position\":1,\"name\":\"Home\",\"item\":\"https:\\\/\\\/www.1stdibs.com\\\/about\\\/de\\\/\"},{\"@type\":\"ListItem\",\"position\":2,\"name\":\"Das Versprechen von 1stDibs\"}]},{\"@type\":\"WebSite\",\"@id\":\"https:\\\/\\\/www.1stdibs.com\\\/about\\\/#website\",\"url\":\"https:\\\/\\\/www.1stdibs.com\\\/about\\\/\",\"name\":\"1stDibs\",\"description\":\"Antique and Modern Furniture, Jewelry, Fashion &amp; Art\",\"publisher\":{\"@id\":\"https:\\\/\\\/www.1stdibs.com\\\/about\\\/#organization\"},\"potentialAction\":[{\"@type\":\"SearchAction\",\"target\":{\"@type\":\"EntryPoint\",\"urlTemplate\":\"https:\\\/\\\/www.1stdibs.com\\\/about\\\/?s={search_term_string}\"},\"query-input\":{\"@type\":\"PropertyValueSpecification\",\"valueRequired\":true,\"valueName\":\"search_term_string\"}}],\"inLanguage\":\"de-DE\"},{\"@type\":\"Organization\",\"@id\":\"https:\\\/\\\/www.1stdibs.com\\\/about\\\/#organization\",\"name\":\"1stDibs\",\"url\":\"https:\\\/\\\/www.1stdibs.com\\\/about\\\/\",\"logo\":{\"@type\":\"ImageObject\",\"inLanguage\":\"de-DE\",\"@id\":\"https:\\\/\\\/www.1stdibs.com\\\/about\\\/#\\\/schema\\\/logo\\\/image\\\/\",\"url\":\"https:\\\/\\\/www.1stdibs.com\\\/about\\\/wp-content\\\/uploads\\\/2020\\\/08\\\/1stdibs-logo-black-on-white-500px-padding.png\",\"contentUrl\":\"https:\\\/\\\/www.1stdibs.com\\\/about\\\/wp-content\\\/uploads\\\/2020\\\/08\\\/1stdibs-logo-black-on-white-500px-padding.png\",\"width\":500,\"height\":184,\"caption\":\"1stDibs\"},\"image\":{\"@id\":\"https:\\\/\\\/www.1stdibs.com\\\/about\\\/#\\\/schema\\\/logo\\\/image\\\/\"},\"sameAs\":[\"https:\\\/\\\/www.facebook.com\\\/1stdibs\",\"https:\\\/\\\/x.com\\\/1stDibs\",\"https:\\\/\\\/instagram.com\\\/1stdibs\\\/\",\"https:\\\/\\\/www.linkedin.com\\\/company\\\/1stdibs-com\\\/\",\"https:\\\/\\\/www.pinterest.com\\\/1stdibs\\\/\"]}]}<\/script>\n<!-- \/ Yoast SEO plugin. -->","yoast_head_json":{"title":"Das Versprechen von 1stDibs - 1stDibs","robots":{"index":"index","follow":"follow","max-snippet":"max-snippet:-1","max-image-preview":"max-image-preview:large","max-video-preview":"max-video-preview:-1"},"canonical":"https:\/\/www.1stdibs.com\/about\/de\/promise\/","og_locale":"de_DE","og_type":"article","og_title":"Das Versprechen von 1stDibs - 1stDibs","og_description":"Unser Versprechen an Sie 1stDibs ist es sehr wichtig, dass Sie mit jedem Kauf rundum zufrieden sind. Wir sind ein Netzwerk aus Design-Liebhaber*innen und setzen alles daran, dass Ihr Einkaufserlebnis Sie begeistern wird. Von Expert*innen gepr\u00fcfte Verk\u00e4ufer*innen Wir stellen sicher, dass alle unsere Anbieter*innen strenge Service- und Qualit\u00e4tsstandards einhalten, um die Integrit\u00e4t unserer Angebote zu [&hellip;]","og_url":"https:\/\/www.1stdibs.com\/about\/de\/promise\/","og_site_name":"1stDibs","article_publisher":"https:\/\/www.facebook.com\/1stdibs","article_modified_time":"2022-05-12T19:57:52+00:00","og_image":[{"url":"https:\/\/www.1stdibs.com\/about\/wp-content\/uploads\/2020\/07\/promisehero-scaled.jpg","type":"","width":"","height":""}],"twitter_card":"summary_large_image","twitter_site":"@1stDibs","twitter_misc":{"Gesch\u00e4tzte Lesezeit":"3 Minuten"},"schema":{"@context":"https:\/\/schema.org","@graph":[{"@type":"WebPage","@id":"https:\/\/www.1stdibs.com\/about\/de\/promise\/","url":"https:\/\/www.1stdibs.com\/about\/de\/promise\/","name":"Das Versprechen von 1stDibs - 1stDibs","isPartOf":{"@id":"https:\/\/www.1stdibs.com\/about\/#website"},"primaryImageOfPage":{"@id":"https:\/\/www.1stdibs.com\/about\/de\/promise\/#primaryimage"},"image":{"@id":"https:\/\/www.1stdibs.com\/about\/de\/promise\/#primaryimage"},"thumbnailUrl":"https:\/\/www.1stdibs.com\/about\/wp-content\/uploads\/2020\/07\/promisehero-scaled.jpg","datePublished":"2022-04-14T18:39:25+00:00","dateModified":"2022-05-12T19:57:52+00:00","breadcrumb":{"@id":"https:\/\/www.1stdibs.com\/about\/de\/promise\/#breadcrumb"},"inLanguage":"de-DE","potentialAction":[{"@type":"ReadAction","target":["https:\/\/www.1stdibs.com\/about\/de\/promise\/"]}]},{"@type":"ImageObject","inLanguage":"de-DE","@id":"https:\/\/www.1stdibs.com\/about\/de\/promise\/#primaryimage","url":"https:\/\/www.1stdibs.com\/about\/wp-content\/uploads\/2020\/07\/promisehero-scaled.jpg","contentUrl":"https:\/\/www.1stdibs.com\/about\/wp-content\/uploads\/2020\/07\/promisehero-scaled.jpg"},{"@type":"BreadcrumbList","@id":"https:\/\/www.1stdibs.com\/about\/de\/promise\/#breadcrumb","itemListElement":[{"@type":"ListItem","position":1,"name":"Home","item":"https:\/\/www.1stdibs.com\/about\/de\/"},{"@type":"ListItem","position":2,"name":"Das Versprechen von 1stDibs"}]},{"@type":"WebSite","@id":"https:\/\/www.1stdibs.com\/about\/#website","url":"https:\/\/www.1stdibs.com\/about\/","name":"1stDibs","description":"Antique and Modern Furniture, Jewelry, Fashion &amp; Art","publisher":{"@id":"https:\/\/www.1stdibs.com\/about\/#organization"},"potentialAction":[{"@type":"SearchAction","target":{"@type":"EntryPoint","urlTemplate":"https:\/\/www.1stdibs.com\/about\/?s={search_term_string}"},"query-input":{"@type":"PropertyValueSpecification","valueRequired":true,"valueName":"search_term_string"}}],"inLanguage":"de-DE"},{"@type":"Organization","@id":"https:\/\/www.1stdibs.com\/about\/#organization","name":"1stDibs","url":"https:\/\/www.1stdibs.com\/about\/","logo":{"@type":"ImageObject","inLanguage":"de-DE","@id":"https:\/\/www.1stdibs.com\/about\/#\/schema\/logo\/image\/","url":"https:\/\/www.1stdibs.com\/about\/wp-content\/uploads\/2020\/08\/1stdibs-logo-black-on-white-500px-padding.png","contentUrl":"https:\/\/www.1stdibs.com\/about\/wp-content\/uploads\/2020\/08\/1stdibs-logo-black-on-white-500px-padding.png","width":500,"height":184,"caption":"1stDibs"},"image":{"@id":"https:\/\/www.1stdibs.com\/about\/#\/schema\/logo\/image\/"},"sameAs":["https:\/\/www.facebook.com\/1stdibs","https:\/\/x.com\/1stDibs","https:\/\/instagram.com\/1stdibs\/","https:\/\/www.linkedin.com\/company\/1stdibs-com\/","https:\/\/www.pinterest.com\/1stdibs\/"]}]}},"_links":{"self":[{"href":"https:\/\/www.1stdibs.com\/about\/de\/wp-json\/wp\/v2\/pages\/466","targetHints":{"allow":["GET"]}}],"collection":[{"href":"https:\/\/www.1stdibs.com\/about\/de\/wp-json\/wp\/v2\/pages"}],"about":[{"href":"https:\/\/www.1stdibs.com\/about\/de\/wp-json\/wp\/v2\/types\/page"}],"author":[{"embeddable":true,"href":"https:\/\/www.1stdibs.com\/about\/de\/wp-json\/wp\/v2\/users\/14"}],"replies":[{"embeddable":true,"href":"https:\/\/www.1stdibs.com\/about\/de\/wp-json\/wp\/v2\/comments?post=466"}],"version-history":[{"count":0,"href":"https:\/\/www.1stdibs.com\/about\/de\/wp-json\/wp\/v2\/pages\/466\/revisions"}],"wp:attachment":[{"href":"https:\/\/www.1stdibs.com\/about\/de\/wp-json\/wp\/v2\/media?parent=466"}],"curies":[{"name":"wp","href":"https:\/\/api.w.org\/{rel}","templated":true}]}}