{"id":1713,"date":"2024-08-16T15:43:24","date_gmt":"2024-08-16T15:43:24","guid":{"rendered":"https:\/\/www.1stdibs.com\/about\/resenas-y-testimonios-de-1stdibs\/"},"modified":"2024-12-12T10:57:54","modified_gmt":"2024-12-12T10:57:54","slug":"1stdibs-reviews","status":"publish","type":"page","link":"https:\/\/www.1stdibs.com\/about\/es\/1stdibs-reviews\/","title":{"rendered":"Rese\u00f1as y testimonios de 1stDibs"},"content":{"rendered":"\r\n<h1>Rese\u00f1as de 1stDibs<\/h1>\r\n<h2>Ent\u00e9rate de qu\u00e9 <em>opinan de nosotros<\/em> los amantes del dise\u00f1o<\/h2>\r\n<p><img loading=\"lazy\" decoding=\"async\" title=\"Interior of a dining with an Artichoke Lamp and purple painting\" src=\"https:\/\/www.1stdibs.com\/about\/wp-content\/uploads\/2023\/03\/interior.webp\" alt=\"Purple painting and Artichoke Lamp in dining room interior\" width=\"580\" height=\"607\" \/> <img decoding=\"async\" src=\"https:\/\/www.1stdibs.com\/about\/wp-content\/uploads\/2024\/09\/customer_review_page_topquote1-3.jpg\" alt=\"\" \/> <img decoding=\"async\" src=\"https:\/\/www.1stdibs.com\/about\/wp-content\/uploads\/2024\/09\/customer_review_page_topquote1-3.jpg\" alt=\"\" \/> <img decoding=\"async\" src=\"https:\/\/www.1stdibs.com\/about\/wp-content\/uploads\/2024\/09\/customer_review_page_topquote2-3.jpg\" alt=\"\" \/> <img decoding=\"async\" src=\"https:\/\/www.1stdibs.com\/about\/wp-content\/uploads\/2024\/09\/customer_review_page_topquote2-3.jpg\" alt=\"\" \/> <img decoding=\"async\" src=\"https:\/\/www.1stdibs.com\/about\/wp-content\/uploads\/2024\/09\/customer_review_page_topquote3-3.jpg\" alt=\"\" \/> <img decoding=\"async\" src=\"https:\/\/www.1stdibs.com\/about\/wp-content\/uploads\/2024\/09\/customer_review_page_topquote3-3.jpg\" alt=\"\" \/> <img decoding=\"async\" src=\"https:\/\/www.1stdibs.com\/about\/wp-content\/uploads\/2024\/09\/customer_review_page_topquote4-3.jpg\" alt=\"\" \/> <img decoding=\"async\" src=\"https:\/\/www.1stdibs.com\/about\/wp-content\/uploads\/2024\/09\/customer_review_page_topquote4-3.jpg\" alt=\"\" \/> <a href=\"https:\/\/www.1stdibs.com\/es\/\" target=\"_self\" rel=\"noopener\"> COMENZAR A EXPLORAR <\/a><\/p>\r\n<h2>Vendedores de prestigio en los que puedes confiar<\/h2>\r\n<p>1stDibs trabaja con m\u00e1s de 4000\u00a0vendedores de confianza en todo el mundo. Todos los vendedores pasan por una evaluaci\u00f3n integral a cargo de los expertos internos de 1stDibs para aprobar la integridad de su oferta y la calidad de su servicio. La confianza que tenemos en nuestro extraordinario suministro est\u00e1 fundada en los estrictos procesos de aprobaci\u00f3n que tenemos para los vendedores.<\/p>\r\n<p>\u00abEl vendedor y yo acordamos el precio y me envi\u00f3 el bolso inmediatamente. \u00a1Es perfecto y me encanta! Recomiendo 1stDibs sin reservas\u00bb.<\/p>\r\n<p>&#8211; Pamela, rese\u00f1a de cliente de 1stDibs<\/p>\r\n<p><img loading=\"lazy\" decoding=\"async\" title=\"5stars\" src=\"https:\/\/www.1stdibs.com\/about\/wp-content\/uploads\/2023\/03\/5stars.webp\" alt=\"5stars\" width=\"144\" height=\"24\" \/><\/p>\r\n<p>\u00abAl principio me preocupaba comprar diamantes por Internet, pero despu\u00e9s de investigar mucho me sent\u00ed c\u00f3moda en el trato con el vendedor. Los pendientes de bot\u00f3n de diamante que compr\u00e9 son preciosos\u00bb.<\/p>\r\n<p>&#8211; Diana, rese\u00f1a de cliente de 1stDibs<\/p>\r\n<p><img loading=\"lazy\" decoding=\"async\" title=\"5stars\" src=\"https:\/\/www.1stdibs.com\/about\/wp-content\/uploads\/2023\/03\/5stars.webp\" alt=\"5stars\" width=\"144\" height=\"24\" \/><\/p>\r\n<p>\u00abEl art\u00edculo era exactamente como se describ\u00eda y el vendedor sigui\u00f3 el progreso del env\u00edo por m\u00ed. El art\u00edculo lleg\u00f3 muy bien embalado y con todos los certificados correspondientes\u00bb.<\/p>\r\n<p>&#8211; Charlie, rese\u00f1a de cliente de 1stDibs<\/p>\r\n<p><img loading=\"lazy\" decoding=\"async\" title=\"5stars\" src=\"https:\/\/www.1stdibs.com\/about\/wp-content\/uploads\/2023\/03\/5stars.webp\" alt=\"5stars\" width=\"144\" height=\"24\" \/> <img loading=\"lazy\" decoding=\"async\" title=\"quotationmark1\" src=\"https:\/\/www.1stdibs.com\/about\/wp-content\/uploads\/2023\/03\/quotationmark1.webp\" alt=\"quotationmark1\" width=\"114\" height=\"100\" \/><\/p>\r\n<p>Comprar en 1stDibs es un verdadero <em>placer<\/em>.<\/p>\r\n<p>&#8211; Louise Roe, periodista de moda y fundadora de Sharland England<\/p>\r\n<p><img loading=\"lazy\" decoding=\"async\" title=\"quotationmark2\" src=\"https:\/\/www.1stdibs.com\/about\/wp-content\/uploads\/2023\/03\/quotationmark2.webp\" alt=\"quotationmark2\" width=\"114\" height=\"100\" \/> <img loading=\"lazy\" decoding=\"async\" title=\"Processed with VSCO with al1pro preset\" src=\"https:\/\/www.1stdibs.com\/about\/wp-content\/uploads\/2024\/09\/E73979E1-3F2F-4440-B6CE-A2B15B406EF3-scaled.jpeg\" alt=\"Processed with VSCO with al1pro preset\" width=\"1707\" height=\"2560\" \/><\/p>\r\n<h2>Asesoramiento de expertos en cada paso del proceso<\/h2>\r\n<p>1stDibs ofrece precios y formas de pago flexibles: los compradores pueden realizar compras directamente, negociar los precios o hacer ofertas por los art\u00edculos en subasta. Una vez realizada la compra, puedes pagar de forma segura con tarjeta de cr\u00e9dito, PayPal o transferencia bancaria. Nuestros especialistas exclusivos est\u00e1n disponibles a trav\u00e9s del chat en vivo (el medio de respuesta m\u00e1s r\u00e1pido), pero tambi\u00e9n por correo electr\u00f3nico y tel\u00e9fono, para responder a tus preguntas y ayudarte con cualquier cuesti\u00f3n relacionada con tu pedido.<\/p>\r\n<p><img loading=\"lazy\" decoding=\"async\" title=\"Gray Paradise Sofa by Kerstin H\u00f6rlin-Holmquist\" src=\"https:\/\/www.1stdibs.com\/about\/wp-content\/uploads\/2023\/03\/sofa.webp\" alt=\"Kerstin H\u00f6rlin-Holmquist Paradise Sofa\" width=\"300\" height=\"185\" \/><\/p>\r\n<p>\u00abAcab\u00e9 muy satisfecha con la experiencia. El servicio de atenci\u00f3n al cliente fue extremadamente h\u00e1bil a la hora de solventar las dudas que ten\u00eda sobre 1stDibs. Volver\u00eda a comprar aqu\u00ed sin duda\u00bb.<\/p>\r\n<p>&#8211; Drew, rese\u00f1a de cliente de 1stDibs<\/p>\r\n<p><img loading=\"lazy\" decoding=\"async\" title=\"5stars_shagreen\" src=\"https:\/\/www.1stdibs.com\/about\/wp-content\/uploads\/2023\/03\/5stars_shagreen.webp\" alt=\"5stars_shagreen\" width=\"144\" height=\"24\" \/> <img loading=\"lazy\" decoding=\"async\" title=\"18k Yellow Gold carved agate and coral bracelet by Verdura\" src=\"https:\/\/www.1stdibs.com\/about\/wp-content\/uploads\/2023\/03\/bracelet.jpg\" alt=\"Verdura carved agate and coral bracelet\" width=\"300\" height=\"185\" \/><\/p>\r\n<p>\u00abEl servicio de atenci\u00f3n al cliente tiene un nivel de respuesta alto. Mejor, imposible. La plataforma es buen\u00edsima, es lo m\u00e1ximo. Es realmente un mercado mundial de objetos que no encontrar\u00e1s en ning\u00fan otro lugar. Hay cosas tan hermosas que no tengo palabras\u00bb.<\/p>\r\n<p>&#8211; Ranjan, rese\u00f1a de cliente de 1stDibs<\/p>\r\n<p><img loading=\"lazy\" decoding=\"async\" title=\"5stars_shagreen\" src=\"https:\/\/www.1stdibs.com\/about\/wp-content\/uploads\/2023\/03\/5stars_shagreen.webp\" alt=\"5stars_shagreen\" width=\"144\" height=\"24\" \/> <img loading=\"lazy\" decoding=\"async\" title=\"Hunt Slonem Double Bunny painting in vintage gold frame\" src=\"https:\/\/www.1stdibs.com\/about\/wp-content\/uploads\/2023\/03\/painting.webp\" alt=\"Double Bunny oil painting by Hunt Slonem\" width=\"300\" height=\"185\" \/><\/p>\r\n<p>\u00ab1stDibs es incre\u00edble. Ofrecen a los compradores una oportunidad de compra totalmente \u00fanica. Hay muebles, art\u00edculos de colecci\u00f3n y obras de arte seleccionados con inteligencia y buen ojo para la belleza. El servicio de atenci\u00f3n al cliente es de primera, r\u00e1pido y tiene un nivel de respuesta alto.<\/p>\r\n<p>&#8211; Thomas, rese\u00f1a de cliente de 1stDibs<\/p>\r\n<p><img loading=\"lazy\" decoding=\"async\" title=\"5stars_shagreen\" src=\"https:\/\/www.1stdibs.com\/about\/wp-content\/uploads\/2023\/03\/5stars_shagreen.webp\" alt=\"5stars_shagreen\" width=\"144\" height=\"24\" \/> <img loading=\"lazy\" decoding=\"async\" title=\"Interior designer Adair Curtis and stylist Jason Bolden of JSN Studio\" src=\"https:\/\/www.1stdibs.com\/about\/wp-content\/uploads\/2023\/03\/jason.webp\" alt=\"Jason Bolden 1stDibs Review\" width=\"460\" height=\"460\" \/> <img loading=\"lazy\" decoding=\"async\" title=\"quotationmark1\" src=\"https:\/\/www.1stdibs.com\/about\/wp-content\/uploads\/2023\/03\/quotationmark1.webp\" alt=\"quotationmark1\" width=\"114\" height=\"100\" \/><\/p>\r\n<p>Prep\u00e1rate para enamorarte de las cosas <em>m\u00e1s ic\u00f3nicas<\/em>, <em>interesantes<\/em> y <em>sofisticadas<\/em> que vas a encontrar.<\/p>\r\n<p>&#8211; JASON BOLDEN, estilista y dise\u00f1ador de interiores<\/p>\r\n<p><img loading=\"lazy\" decoding=\"async\" title=\"quotationmark2\" src=\"https:\/\/www.1stdibs.com\/about\/wp-content\/uploads\/2023\/03\/quotationmark2.webp\" alt=\"quotationmark2\" width=\"114\" height=\"100\" \/><\/p>\r\n<h2>Soluciones de env\u00edo y log\u00edstica<\/h2>\r\n<p>1stDibs trabaja junto con proveedores l\u00edderes para ofrecer una entrega totalmente asegurada, en casi cualquier lugar del mundo. Dispones de distintas opciones de env\u00edo en funci\u00f3n del tama\u00f1o, la fragilidad y la ubicaci\u00f3n del art\u00edculo. Algunos de los m\u00e9todos de env\u00edo m\u00e1s comunes en 1stDibs son la entrega a domicilio (para env\u00edos nacionales grandes), la carga de puerta a puerta (para env\u00edos internacionales o art\u00edculos fr\u00e1giles) y la paqueter\u00eda (art\u00edculos m\u00e1s livianos y peque\u00f1os empaquetados en cajas y enviados por el vendedor a trav\u00e9s de transportistas de correo est\u00e1ndar).<\/p>\r\n<p>\u00abLa pieza que compr\u00e9 es de muy alta calidad. La descripci\u00f3n y las fotos eran exactas. El vendedor respondi\u00f3 las dudas con rapidez. El art\u00edculo estaba cuidadosamente empaquetado y el env\u00edo fue r\u00e1pido. Estoy muy conforme con toda la transacci\u00f3n\u00bb.<\/p>\r\n<p>&#8211; Debra, rese\u00f1a de cliente de 1stDibs<\/p>\r\n<p><img loading=\"lazy\" decoding=\"async\" title=\"5stars\" src=\"https:\/\/www.1stdibs.com\/about\/wp-content\/uploads\/2023\/03\/5stars.webp\" alt=\"5stars\" width=\"144\" height=\"24\" \/><\/p>\r\n<p>\u00abEl vendedor y yo acordamos el precio y me envi\u00f3 el bolso inmediatamente. Lo recib\u00ed a los pocos d\u00edas de comprarlo. El bolso es mejor de lo que se indica en la descripci\u00f3n: \u00a1es perfecto y me encanta!\u00bb<\/p>\r\n<p>&#8211; Pamela, rese\u00f1a de cliente de 1stDibs<\/p>\r\n<p><img loading=\"lazy\" decoding=\"async\" title=\"5stars\" src=\"https:\/\/www.1stdibs.com\/about\/wp-content\/uploads\/2023\/03\/5stars.webp\" alt=\"5stars\" width=\"144\" height=\"24\" \/><\/p>\r\n<p>\u00abMi primera transacci\u00f3n en 1stDibs no podr\u00eda haber ido mejor. El precio fue m\u00e1s que justo, el vendedor se comunic\u00f3 durante todo el proceso, el env\u00edo fue r\u00e1pido y el paquete estaba muy bien preparado\u00bb.<\/p>\r\n<p>&#8211; Wendy, rese\u00f1a de cliente de 1stDibs<\/p>\r\n<p><img loading=\"lazy\" decoding=\"async\" title=\"5stars\" src=\"https:\/\/www.1stdibs.com\/about\/wp-content\/uploads\/2023\/03\/5stars.webp\" alt=\"5stars\" width=\"144\" height=\"24\" \/> <img loading=\"lazy\" decoding=\"async\" title=\"quotationmark1\" src=\"https:\/\/www.1stdibs.com\/about\/wp-content\/uploads\/2023\/03\/quotationmark1.webp\" alt=\"quotationmark1\" width=\"114\" height=\"100\" \/><\/p>\r\n<p>1stDibs es <em>genial cuando se trata de regalos \u00fanicos<\/em>, ya que b\u00e1sicamente, todo es \u00fanico en su clase.<\/p>\r\n<p>&#8211; JENNY WALTON, artista y estilista<\/p>\r\n<p><img loading=\"lazy\" decoding=\"async\" title=\"quotationmark2\" src=\"https:\/\/www.1stdibs.com\/about\/wp-content\/uploads\/2023\/03\/quotationmark2.webp\" alt=\"quotationmark2\" width=\"114\" height=\"100\" \/> <img loading=\"lazy\" decoding=\"async\" title=\"Artist and stylist Jenny Walton in orange dress\" src=\"https:\/\/www.1stdibs.com\/about\/wp-content\/uploads\/2023\/03\/jenny.webp\" alt=\"Jenny Walton 1stDibs Review\" width=\"460\" height=\"460\" \/><\/p>\r\n<h2>Estamos aqu\u00ed para ayudarte<\/h2>\r\n<p><em>\u00bfTienes alguna pregunta o necesitas m\u00e1s informaci\u00f3n?<\/em><\/p>\r\n<p><a href=\"https:\/\/www.1stdibs.com\/es\/contact\/\" target=\"_self\" rel=\"noopener\"> CONTACTA CON NOSOTROS <\/a> <a href=\"https:\/\/www.1stdibs.com\/es\/\" target=\"_self\" rel=\"noopener\"> COMENZAR A EXPLORAR <\/a><\/p>\r\n<p>+1 877-721-3427\u00a0|\u00a0De lunes a viernes, de 3:00\u00a0h a 20:00\u00a0h\u00a0(UTC\u22125)<\/p>\r\n","protected":false},"excerpt":{"rendered":"<p>Rese\u00f1as de 1stDibs Ent\u00e9rate de qu\u00e9 opinan de nosotros los amantes del dise\u00f1o COMENZAR A EXPLORAR Vendedores de prestigio en los que puedes confiar 1stDibs trabaja con m\u00e1s de 4000\u00a0vendedores de confianza en todo el mundo. Todos los vendedores pasan por una evaluaci\u00f3n integral a cargo de los expertos internos de 1stDibs para aprobar la [&hellip;]<\/p>\n","protected":false},"author":14,"featured_media":0,"parent":0,"menu_order":0,"comment_status":"closed","ping_status":"closed","template":"templates\/template-promise.php","meta":{"_acf_changed":false,"footnotes":""},"class_list":["post-1713","page","type-page","status-publish","hentry"],"acf":[],"yoast_head":"<!-- This site is optimized with the Yoast SEO plugin v27.3 - https:\/\/yoast.com\/product\/yoast-seo-wordpress\/ -->\n<title>Rese\u00f1as y testimonios de 1stDibs | M\u00e1s de 75\u00a0000\u00a0rese\u00f1as de 5\u00a0estrellas<\/title>\n<meta name=\"description\" content=\"Descubre por qu\u00e9 a los entusiastas del dise\u00f1o les encanta 1stDibs. Lee las rese\u00f1as y testimonios de clientes de 1stDibs reales para enterarte de por qu\u00e9 nos siguen eligiendo. \u00danete a la comunidad de compradores exigentes que conf\u00edan en 1stDibs para disfrutar de una selecci\u00f3n sin igual y un servicio excepcional.\" \/>\n<meta name=\"robots\" content=\"index, follow, max-snippet:-1, max-image-preview:large, max-video-preview:-1\" \/>\n<link rel=\"canonical\" href=\"https:\/\/www.1stdibs.com\/about\/es\/1stdibs-reviews\/\" \/>\n<meta property=\"og:locale\" content=\"es_ES\" \/>\n<meta property=\"og:type\" content=\"article\" \/>\n<meta property=\"og:title\" content=\"Rese\u00f1as y testimonios de 1stDibs | M\u00e1s de 75\u00a0000\u00a0rese\u00f1as de 5\u00a0estrellas\" \/>\n<meta property=\"og:description\" content=\"Descubre por qu\u00e9 a los entusiastas del dise\u00f1o les encanta 1stDibs. Lee las rese\u00f1as y testimonios de clientes de 1stDibs reales para enterarte de por qu\u00e9 nos siguen eligiendo. \u00danete a la comunidad de compradores exigentes que conf\u00edan en 1stDibs para disfrutar de una selecci\u00f3n sin igual y un servicio excepcional.\" \/>\n<meta property=\"og:url\" content=\"https:\/\/www.1stdibs.com\/about\/es\/1stdibs-reviews\/\" \/>\n<meta property=\"og:site_name\" content=\"1stDibs\" \/>\n<meta property=\"article:publisher\" content=\"https:\/\/www.facebook.com\/1stdibs\" \/>\n<meta property=\"article:modified_time\" content=\"2024-12-12T10:57:54+00:00\" \/>\n<meta property=\"og:image\" content=\"https:\/\/www.1stdibs.com\/about\/wp-content\/uploads\/2023\/03\/interior.webp\" \/>\n<meta name=\"twitter:card\" content=\"summary_large_image\" \/>\n<meta name=\"twitter:site\" content=\"@1stDibs\" \/>\n<meta name=\"twitter:label1\" content=\"Est. reading time\" \/>\n\t<meta name=\"twitter:data1\" content=\"10 minutos\" \/>\n<script type=\"application\/ld+json\" class=\"yoast-schema-graph\">{\"@context\":\"https:\\\/\\\/schema.org\",\"@graph\":[{\"@type\":\"WebPage\",\"@id\":\"https:\\\/\\\/www.1stdibs.com\\\/about\\\/es\\\/1stdibs-reviews\\\/\",\"url\":\"https:\\\/\\\/www.1stdibs.com\\\/about\\\/es\\\/1stdibs-reviews\\\/\",\"name\":\"Rese\u00f1as y testimonios de 1stDibs | M\u00e1s de 75\u00a0000\u00a0rese\u00f1as de 5\u00a0estrellas\",\"isPartOf\":{\"@id\":\"https:\\\/\\\/www.1stdibs.com\\\/about\\\/#website\"},\"primaryImageOfPage\":{\"@id\":\"https:\\\/\\\/www.1stdibs.com\\\/about\\\/es\\\/1stdibs-reviews\\\/#primaryimage\"},\"image\":{\"@id\":\"https:\\\/\\\/www.1stdibs.com\\\/about\\\/es\\\/1stdibs-reviews\\\/#primaryimage\"},\"thumbnailUrl\":\"https:\\\/\\\/www.1stdibs.com\\\/about\\\/wp-content\\\/uploads\\\/2023\\\/03\\\/interior.webp\",\"datePublished\":\"2024-08-16T15:43:24+00:00\",\"dateModified\":\"2024-12-12T10:57:54+00:00\",\"description\":\"Descubre por qu\u00e9 a los entusiastas del dise\u00f1o les encanta 1stDibs. Lee las rese\u00f1as y testimonios de clientes de 1stDibs reales para enterarte de por qu\u00e9 nos siguen eligiendo. \u00danete a la comunidad de compradores exigentes que conf\u00edan en 1stDibs para disfrutar de una selecci\u00f3n sin igual y un servicio excepcional.\",\"breadcrumb\":{\"@id\":\"https:\\\/\\\/www.1stdibs.com\\\/about\\\/es\\\/1stdibs-reviews\\\/#breadcrumb\"},\"inLanguage\":\"es\",\"potentialAction\":[{\"@type\":\"ReadAction\",\"target\":[\"https:\\\/\\\/www.1stdibs.com\\\/about\\\/es\\\/1stdibs-reviews\\\/\"]}]},{\"@type\":\"ImageObject\",\"inLanguage\":\"es\",\"@id\":\"https:\\\/\\\/www.1stdibs.com\\\/about\\\/es\\\/1stdibs-reviews\\\/#primaryimage\",\"url\":\"https:\\\/\\\/www.1stdibs.com\\\/about\\\/wp-content\\\/uploads\\\/2023\\\/03\\\/interior.webp\",\"contentUrl\":\"https:\\\/\\\/www.1stdibs.com\\\/about\\\/wp-content\\\/uploads\\\/2023\\\/03\\\/interior.webp\"},{\"@type\":\"BreadcrumbList\",\"@id\":\"https:\\\/\\\/www.1stdibs.com\\\/about\\\/es\\\/1stdibs-reviews\\\/#breadcrumb\",\"itemListElement\":[{\"@type\":\"ListItem\",\"position\":1,\"name\":\"Home\",\"item\":\"https:\\\/\\\/www.1stdibs.com\\\/about\\\/es\\\/\"},{\"@type\":\"ListItem\",\"position\":2,\"name\":\"Rese\u00f1as y testimonios de 1stDibs\"}]},{\"@type\":\"WebSite\",\"@id\":\"https:\\\/\\\/www.1stdibs.com\\\/about\\\/#website\",\"url\":\"https:\\\/\\\/www.1stdibs.com\\\/about\\\/\",\"name\":\"1stDibs\",\"description\":\"Antique and Modern Furniture, Jewelry, Fashion &amp; Art\",\"publisher\":{\"@id\":\"https:\\\/\\\/www.1stdibs.com\\\/about\\\/#organization\"},\"potentialAction\":[{\"@type\":\"SearchAction\",\"target\":{\"@type\":\"EntryPoint\",\"urlTemplate\":\"https:\\\/\\\/www.1stdibs.com\\\/about\\\/?s={search_term_string}\"},\"query-input\":{\"@type\":\"PropertyValueSpecification\",\"valueRequired\":true,\"valueName\":\"search_term_string\"}}],\"inLanguage\":\"es\"},{\"@type\":\"Organization\",\"@id\":\"https:\\\/\\\/www.1stdibs.com\\\/about\\\/#organization\",\"name\":\"1stDibs\",\"url\":\"https:\\\/\\\/www.1stdibs.com\\\/about\\\/\",\"logo\":{\"@type\":\"ImageObject\",\"inLanguage\":\"es\",\"@id\":\"https:\\\/\\\/www.1stdibs.com\\\/about\\\/#\\\/schema\\\/logo\\\/image\\\/\",\"url\":\"https:\\\/\\\/www.1stdibs.com\\\/about\\\/wp-content\\\/uploads\\\/2020\\\/08\\\/1stdibs-logo-black-on-white-500px-padding.png\",\"contentUrl\":\"https:\\\/\\\/www.1stdibs.com\\\/about\\\/wp-content\\\/uploads\\\/2020\\\/08\\\/1stdibs-logo-black-on-white-500px-padding.png\",\"width\":500,\"height\":184,\"caption\":\"1stDibs\"},\"image\":{\"@id\":\"https:\\\/\\\/www.1stdibs.com\\\/about\\\/#\\\/schema\\\/logo\\\/image\\\/\"},\"sameAs\":[\"https:\\\/\\\/www.facebook.com\\\/1stdibs\",\"https:\\\/\\\/x.com\\\/1stDibs\",\"https:\\\/\\\/instagram.com\\\/1stdibs\\\/\",\"https:\\\/\\\/www.linkedin.com\\\/company\\\/1stdibs-com\\\/\",\"https:\\\/\\\/www.pinterest.com\\\/1stdibs\\\/\"]}]}<\/script>\n<!-- \/ Yoast SEO plugin. -->","yoast_head_json":{"title":"Rese\u00f1as y testimonios de 1stDibs | M\u00e1s de 75\u00a0000\u00a0rese\u00f1as de 5\u00a0estrellas","description":"Descubre por qu\u00e9 a los entusiastas del dise\u00f1o les encanta 1stDibs. Lee las rese\u00f1as y testimonios de clientes de 1stDibs reales para enterarte de por qu\u00e9 nos siguen eligiendo. \u00danete a la comunidad de compradores exigentes que conf\u00edan en 1stDibs para disfrutar de una selecci\u00f3n sin igual y un servicio excepcional.","robots":{"index":"index","follow":"follow","max-snippet":"max-snippet:-1","max-image-preview":"max-image-preview:large","max-video-preview":"max-video-preview:-1"},"canonical":"https:\/\/www.1stdibs.com\/about\/es\/1stdibs-reviews\/","og_locale":"es_ES","og_type":"article","og_title":"Rese\u00f1as y testimonios de 1stDibs | M\u00e1s de 75\u00a0000\u00a0rese\u00f1as de 5\u00a0estrellas","og_description":"Descubre por qu\u00e9 a los entusiastas del dise\u00f1o les encanta 1stDibs. Lee las rese\u00f1as y testimonios de clientes de 1stDibs reales para enterarte de por qu\u00e9 nos siguen eligiendo. \u00danete a la comunidad de compradores exigentes que conf\u00edan en 1stDibs para disfrutar de una selecci\u00f3n sin igual y un servicio excepcional.","og_url":"https:\/\/www.1stdibs.com\/about\/es\/1stdibs-reviews\/","og_site_name":"1stDibs","article_publisher":"https:\/\/www.facebook.com\/1stdibs","article_modified_time":"2024-12-12T10:57:54+00:00","og_image":[{"url":"https:\/\/www.1stdibs.com\/about\/wp-content\/uploads\/2023\/03\/interior.webp","type":"","width":"","height":""}],"twitter_card":"summary_large_image","twitter_site":"@1stDibs","twitter_misc":{"Est. reading time":"10 minutos"},"schema":{"@context":"https:\/\/schema.org","@graph":[{"@type":"WebPage","@id":"https:\/\/www.1stdibs.com\/about\/es\/1stdibs-reviews\/","url":"https:\/\/www.1stdibs.com\/about\/es\/1stdibs-reviews\/","name":"Rese\u00f1as y testimonios de 1stDibs | M\u00e1s de 75\u00a0000\u00a0rese\u00f1as de 5\u00a0estrellas","isPartOf":{"@id":"https:\/\/www.1stdibs.com\/about\/#website"},"primaryImageOfPage":{"@id":"https:\/\/www.1stdibs.com\/about\/es\/1stdibs-reviews\/#primaryimage"},"image":{"@id":"https:\/\/www.1stdibs.com\/about\/es\/1stdibs-reviews\/#primaryimage"},"thumbnailUrl":"https:\/\/www.1stdibs.com\/about\/wp-content\/uploads\/2023\/03\/interior.webp","datePublished":"2024-08-16T15:43:24+00:00","dateModified":"2024-12-12T10:57:54+00:00","description":"Descubre por qu\u00e9 a los entusiastas del dise\u00f1o les encanta 1stDibs. Lee las rese\u00f1as y testimonios de clientes de 1stDibs reales para enterarte de por qu\u00e9 nos siguen eligiendo. \u00danete a la comunidad de compradores exigentes que conf\u00edan en 1stDibs para disfrutar de una selecci\u00f3n sin igual y un servicio excepcional.","breadcrumb":{"@id":"https:\/\/www.1stdibs.com\/about\/es\/1stdibs-reviews\/#breadcrumb"},"inLanguage":"es","potentialAction":[{"@type":"ReadAction","target":["https:\/\/www.1stdibs.com\/about\/es\/1stdibs-reviews\/"]}]},{"@type":"ImageObject","inLanguage":"es","@id":"https:\/\/www.1stdibs.com\/about\/es\/1stdibs-reviews\/#primaryimage","url":"https:\/\/www.1stdibs.com\/about\/wp-content\/uploads\/2023\/03\/interior.webp","contentUrl":"https:\/\/www.1stdibs.com\/about\/wp-content\/uploads\/2023\/03\/interior.webp"},{"@type":"BreadcrumbList","@id":"https:\/\/www.1stdibs.com\/about\/es\/1stdibs-reviews\/#breadcrumb","itemListElement":[{"@type":"ListItem","position":1,"name":"Home","item":"https:\/\/www.1stdibs.com\/about\/es\/"},{"@type":"ListItem","position":2,"name":"Rese\u00f1as y testimonios de 1stDibs"}]},{"@type":"WebSite","@id":"https:\/\/www.1stdibs.com\/about\/#website","url":"https:\/\/www.1stdibs.com\/about\/","name":"1stDibs","description":"Antique and Modern Furniture, Jewelry, Fashion &amp; Art","publisher":{"@id":"https:\/\/www.1stdibs.com\/about\/#organization"},"potentialAction":[{"@type":"SearchAction","target":{"@type":"EntryPoint","urlTemplate":"https:\/\/www.1stdibs.com\/about\/?s={search_term_string}"},"query-input":{"@type":"PropertyValueSpecification","valueRequired":true,"valueName":"search_term_string"}}],"inLanguage":"es"},{"@type":"Organization","@id":"https:\/\/www.1stdibs.com\/about\/#organization","name":"1stDibs","url":"https:\/\/www.1stdibs.com\/about\/","logo":{"@type":"ImageObject","inLanguage":"es","@id":"https:\/\/www.1stdibs.com\/about\/#\/schema\/logo\/image\/","url":"https:\/\/www.1stdibs.com\/about\/wp-content\/uploads\/2020\/08\/1stdibs-logo-black-on-white-500px-padding.png","contentUrl":"https:\/\/www.1stdibs.com\/about\/wp-content\/uploads\/2020\/08\/1stdibs-logo-black-on-white-500px-padding.png","width":500,"height":184,"caption":"1stDibs"},"image":{"@id":"https:\/\/www.1stdibs.com\/about\/#\/schema\/logo\/image\/"},"sameAs":["https:\/\/www.facebook.com\/1stdibs","https:\/\/x.com\/1stDibs","https:\/\/instagram.com\/1stdibs\/","https:\/\/www.linkedin.com\/company\/1stdibs-com\/","https:\/\/www.pinterest.com\/1stdibs\/"]}]}},"_links":{"self":[{"href":"https:\/\/www.1stdibs.com\/about\/es\/wp-json\/wp\/v2\/pages\/1713","targetHints":{"allow":["GET"]}}],"collection":[{"href":"https:\/\/www.1stdibs.com\/about\/es\/wp-json\/wp\/v2\/pages"}],"about":[{"href":"https:\/\/www.1stdibs.com\/about\/es\/wp-json\/wp\/v2\/types\/page"}],"author":[{"embeddable":true,"href":"https:\/\/www.1stdibs.com\/about\/es\/wp-json\/wp\/v2\/users\/14"}],"replies":[{"embeddable":true,"href":"https:\/\/www.1stdibs.com\/about\/es\/wp-json\/wp\/v2\/comments?post=1713"}],"version-history":[{"count":0,"href":"https:\/\/www.1stdibs.com\/about\/es\/wp-json\/wp\/v2\/pages\/1713\/revisions"}],"wp:attachment":[{"href":"https:\/\/www.1stdibs.com\/about\/es\/wp-json\/wp\/v2\/media?parent=1713"}],"curies":[{"name":"wp","href":"https:\/\/api.w.org\/{rel}","templated":true}]}}