{"id":1714,"date":"2024-08-19T15:22:51","date_gmt":"2024-08-19T15:22:51","guid":{"rendered":"https:\/\/www.1stdibs.com\/about\/1stdibs-avis-et-temoignages\/"},"modified":"2024-12-12T10:55:19","modified_gmt":"2024-12-12T10:55:19","slug":"1stdibs-reviews","status":"publish","type":"page","link":"https:\/\/www.1stdibs.com\/about\/fr\/1stdibs-reviews\/","title":{"rendered":"1stDibs\u00a0: avis et t\u00e9moignages"},"content":{"rendered":"\n<h1>\n\t\tAvis sur 1stDibs\n\t<\/h1>\n<h2>\n\t\tD\u00e9couvrez ce que les amoureux du design <em>disent de nous<\/em>\n\t<\/h2>\n\t\t\t\t<img loading=\"lazy\" decoding=\"async\" src=\"https:\/\/www.1stdibs.com\/about\/wp-content\/uploads\/2023\/03\/interior.webp\" alt=\"Purple painting and Artichoke Lamp in dining room interior\" itemprop=\"image\" height=\"607\" width=\"580\" title=\"Interior of a dining with an Artichoke Lamp and purple painting\" onerror=\"this.style.display='none'\"  \/>\n\t\t\t<img decoding=\"async\" loading='false' src=\"https:\/\/www.1stdibs.com\/about\/wp-content\/uploads\/2024\/09\/customer_review_page_topquote1.jpg\" alt=\"\" \/>\t\t\t\n\t\t\t\t<img decoding=\"async\" loading='false' src=\"https:\/\/www.1stdibs.com\/about\/wp-content\/uploads\/2024\/09\/customer_review_page_topquote1.jpg\" alt=\"\" \/>\t\t\t\n\t\t\t<img decoding=\"async\" loading='false' src=\"https:\/\/www.1stdibs.com\/about\/wp-content\/uploads\/2024\/09\/customer_review_page_topquote2.jpg\" alt=\"\" \/>\t\t\t\n\t\t\t\t<img decoding=\"async\" loading='false' src=\"https:\/\/www.1stdibs.com\/about\/wp-content\/uploads\/2024\/09\/customer_review_page_topquote2.jpg\" alt=\"\" \/>\t\t\t\n\t\t\t<img decoding=\"async\" loading='false' src=\"https:\/\/www.1stdibs.com\/about\/wp-content\/uploads\/2024\/09\/customer_review_page_topquote3.jpg\" alt=\"\" \/>\t\t\t\n\t\t\t\t<img decoding=\"async\" loading='false' src=\"https:\/\/www.1stdibs.com\/about\/wp-content\/uploads\/2024\/09\/customer_review_page_topquote3.jpg\" alt=\"\" \/>\t\t\t\n\t\t\t<img decoding=\"async\" loading='false' src=\"https:\/\/www.1stdibs.com\/about\/wp-content\/uploads\/2024\/09\/customer_review_page_topquote4.jpg\" alt=\"\" \/>\t\t\t\n\t\t\t\t<img decoding=\"async\" loading='false' src=\"https:\/\/www.1stdibs.com\/about\/wp-content\/uploads\/2024\/09\/customer_review_page_topquote4.jpg\" alt=\"\" \/>\t\t\t\n\t\t\t<a href=\"https:\/\/www.1stdibs.com\/fr\/\" target=\"_self\" rel=\"noopener\">\n\t\t\t\t\t\t\tPARCOURIR\n\t\t\t\t\t<\/a>\n<h2>\n\t\tDes vendeurs prestigieux et fiables\n\t<\/h2>\n\t<p>1stDibs travaille avec plus de 4\u00a0000\u00a0vendeurs de confiance dans le monde entier. Tous les vendeurs font l&rsquo;objet d&rsquo;une \u00e9valuation compl\u00e8te de la part d&rsquo;experts 1stDibs afin de v\u00e9rifier l&rsquo;int\u00e9grit\u00e9 de leurs offres et la qualit\u00e9 de leur service. La confiance que nous avons dans nos produits exceptionnels est le r\u00e9sultat direct de ce contr\u00f4le rigoureux.<\/p>\n\t<p>\u00ab\u00a0J&rsquo;ai pu n\u00e9gocier le prix de mon sac avec le vendeur, qui l&rsquo;a imm\u00e9diatement exp\u00e9di\u00e9. Il est absolument parfait, je l&rsquo;adore\u00a0! Je recommande vivement 1stDibs.\u00a0\u00bb<\/p>\n\t<p>&#8211; Pamela, avis d&rsquo;une cliente de 1stDibs<\/p>\n\t\t\t\t<img loading=\"lazy\" decoding=\"async\" src=\"https:\/\/www.1stdibs.com\/about\/wp-content\/uploads\/2023\/03\/5stars.webp\" alt=\"5stars\" itemprop=\"image\" height=\"24\" width=\"144\" title=\"5stars\" onerror=\"this.style.display='none'\"  \/>\n\t<p>\u00ab\u00a0Au d\u00e9but, j&rsquo;\u00e9tais inqui\u00e8te \u00e0 l&rsquo;id\u00e9e d&rsquo;acheter des diamants en ligne, mais apr\u00e8s de nombreuses recherches, je me suis sentie \u00e0 l&rsquo;aise pour travailler avec le vendeur. Les clous d&rsquo;oreilles en diamant que j&rsquo;ai achet\u00e9s sont superbes.\u00a0\u00bb<\/p>\n\t<p>&#8211; Diana, avis d&rsquo;une cliente de 1stDibs<\/p>\n\t\t\t\t<img loading=\"lazy\" decoding=\"async\" src=\"https:\/\/www.1stdibs.com\/about\/wp-content\/uploads\/2023\/03\/5stars.webp\" alt=\"5stars\" itemprop=\"image\" height=\"24\" width=\"144\" title=\"5stars\" onerror=\"this.style.display='none'\"  \/>\n\t<p>\u00ab\u00a0L&rsquo;article correspond exactement \u00e0 la description et le vendeur s&rsquo;est assur\u00e9 de l&rsquo;avanc\u00e9e de la livraison pour moi. L&rsquo;article est arriv\u00e9 parfaitement emball\u00e9, accompagn\u00e9 de tous les certificats.\u00a0\u00bb<\/p>\n\t<p>&#8211; Charlie, avis d&rsquo;un client de 1stDibs<\/p>\n\t\t\t\t<img loading=\"lazy\" decoding=\"async\" src=\"https:\/\/www.1stdibs.com\/about\/wp-content\/uploads\/2023\/03\/5stars.webp\" alt=\"5stars\" itemprop=\"image\" height=\"24\" width=\"144\" title=\"5stars\" onerror=\"this.style.display='none'\"  \/>\n\t\t\t\t<img loading=\"lazy\" decoding=\"async\" src=\"https:\/\/www.1stdibs.com\/about\/wp-content\/uploads\/2023\/03\/quotationmark1.webp\" alt=\"quotationmark1\" itemprop=\"image\" height=\"100\" width=\"114\" title=\"quotationmark1\" onerror=\"this.style.display='none'\"  \/>\n\t<p>Faire ses achats sur 1stDibs est un r\u00e9el <em>plaisir<\/em>.<\/p>\n\t<p>&#8211; LOUISE ROE, JOURNALISTE DE MODE ET FONDATRICE DE SHARLAND ENGLAND<\/p>\n\t\t\t\t<img loading=\"lazy\" decoding=\"async\" src=\"https:\/\/www.1stdibs.com\/about\/wp-content\/uploads\/2023\/03\/quotationmark2.webp\" alt=\"quotationmark2\" itemprop=\"image\" height=\"100\" width=\"114\" title=\"quotationmark2\" onerror=\"this.style.display='none'\"  \/>\n\t\t\t\t<img loading=\"lazy\" decoding=\"async\" src=\"https:\/\/www.1stdibs.com\/about\/wp-content\/uploads\/2024\/09\/E73979E1-3F2F-4440-B6CE-A2B15B406EF3-scaled.jpeg\" alt=\"Processed with VSCO with al1pro preset\" itemprop=\"image\" height=\"2560\" width=\"1707\" title=\"Processed with VSCO with al1pro preset\" onerror=\"this.style.display='none'\"  \/>\n<h2>\n\t\tDes conseils d&rsquo;experts \u00e0 chaque \u00e9tape\n\t<\/h2>\n\t<p>1stDibs offre une grande flexibilit\u00e9 en mati\u00e8re de prix et de modes de paiement\u00a0: les acheteurs peuvent effectuer des achats directement, n\u00e9gocier un prix ou faire des offres sur des articles aux ench\u00e8res. Une fois l&rsquo;achat effectu\u00e9, vous pouvez r\u00e9gler en toute s\u00e9curit\u00e9 par carte bancaire, PayPal ou virement. Nos sp\u00e9cialistes sont disponibles via le chat en direct (r\u00e9ponse la plus rapide), par e-mail et par t\u00e9l\u00e9phone pour r\u00e9pondre \u00e0 vos questions et vous aider concernant vos commandes.<\/p>\n\t\t\t\t<img loading=\"lazy\" decoding=\"async\" src=\"https:\/\/www.1stdibs.com\/about\/wp-content\/uploads\/2023\/03\/sofa.webp\" alt=\"Kerstin H\u00f6rlin-Holmquist Paradise Sofa\" itemprop=\"image\" height=\"185\" width=\"300\" title=\"Gray Paradise Sofa by Kerstin H\u00f6rlin-Holmquist\" onerror=\"this.style.display='none'\"  \/>\n\t<p>\u00ab\u00a0Mon exp\u00e9rience fut tr\u00e8s satisfaisante. J&rsquo;ai pu poser mes questions sur 1stDibs au service client, qui a \u00e9t\u00e9 d&rsquo;une aide pr\u00e9cieuse. Je repasserai commande sans h\u00e9siter.\u00a0\u00bb<\/p>\n\t<p>&#8211; Drew, avis d&rsquo;une cliente de 1stDibs<\/p>\n\t\t\t\t<img loading=\"lazy\" decoding=\"async\" src=\"https:\/\/www.1stdibs.com\/about\/wp-content\/uploads\/2023\/03\/5stars_shagreen.webp\" alt=\"5stars_shagreen\" itemprop=\"image\" height=\"24\" width=\"144\" title=\"5stars_shagreen\" onerror=\"this.style.display='none'\"  \/>\n\t\t\t\t<img loading=\"lazy\" decoding=\"async\" src=\"https:\/\/www.1stdibs.com\/about\/wp-content\/uploads\/2023\/03\/bracelet.jpg\" alt=\"Verdura carved agate and coral bracelet\" itemprop=\"image\" height=\"185\" width=\"300\" title=\"18k Yellow Gold carved agate and coral bracelet by Verdura\" onerror=\"this.style.display='none'\"  \/>\n\t<p>\u00ab\u00a0Le service client s&rsquo;est montr\u00e9 pertinent et tr\u00e8s r\u00e9actif. Cette plateforme est g\u00e9niale. Elle propose des objets du monde entier que vous ne trouverez nulle part ailleurs. Ces objets sont tellement magnifiques que je n&rsquo;en reviens pas.\u00a0\u00bb<\/p>\n\t<p>&#8211; Ranjan, avis d&rsquo;un client de 1stDibs<\/p>\n\t\t\t\t<img loading=\"lazy\" decoding=\"async\" src=\"https:\/\/www.1stdibs.com\/about\/wp-content\/uploads\/2023\/03\/5stars_shagreen.webp\" alt=\"5stars_shagreen\" itemprop=\"image\" height=\"24\" width=\"144\" title=\"5stars_shagreen\" onerror=\"this.style.display='none'\"  \/>\n\t\t\t\t<img loading=\"lazy\" decoding=\"async\" src=\"https:\/\/www.1stdibs.com\/about\/wp-content\/uploads\/2023\/03\/painting.webp\" alt=\"Double Bunny oil painting by Hunt Slonem\" itemprop=\"image\" height=\"185\" width=\"300\" title=\"Hunt Slonem Double Bunny painting in vintage gold frame\" onerror=\"this.style.display='none'\"  \/>\n\t<p>\u00ab\u00a01stDibs est fantastique. Cette plateforme permet de faire des achats uniques. Meubles, objets de collection et \u0153uvres d&rsquo;art sont superbement et savamment s\u00e9lectionn\u00e9s. Leur service client\u00e8le est rapide, r\u00e9actif et de premier ordre.\u00a0\u00bb<\/p>\n\t<p>&#8211; Thomas, avis d&rsquo;un client de 1stDibs<\/p>\n\t\t\t\t<img loading=\"lazy\" decoding=\"async\" src=\"https:\/\/www.1stdibs.com\/about\/wp-content\/uploads\/2023\/03\/5stars_shagreen.webp\" alt=\"5stars_shagreen\" itemprop=\"image\" height=\"24\" width=\"144\" title=\"5stars_shagreen\" onerror=\"this.style.display='none'\"  \/>\n\t\t\t\t<img loading=\"lazy\" decoding=\"async\" src=\"https:\/\/www.1stdibs.com\/about\/wp-content\/uploads\/2023\/03\/jason.webp\" alt=\"Jason Bolden 1stDibs Review\" itemprop=\"image\" height=\"460\" width=\"460\" title=\"Interior designer Adair Curtis and stylist Jason Bolden of JSN Studio\" onerror=\"this.style.display='none'\"  \/>\n\t\t\t\t<img loading=\"lazy\" decoding=\"async\" src=\"https:\/\/www.1stdibs.com\/about\/wp-content\/uploads\/2023\/03\/quotationmark1.webp\" alt=\"quotationmark1\" itemprop=\"image\" height=\"100\" width=\"114\" title=\"quotationmark1\" onerror=\"this.style.display='none'\"  \/>\n\t<p>Pr\u00e9parez-vous \u00e0 tomber amoureux des objets <em>les plus embl\u00e9matiques<\/em>, <em>fascinants<\/em> et <em>\u00e9l\u00e9gants<\/em> que vous puissiez trouver.<\/p>\n\t<p>&#8211; JASON BOLDEN, styliste et d\u00e9corateur d&rsquo;int\u00e9rieur<\/p>\n\t\t\t\t<img loading=\"lazy\" decoding=\"async\" src=\"https:\/\/www.1stdibs.com\/about\/wp-content\/uploads\/2023\/03\/quotationmark2.webp\" alt=\"quotationmark2\" itemprop=\"image\" height=\"100\" width=\"114\" title=\"quotationmark2\" onerror=\"this.style.display='none'\"  \/>\n<h2>\n\t\tSolutions d&rsquo;exp\u00e9dition et de logistique\n\t<\/h2>\n\t<p>1stDibs s&rsquo;associe aux principaux services d&rsquo;exp\u00e9dition afin d&rsquo;offrir une livraison enti\u00e8rement assur\u00e9e, presque partout dans le monde. Diff\u00e9rentes options d&rsquo;exp\u00e9dition vous sont propos\u00e9es en fonction de la taille, de la fragilit\u00e9 et de la localisation de l&rsquo;article. Les modes d&rsquo;exp\u00e9dition les plus courants chez 1stDibs sont la livraison \u00e0 domicile (pour les envois nationaux volumineux), le fret au pas de la porte (pour les envois internationaux ou les articles fragiles) et le colis (articles plus l\u00e9gers, dans des bo\u00eetes plus petites, exp\u00e9di\u00e9s par le vendeur via des transporteurs postaux standard).<\/p>\n\t<p>\u00ab\u00a0L&rsquo;article que j&rsquo;ai achet\u00e9 est d&rsquo;excellente qualit\u00e9. Il \u00e9tait d\u00e9crit et illustr\u00e9 avec pr\u00e9cision. Le vendeur a r\u00e9pondu rapidement aux demandes de renseignements. L&rsquo;article a \u00e9t\u00e9 soigneusement emball\u00e9 et l&rsquo;exp\u00e9dition a \u00e9t\u00e9 rapide. Je suis tr\u00e8s satisfaite de l&rsquo;ensemble de la transaction.\u00a0\u00bb<\/p>\n\t<p>&#8211; Debra, avis d&rsquo;une cliente de 1stDibs<\/p>\n\t\t\t\t<img loading=\"lazy\" decoding=\"async\" src=\"https:\/\/www.1stdibs.com\/about\/wp-content\/uploads\/2023\/03\/5stars.webp\" alt=\"5stars\" itemprop=\"image\" height=\"24\" width=\"144\" title=\"5stars\" onerror=\"this.style.display='none'\"  \/>\n\t<p>\u00ab\u00a0J&rsquo;ai pu n\u00e9gocier le prix de mon sac avec le vendeur, qui l&rsquo;a imm\u00e9diatement exp\u00e9di\u00e9. Je l&rsquo;ai re\u00e7u en quelques jours. Le sac est encore mieux que la description\u00a0; il est parfait et je l&rsquo;adore\u00a0!\u00a0\u00bb<\/p>\n\t<p>&#8211; Pamela, avis d&rsquo;une cliente de 1stDibs<\/p>\n\t\t\t\t<img loading=\"lazy\" decoding=\"async\" src=\"https:\/\/www.1stdibs.com\/about\/wp-content\/uploads\/2023\/03\/5stars.webp\" alt=\"5stars\" itemprop=\"image\" height=\"24\" width=\"144\" title=\"5stars\" onerror=\"this.style.display='none'\"  \/>\n\t<p>\u00ab\u00a0Ma premi\u00e8re transaction sur 1stDibs ne pouvait pas mieux se passer. Le prix \u00e9tait plus que correct, le vendeur a communiqu\u00e9 tout au long du processus, l&rsquo;exp\u00e9dition a \u00e9t\u00e9 rapide et le colis \u00e9tait tr\u00e8s bien pr\u00e9par\u00e9.\u00a0\u00bb<\/p>\n\t<p>&#8211; Wendy, avis d&rsquo;une cliente de 1stDibs<\/p>\n\t\t\t\t<img loading=\"lazy\" decoding=\"async\" src=\"https:\/\/www.1stdibs.com\/about\/wp-content\/uploads\/2023\/03\/5stars.webp\" alt=\"5stars\" itemprop=\"image\" height=\"24\" width=\"144\" title=\"5stars\" onerror=\"this.style.display='none'\"  \/>\n\t\t\t\t<img loading=\"lazy\" decoding=\"async\" src=\"https:\/\/www.1stdibs.com\/about\/wp-content\/uploads\/2023\/03\/quotationmark1.webp\" alt=\"quotationmark1\" itemprop=\"image\" height=\"100\" width=\"114\" title=\"quotationmark1\" onerror=\"this.style.display='none'\"  \/>\n\t<p>1stDibs est <em>id\u00e9al pour faire un cadeau original<\/em>, car tout ce qu&rsquo;on y trouve est unique.<\/p>\n\t<p>&#8211; JENNY WALTON, artiste et styliste<\/p>\n\t\t\t\t<img loading=\"lazy\" decoding=\"async\" src=\"https:\/\/www.1stdibs.com\/about\/wp-content\/uploads\/2023\/03\/quotationmark2.webp\" alt=\"quotationmark2\" itemprop=\"image\" height=\"100\" width=\"114\" title=\"quotationmark2\" onerror=\"this.style.display='none'\"  \/>\n\t\t\t\t<img loading=\"lazy\" decoding=\"async\" src=\"https:\/\/www.1stdibs.com\/about\/wp-content\/uploads\/2023\/03\/jenny.webp\" alt=\"Jenny Walton 1stDibs Review\" itemprop=\"image\" height=\"460\" width=\"460\" title=\"Artist and stylist Jenny Walton in orange dress\" onerror=\"this.style.display='none'\"  \/>\n\t<h2>Nous sommes l\u00e0 pour vous<\/h2>\n\t<p><em>Vous avez des questions ou besoin d&rsquo;autres informations\u00a0?<\/em><\/p>\n\t\t\t<a href=\"https:\/\/www.1stdibs.com\/fr\/contact\/\" target=\"_self\" rel=\"noopener\">\n\t\t\t\t\t\t\tNOUS CONTACTER\n\t\t\t\t\t<\/a>\n\t\t\t<a href=\"https:\/\/www.1stdibs.com\/fr\/\" target=\"_self\" rel=\"noopener\">\n\t\t\t\t\t\t\tPARCOURIR\n\t\t\t\t\t<\/a>\n\t<p>+1 877-721-3427\u00a0 |\u00a0 3\u00a0h-20\u00a0h (heure de l&rsquo;Est), du lundi au vendredi<\/p>\n\n","protected":false},"excerpt":{"rendered":"<p>Avis sur 1stDibs D\u00e9couvrez ce que les amoureux du design disent de nous PARCOURIR Des vendeurs prestigieux et fiables 1stDibs travaille avec plus de 4\u00a0000\u00a0vendeurs de confiance dans le monde entier. Tous les vendeurs font l&rsquo;objet d&rsquo;une \u00e9valuation compl\u00e8te de la part d&rsquo;experts 1stDibs afin de v\u00e9rifier l&rsquo;int\u00e9grit\u00e9 de leurs offres et la qualit\u00e9 de [&hellip;]<\/p>\n","protected":false},"author":14,"featured_media":0,"parent":0,"menu_order":0,"comment_status":"closed","ping_status":"closed","template":"templates\/template-promise.php","meta":{"_acf_changed":false,"footnotes":""},"class_list":["post-1714","page","type-page","status-publish","hentry"],"acf":[],"yoast_head":"<!-- This site is optimized with the Yoast SEO plugin v27.3 - https:\/\/yoast.com\/product\/yoast-seo-wordpress\/ -->\n<title>1stDibs\u00a0: avis et t\u00e9moignages | Plus de 75\u00a0000\u00a0\u00e9valuations 5\u00a0\u00e9toiles<\/title>\n<meta name=\"description\" content=\"D\u00e9couvrez pourquoi les passionn\u00e9s de design ne peuvent pas se passer de 1stDibs. Lisez les avis de vrais clients et leurs t\u00e9moignages pour savoir pourquoi ils sont fid\u00e8les \u00e0 1stDibs. Rejoignez la communaut\u00e9 d&#039;acheteurs exigeants qui font confiance \u00e0 1stDibs pour une s\u00e9lection in\u00e9gal\u00e9e et un service exceptionnel.\" \/>\n<meta name=\"robots\" content=\"index, follow, max-snippet:-1, max-image-preview:large, max-video-preview:-1\" \/>\n<link rel=\"canonical\" href=\"https:\/\/www.1stdibs.com\/about\/fr\/1stdibs-reviews\/\" \/>\n<meta property=\"og:locale\" content=\"fr_FR\" \/>\n<meta property=\"og:type\" content=\"article\" \/>\n<meta property=\"og:title\" content=\"1stDibs\u00a0: avis et t\u00e9moignages | Plus de 75\u00a0000\u00a0\u00e9valuations 5\u00a0\u00e9toiles\" \/>\n<meta property=\"og:description\" content=\"D\u00e9couvrez pourquoi les passionn\u00e9s de design ne peuvent pas se passer de 1stDibs. Lisez les avis de vrais clients et leurs t\u00e9moignages pour savoir pourquoi ils sont fid\u00e8les \u00e0 1stDibs. Rejoignez la communaut\u00e9 d&#039;acheteurs exigeants qui font confiance \u00e0 1stDibs pour une s\u00e9lection in\u00e9gal\u00e9e et un service exceptionnel.\" \/>\n<meta property=\"og:url\" content=\"https:\/\/www.1stdibs.com\/about\/fr\/1stdibs-reviews\/\" \/>\n<meta property=\"og:site_name\" content=\"1stDibs\" \/>\n<meta property=\"article:publisher\" content=\"https:\/\/www.facebook.com\/1stdibs\" \/>\n<meta property=\"article:modified_time\" content=\"2024-12-12T10:55:19+00:00\" \/>\n<meta property=\"og:image\" content=\"https:\/\/www.1stdibs.com\/about\/wp-content\/uploads\/2023\/03\/interior.webp\" \/>\n<meta name=\"twitter:card\" content=\"summary_large_image\" \/>\n<meta name=\"twitter:site\" content=\"@1stDibs\" \/>\n<meta name=\"twitter:label1\" content=\"Dur\u00e9e de lecture estim\u00e9e\" \/>\n\t<meta name=\"twitter:data1\" content=\"10 minutes\" \/>\n<script type=\"application\/ld+json\" class=\"yoast-schema-graph\">{\"@context\":\"https:\\\/\\\/schema.org\",\"@graph\":[{\"@type\":\"WebPage\",\"@id\":\"https:\\\/\\\/www.1stdibs.com\\\/about\\\/fr\\\/1stdibs-reviews\\\/\",\"url\":\"https:\\\/\\\/www.1stdibs.com\\\/about\\\/fr\\\/1stdibs-reviews\\\/\",\"name\":\"1stDibs\u00a0: avis et t\u00e9moignages | Plus de 75\u00a0000\u00a0\u00e9valuations 5\u00a0\u00e9toiles\",\"isPartOf\":{\"@id\":\"https:\\\/\\\/www.1stdibs.com\\\/about\\\/#website\"},\"primaryImageOfPage\":{\"@id\":\"https:\\\/\\\/www.1stdibs.com\\\/about\\\/fr\\\/1stdibs-reviews\\\/#primaryimage\"},\"image\":{\"@id\":\"https:\\\/\\\/www.1stdibs.com\\\/about\\\/fr\\\/1stdibs-reviews\\\/#primaryimage\"},\"thumbnailUrl\":\"https:\\\/\\\/www.1stdibs.com\\\/about\\\/wp-content\\\/uploads\\\/2023\\\/03\\\/interior.webp\",\"datePublished\":\"2024-08-19T15:22:51+00:00\",\"dateModified\":\"2024-12-12T10:55:19+00:00\",\"description\":\"D\u00e9couvrez pourquoi les passionn\u00e9s de design ne peuvent pas se passer de 1stDibs. Lisez les avis de vrais clients et leurs t\u00e9moignages pour savoir pourquoi ils sont fid\u00e8les \u00e0 1stDibs. Rejoignez la communaut\u00e9 d'acheteurs exigeants qui font confiance \u00e0 1stDibs pour une s\u00e9lection in\u00e9gal\u00e9e et un service exceptionnel.\",\"breadcrumb\":{\"@id\":\"https:\\\/\\\/www.1stdibs.com\\\/about\\\/fr\\\/1stdibs-reviews\\\/#breadcrumb\"},\"inLanguage\":\"fr-FR\",\"potentialAction\":[{\"@type\":\"ReadAction\",\"target\":[\"https:\\\/\\\/www.1stdibs.com\\\/about\\\/fr\\\/1stdibs-reviews\\\/\"]}]},{\"@type\":\"ImageObject\",\"inLanguage\":\"fr-FR\",\"@id\":\"https:\\\/\\\/www.1stdibs.com\\\/about\\\/fr\\\/1stdibs-reviews\\\/#primaryimage\",\"url\":\"https:\\\/\\\/www.1stdibs.com\\\/about\\\/wp-content\\\/uploads\\\/2023\\\/03\\\/interior.webp\",\"contentUrl\":\"https:\\\/\\\/www.1stdibs.com\\\/about\\\/wp-content\\\/uploads\\\/2023\\\/03\\\/interior.webp\"},{\"@type\":\"BreadcrumbList\",\"@id\":\"https:\\\/\\\/www.1stdibs.com\\\/about\\\/fr\\\/1stdibs-reviews\\\/#breadcrumb\",\"itemListElement\":[{\"@type\":\"ListItem\",\"position\":1,\"name\":\"Home\",\"item\":\"https:\\\/\\\/www.1stdibs.com\\\/about\\\/fr\\\/\"},{\"@type\":\"ListItem\",\"position\":2,\"name\":\"1stDibs\u00a0: avis et t\u00e9moignages\"}]},{\"@type\":\"WebSite\",\"@id\":\"https:\\\/\\\/www.1stdibs.com\\\/about\\\/#website\",\"url\":\"https:\\\/\\\/www.1stdibs.com\\\/about\\\/\",\"name\":\"1stDibs\",\"description\":\"Antique and Modern Furniture, Jewelry, Fashion &amp; Art\",\"publisher\":{\"@id\":\"https:\\\/\\\/www.1stdibs.com\\\/about\\\/#organization\"},\"potentialAction\":[{\"@type\":\"SearchAction\",\"target\":{\"@type\":\"EntryPoint\",\"urlTemplate\":\"https:\\\/\\\/www.1stdibs.com\\\/about\\\/?s={search_term_string}\"},\"query-input\":{\"@type\":\"PropertyValueSpecification\",\"valueRequired\":true,\"valueName\":\"search_term_string\"}}],\"inLanguage\":\"fr-FR\"},{\"@type\":\"Organization\",\"@id\":\"https:\\\/\\\/www.1stdibs.com\\\/about\\\/#organization\",\"name\":\"1stDibs\",\"url\":\"https:\\\/\\\/www.1stdibs.com\\\/about\\\/\",\"logo\":{\"@type\":\"ImageObject\",\"inLanguage\":\"fr-FR\",\"@id\":\"https:\\\/\\\/www.1stdibs.com\\\/about\\\/#\\\/schema\\\/logo\\\/image\\\/\",\"url\":\"https:\\\/\\\/www.1stdibs.com\\\/about\\\/wp-content\\\/uploads\\\/2020\\\/08\\\/1stdibs-logo-black-on-white-500px-padding.png\",\"contentUrl\":\"https:\\\/\\\/www.1stdibs.com\\\/about\\\/wp-content\\\/uploads\\\/2020\\\/08\\\/1stdibs-logo-black-on-white-500px-padding.png\",\"width\":500,\"height\":184,\"caption\":\"1stDibs\"},\"image\":{\"@id\":\"https:\\\/\\\/www.1stdibs.com\\\/about\\\/#\\\/schema\\\/logo\\\/image\\\/\"},\"sameAs\":[\"https:\\\/\\\/www.facebook.com\\\/1stdibs\",\"https:\\\/\\\/x.com\\\/1stDibs\",\"https:\\\/\\\/instagram.com\\\/1stdibs\\\/\",\"https:\\\/\\\/www.linkedin.com\\\/company\\\/1stdibs-com\\\/\",\"https:\\\/\\\/www.pinterest.com\\\/1stdibs\\\/\"]}]}<\/script>\n<!-- \/ Yoast SEO plugin. -->","yoast_head_json":{"title":"1stDibs\u00a0: avis et t\u00e9moignages | Plus de 75\u00a0000\u00a0\u00e9valuations 5\u00a0\u00e9toiles","description":"D\u00e9couvrez pourquoi les passionn\u00e9s de design ne peuvent pas se passer de 1stDibs. Lisez les avis de vrais clients et leurs t\u00e9moignages pour savoir pourquoi ils sont fid\u00e8les \u00e0 1stDibs. Rejoignez la communaut\u00e9 d'acheteurs exigeants qui font confiance \u00e0 1stDibs pour une s\u00e9lection in\u00e9gal\u00e9e et un service exceptionnel.","robots":{"index":"index","follow":"follow","max-snippet":"max-snippet:-1","max-image-preview":"max-image-preview:large","max-video-preview":"max-video-preview:-1"},"canonical":"https:\/\/www.1stdibs.com\/about\/fr\/1stdibs-reviews\/","og_locale":"fr_FR","og_type":"article","og_title":"1stDibs\u00a0: avis et t\u00e9moignages | Plus de 75\u00a0000\u00a0\u00e9valuations 5\u00a0\u00e9toiles","og_description":"D\u00e9couvrez pourquoi les passionn\u00e9s de design ne peuvent pas se passer de 1stDibs. Lisez les avis de vrais clients et leurs t\u00e9moignages pour savoir pourquoi ils sont fid\u00e8les \u00e0 1stDibs. Rejoignez la communaut\u00e9 d'acheteurs exigeants qui font confiance \u00e0 1stDibs pour une s\u00e9lection in\u00e9gal\u00e9e et un service exceptionnel.","og_url":"https:\/\/www.1stdibs.com\/about\/fr\/1stdibs-reviews\/","og_site_name":"1stDibs","article_publisher":"https:\/\/www.facebook.com\/1stdibs","article_modified_time":"2024-12-12T10:55:19+00:00","og_image":[{"url":"https:\/\/www.1stdibs.com\/about\/wp-content\/uploads\/2023\/03\/interior.webp","type":"","width":"","height":""}],"twitter_card":"summary_large_image","twitter_site":"@1stDibs","twitter_misc":{"Dur\u00e9e de lecture estim\u00e9e":"10 minutes"},"schema":{"@context":"https:\/\/schema.org","@graph":[{"@type":"WebPage","@id":"https:\/\/www.1stdibs.com\/about\/fr\/1stdibs-reviews\/","url":"https:\/\/www.1stdibs.com\/about\/fr\/1stdibs-reviews\/","name":"1stDibs\u00a0: avis et t\u00e9moignages | Plus de 75\u00a0000\u00a0\u00e9valuations 5\u00a0\u00e9toiles","isPartOf":{"@id":"https:\/\/www.1stdibs.com\/about\/#website"},"primaryImageOfPage":{"@id":"https:\/\/www.1stdibs.com\/about\/fr\/1stdibs-reviews\/#primaryimage"},"image":{"@id":"https:\/\/www.1stdibs.com\/about\/fr\/1stdibs-reviews\/#primaryimage"},"thumbnailUrl":"https:\/\/www.1stdibs.com\/about\/wp-content\/uploads\/2023\/03\/interior.webp","datePublished":"2024-08-19T15:22:51+00:00","dateModified":"2024-12-12T10:55:19+00:00","description":"D\u00e9couvrez pourquoi les passionn\u00e9s de design ne peuvent pas se passer de 1stDibs. Lisez les avis de vrais clients et leurs t\u00e9moignages pour savoir pourquoi ils sont fid\u00e8les \u00e0 1stDibs. Rejoignez la communaut\u00e9 d'acheteurs exigeants qui font confiance \u00e0 1stDibs pour une s\u00e9lection in\u00e9gal\u00e9e et un service exceptionnel.","breadcrumb":{"@id":"https:\/\/www.1stdibs.com\/about\/fr\/1stdibs-reviews\/#breadcrumb"},"inLanguage":"fr-FR","potentialAction":[{"@type":"ReadAction","target":["https:\/\/www.1stdibs.com\/about\/fr\/1stdibs-reviews\/"]}]},{"@type":"ImageObject","inLanguage":"fr-FR","@id":"https:\/\/www.1stdibs.com\/about\/fr\/1stdibs-reviews\/#primaryimage","url":"https:\/\/www.1stdibs.com\/about\/wp-content\/uploads\/2023\/03\/interior.webp","contentUrl":"https:\/\/www.1stdibs.com\/about\/wp-content\/uploads\/2023\/03\/interior.webp"},{"@type":"BreadcrumbList","@id":"https:\/\/www.1stdibs.com\/about\/fr\/1stdibs-reviews\/#breadcrumb","itemListElement":[{"@type":"ListItem","position":1,"name":"Home","item":"https:\/\/www.1stdibs.com\/about\/fr\/"},{"@type":"ListItem","position":2,"name":"1stDibs\u00a0: avis et t\u00e9moignages"}]},{"@type":"WebSite","@id":"https:\/\/www.1stdibs.com\/about\/#website","url":"https:\/\/www.1stdibs.com\/about\/","name":"1stDibs","description":"Antique and Modern Furniture, Jewelry, Fashion &amp; Art","publisher":{"@id":"https:\/\/www.1stdibs.com\/about\/#organization"},"potentialAction":[{"@type":"SearchAction","target":{"@type":"EntryPoint","urlTemplate":"https:\/\/www.1stdibs.com\/about\/?s={search_term_string}"},"query-input":{"@type":"PropertyValueSpecification","valueRequired":true,"valueName":"search_term_string"}}],"inLanguage":"fr-FR"},{"@type":"Organization","@id":"https:\/\/www.1stdibs.com\/about\/#organization","name":"1stDibs","url":"https:\/\/www.1stdibs.com\/about\/","logo":{"@type":"ImageObject","inLanguage":"fr-FR","@id":"https:\/\/www.1stdibs.com\/about\/#\/schema\/logo\/image\/","url":"https:\/\/www.1stdibs.com\/about\/wp-content\/uploads\/2020\/08\/1stdibs-logo-black-on-white-500px-padding.png","contentUrl":"https:\/\/www.1stdibs.com\/about\/wp-content\/uploads\/2020\/08\/1stdibs-logo-black-on-white-500px-padding.png","width":500,"height":184,"caption":"1stDibs"},"image":{"@id":"https:\/\/www.1stdibs.com\/about\/#\/schema\/logo\/image\/"},"sameAs":["https:\/\/www.facebook.com\/1stdibs","https:\/\/x.com\/1stDibs","https:\/\/instagram.com\/1stdibs\/","https:\/\/www.linkedin.com\/company\/1stdibs-com\/","https:\/\/www.pinterest.com\/1stdibs\/"]}]}},"_links":{"self":[{"href":"https:\/\/www.1stdibs.com\/about\/fr\/wp-json\/wp\/v2\/pages\/1714","targetHints":{"allow":["GET"]}}],"collection":[{"href":"https:\/\/www.1stdibs.com\/about\/fr\/wp-json\/wp\/v2\/pages"}],"about":[{"href":"https:\/\/www.1stdibs.com\/about\/fr\/wp-json\/wp\/v2\/types\/page"}],"author":[{"embeddable":true,"href":"https:\/\/www.1stdibs.com\/about\/fr\/wp-json\/wp\/v2\/users\/14"}],"replies":[{"embeddable":true,"href":"https:\/\/www.1stdibs.com\/about\/fr\/wp-json\/wp\/v2\/comments?post=1714"}],"version-history":[{"count":0,"href":"https:\/\/www.1stdibs.com\/about\/fr\/wp-json\/wp\/v2\/pages\/1714\/revisions"}],"wp:attachment":[{"href":"https:\/\/www.1stdibs.com\/about\/fr\/wp-json\/wp\/v2\/media?parent=1714"}],"curies":[{"name":"wp","href":"https:\/\/api.w.org\/{rel}","templated":true}]}}