{"id":2001,"date":"2026-04-09T08:06:39","date_gmt":"2026-04-09T08:06:39","guid":{"rendered":"https:\/\/www.1stdibs.com\/about\/protection-des-achats-1stdibs\/"},"modified":"2026-04-14T05:40:55","modified_gmt":"2026-04-14T05:40:55","slug":"protection-des-achats-1stdibs","status":"publish","type":"page","link":"https:\/\/www.1stdibs.com\/about\/fr\/protection-des-achats-1stdibs\/","title":{"rendered":"Protection des achats 1stDibs"},"content":{"rendered":"\n\n\t<h1>Protection des achats 1stDibs<\/h1>\n\t<h2>Magasinez en toute confiance. Nous sommes l\u00e0 pour vous. <\/h2>\n<figure itemscope itemtype=\"https:\/\/schema.org\/ImageObject\">\n\t\t\t\t<img decoding=\"async\" src=\"https:\/\/www.1stdibs.com\/about\/wp-content\/uploads\/2026\/04\/authenticity.png\" alt=\"authenticity\" height=\"96\" width=\"96\" title=\"authenticity\" onerror=\"this.style.display='none'\" loading=\"lazy\" \/>\n\t<\/figure>\n\t<h2>Authenticit\u00e9 garantie<\/h2>\n\t<p>Si l&rsquo;article n&rsquo;est pas authentique, vous \u00eates rembours\u00e9. Nous vous donnons un an pour signaler tout probl\u00e8me d&rsquo;authenticit\u00e9 d&rsquo;un article et obtenir un remboursement \u00e0 100 %. <\/p>\n<p><a href=\"https:\/\/support.1stdibs.com\/hc\/fr\/articles\/20416652048027-Authenticity-Guarantee-Policy?_ga=2.250133710.953451350.1719163659-514386873.1713825651&amp;_gac=1.52999642.1716314909.Cj0KCQjwjLGyBhCYARIsAPqTz18QC3f1UFH-6P87s6gU_Xd_gGr3TcDTNJaxpH9wbG1BTEte-r16bPwaAhtkEALw_wcB\">En savoir plus<\/a><\/p>\n<figure itemscope itemtype=\"https:\/\/schema.org\/ImageObject\">\n\t\t\t\t<img decoding=\"async\" src=\"https:\/\/www.1stdibs.com\/about\/wp-content\/uploads\/2026\/04\/sellers.png\" alt=\"sellers\" height=\"96\" width=\"96\" title=\"sellers\" onerror=\"this.style.display='none'\" loading=\"lazy\" \/>\n\t<\/figure>\n\t<h2>Des vendeurs que nous connaissons et auxquels nous faisons confiance<\/h2>\n\t<p>Nous ne laissons pas n&rsquo;importe qui vendre ici. Chaque vendeur sur notre plateforme est un professionnel qui a pass\u00e9 avec succ\u00e8s nos normes strictes en mati\u00e8re de qualit\u00e9 de l&rsquo;inventaire et de service avant de pouvoir mettre en vente un seul article. <\/p>\n<p><a href=\"https:\/\/www.1stdibs.com\/about\/fr\/?page_id=1591&#038;page_id=323\">En savoir plus<\/a><\/p>\n<figure itemscope itemtype=\"https:\/\/schema.org\/ImageObject\">\n\t\t\t\t<img decoding=\"async\" src=\"https:\/\/www.1stdibs.com\/about\/wp-content\/uploads\/2026\/04\/moneyback.png\" alt=\"moneyback\" height=\"96\" width=\"96\" title=\"moneyback\" onerror=\"this.style.display='none'\" loading=\"lazy\" \/>\n\t<\/figure>\n\t<h2>Garantie de remboursement<\/h2>\n\t<p>Si votre article est endommag\u00e9, n&rsquo;arrive jamais ou ne correspond pas \u00e0 vos attentes, veuillez nous en informer dans les 7 jours.<\/p>\n<p><a href=\"https:\/\/support.1stdibs.com\/hc\/fr\/articles\/14552578793371-Purchase-Protection-Money-Back-Guarantee-Policy\">En savoir plus<\/a><\/p>\n<figure itemscope itemtype=\"https:\/\/schema.org\/ImageObject\">\n\t\t\t\t<img decoding=\"async\" src=\"https:\/\/www.1stdibs.com\/about\/wp-content\/uploads\/2026\/04\/pricematching.png\" alt=\"pricematching\" height=\"96\" width=\"96\" title=\"pricematching\" onerror=\"this.style.display='none'\" loading=\"lazy\" \/>\n\t<\/figure>\n\t<h2>Garantie d&rsquo;alignement des prix<\/h2>\n\t<p>Vous ne devriez pas avoir \u00e0 chercher ailleurs. Si le m\u00eame vendeur propose cet article \u00e0 un prix inf\u00e9rieur ailleurs, nous nous alignerons sur ce prix. <\/p>\n<p><a href=\"https:\/\/support.1stdibs.com\/hc\/fr\/articles\/15203720988699-Price-Match-Guarantee\">En savoir plus<\/a><\/p>\n<figure itemscope itemtype=\"https:\/\/schema.org\/ImageObject\">\n\t\t\t\t<img decoding=\"async\" src=\"https:\/\/www.1stdibs.com\/about\/wp-content\/uploads\/2026\/04\/support.png\" alt=\"support\" height=\"96\" width=\"96\" title=\"support\" onerror=\"this.style.display='none'\" loading=\"lazy\" \/>\n\t<\/figure>\n\t<h2>Soutien r\u00e9el<\/h2>\n\t<p>Nos sp\u00e9cialistes sont l\u00e0 pour r\u00e9pondre \u00e0 vos questions et traiter toutes les questions relatives aux commandes, du d\u00e9but \u00e0 la fin.<\/p>\n<p><a href=\"https:\/\/www.1stdibs.com\/fr\/contact\/\">En savoir plus<\/a><\/p>\n<figure itemscope itemtype=\"https:\/\/schema.org\/ImageObject\">\n\t\t\t\t<img decoding=\"async\" src=\"https:\/\/www.1stdibs.com\/about\/wp-content\/uploads\/2026\/04\/24hour.png\" alt=\"24hour\" height=\"96\" width=\"96\" title=\"24hour\" onerror=\"this.style.display='none'\" loading=\"lazy\" \/>\n\t<\/figure>\n\t<h2>Des \u00ab\u00a0secondes pens\u00e9es\u00a0\u00bb 24 heures sur 24<\/h2>\n\t<p>Le remords de l&rsquo;acheteur existe. Vous disposez d&rsquo;un d\u00e9lai de 24 heures pour annuler votre commande pour quelque raison que ce soit &#8211; sans questions et sans frais. <\/p>\n<p><a href=\"https:\/\/support.1stdibs.com\/hc\/fr\/articles\/14544967384731-Cancellation-Policy?_ga=2.219059409.953451350.1719163659-514386873.1713825651&amp;_gac=1.215281893.1716314909.Cj0KCQjwjLGyBhCYARIsAPqTz18QC3f1UFH-6P87s6gU_Xd_gGr3TcDTNJaxpH9wbG1BTEte-r16bPwaAhtkEALw_wcB\">En savoir plus<\/a><\/p>\n<figure itemscope itemtype=\"https:\/\/schema.org\/ImageObject\">\n\t\t\t\t<img decoding=\"async\" src=\"https:\/\/www.1stdibs.com\/about\/wp-content\/uploads\/2026\/04\/shipping.png\" alt=\"shipping\" height=\"96\" width=\"96\" title=\"shipping\" onerror=\"this.style.display='none'\" loading=\"lazy\" \/>\n\t<\/figure>\n\t<h2>Livraison mondiale prot\u00e9g\u00e9e<\/h2>\n\t<p>Votre pi\u00e8ce est suivie, assur\u00e9e et livr\u00e9e exactement l\u00e0 o\u00f9 vous le souhaitez.<\/p>\n<p><a href=\"https:\/\/support.1stdibs.com\/hc\/fr\/articles\/14516879314587-Shipping-Methods?_ga=2.254253888.953451350.1719163659-514386873.1713825651&amp;_gac=1.61849310.1716314909.Cj0KCQjwjLGyBhCYARIsAPqTz18QC3f1UFH-6P87s6gU_Xd_gGr3TcDTNJaxpH9wbG1BTEte-r16bPwaAhtkEALw_wcB\">En savoir plus<\/a><\/p>\n\n","protected":false},"excerpt":{"rendered":"<p>Protection des achats 1stDibs Magasinez en toute confiance. Nous sommes l\u00e0 pour vous. Authenticit\u00e9 garantie Si l&rsquo;article n&rsquo;est pas authentique, vous \u00eates rembours\u00e9. Nous vous donnons un an pour signaler tout probl\u00e8me d&rsquo;authenticit\u00e9 d&rsquo;un article et obtenir un remboursement \u00e0 100 %. En savoir plus Des vendeurs que nous connaissons et auxquels nous faisons confiance [&hellip;]<\/p>\n","protected":false},"author":14,"featured_media":0,"parent":0,"menu_order":0,"comment_status":"closed","ping_status":"closed","template":"templates\/template-promise.php","meta":{"_acf_changed":false,"footnotes":""},"class_list":["post-2001","page","type-page","status-publish","hentry"],"acf":[],"yoast_head":"<!-- This site is optimized with the Yoast SEO plugin v27.3 - https:\/\/yoast.com\/product\/yoast-seo-wordpress\/ -->\n<title>Protection des achats 1stDibs - 1stDibs<\/title>\n<meta name=\"robots\" content=\"index, follow, max-snippet:-1, max-image-preview:large, max-video-preview:-1\" \/>\n<link rel=\"canonical\" href=\"https:\/\/www.1stdibs.com\/about\/fr\/protection-des-achats-1stdibs\/\" \/>\n<meta property=\"og:locale\" content=\"fr_FR\" \/>\n<meta property=\"og:type\" content=\"article\" \/>\n<meta property=\"og:title\" content=\"Protection des achats 1stDibs - 1stDibs\" \/>\n<meta property=\"og:description\" content=\"Protection des achats 1stDibs Magasinez en toute confiance. Nous sommes l\u00e0 pour vous. Authenticit\u00e9 garantie Si l&rsquo;article n&rsquo;est pas authentique, vous \u00eates rembours\u00e9. Nous vous donnons un an pour signaler tout probl\u00e8me d&rsquo;authenticit\u00e9 d&rsquo;un article et obtenir un remboursement \u00e0 100 %. En savoir plus Des vendeurs que nous connaissons et auxquels nous faisons confiance [&hellip;]\" \/>\n<meta property=\"og:url\" content=\"https:\/\/www.1stdibs.com\/about\/fr\/protection-des-achats-1stdibs\/\" \/>\n<meta property=\"og:site_name\" content=\"1stDibs\" \/>\n<meta property=\"article:publisher\" content=\"https:\/\/www.facebook.com\/1stdibs\" \/>\n<meta property=\"article:modified_time\" content=\"2026-04-14T05:40:55+00:00\" \/>\n<meta property=\"og:image\" content=\"https:\/\/www.1stdibs.com\/about\/wp-content\/uploads\/2026\/04\/authenticity.png\" \/>\n<meta name=\"twitter:card\" content=\"summary_large_image\" \/>\n<meta name=\"twitter:site\" content=\"@1stDibs\" \/>\n<meta name=\"twitter:label1\" content=\"Dur\u00e9e de lecture estim\u00e9e\" \/>\n\t<meta name=\"twitter:data1\" content=\"1 minute\" \/>\n<script type=\"application\/ld+json\" class=\"yoast-schema-graph\">{\"@context\":\"https:\\\/\\\/schema.org\",\"@graph\":[{\"@type\":\"WebPage\",\"@id\":\"https:\\\/\\\/www.1stdibs.com\\\/about\\\/fr\\\/protection-des-achats-1stdibs\\\/\",\"url\":\"https:\\\/\\\/www.1stdibs.com\\\/about\\\/fr\\\/protection-des-achats-1stdibs\\\/\",\"name\":\"Protection des achats 1stDibs - 1stDibs\",\"isPartOf\":{\"@id\":\"https:\\\/\\\/www.1stdibs.com\\\/about\\\/#website\"},\"primaryImageOfPage\":{\"@id\":\"https:\\\/\\\/www.1stdibs.com\\\/about\\\/fr\\\/protection-des-achats-1stdibs\\\/#primaryimage\"},\"image\":{\"@id\":\"https:\\\/\\\/www.1stdibs.com\\\/about\\\/fr\\\/protection-des-achats-1stdibs\\\/#primaryimage\"},\"thumbnailUrl\":\"https:\\\/\\\/www.1stdibs.com\\\/about\\\/wp-content\\\/uploads\\\/2026\\\/04\\\/authenticity.png\",\"datePublished\":\"2026-04-09T08:06:39+00:00\",\"dateModified\":\"2026-04-14T05:40:55+00:00\",\"breadcrumb\":{\"@id\":\"https:\\\/\\\/www.1stdibs.com\\\/about\\\/fr\\\/protection-des-achats-1stdibs\\\/#breadcrumb\"},\"inLanguage\":\"fr-FR\",\"potentialAction\":[{\"@type\":\"ReadAction\",\"target\":[\"https:\\\/\\\/www.1stdibs.com\\\/about\\\/fr\\\/protection-des-achats-1stdibs\\\/\"]}]},{\"@type\":\"ImageObject\",\"inLanguage\":\"fr-FR\",\"@id\":\"https:\\\/\\\/www.1stdibs.com\\\/about\\\/fr\\\/protection-des-achats-1stdibs\\\/#primaryimage\",\"url\":\"https:\\\/\\\/www.1stdibs.com\\\/about\\\/wp-content\\\/uploads\\\/2026\\\/04\\\/authenticity.png\",\"contentUrl\":\"https:\\\/\\\/www.1stdibs.com\\\/about\\\/wp-content\\\/uploads\\\/2026\\\/04\\\/authenticity.png\"},{\"@type\":\"BreadcrumbList\",\"@id\":\"https:\\\/\\\/www.1stdibs.com\\\/about\\\/fr\\\/protection-des-achats-1stdibs\\\/#breadcrumb\",\"itemListElement\":[{\"@type\":\"ListItem\",\"position\":1,\"name\":\"Home\",\"item\":\"https:\\\/\\\/www.1stdibs.com\\\/about\\\/fr\\\/\"},{\"@type\":\"ListItem\",\"position\":2,\"name\":\"Protection des achats 1stDibs\"}]},{\"@type\":\"WebSite\",\"@id\":\"https:\\\/\\\/www.1stdibs.com\\\/about\\\/#website\",\"url\":\"https:\\\/\\\/www.1stdibs.com\\\/about\\\/\",\"name\":\"1stDibs\",\"description\":\"Antique and Modern Furniture, Jewelry, Fashion &amp; Art\",\"publisher\":{\"@id\":\"https:\\\/\\\/www.1stdibs.com\\\/about\\\/#organization\"},\"potentialAction\":[{\"@type\":\"SearchAction\",\"target\":{\"@type\":\"EntryPoint\",\"urlTemplate\":\"https:\\\/\\\/www.1stdibs.com\\\/about\\\/?s={search_term_string}\"},\"query-input\":{\"@type\":\"PropertyValueSpecification\",\"valueRequired\":true,\"valueName\":\"search_term_string\"}}],\"inLanguage\":\"fr-FR\"},{\"@type\":\"Organization\",\"@id\":\"https:\\\/\\\/www.1stdibs.com\\\/about\\\/#organization\",\"name\":\"1stDibs\",\"url\":\"https:\\\/\\\/www.1stdibs.com\\\/about\\\/\",\"logo\":{\"@type\":\"ImageObject\",\"inLanguage\":\"fr-FR\",\"@id\":\"https:\\\/\\\/www.1stdibs.com\\\/about\\\/#\\\/schema\\\/logo\\\/image\\\/\",\"url\":\"https:\\\/\\\/www.1stdibs.com\\\/about\\\/wp-content\\\/uploads\\\/2020\\\/08\\\/1stdibs-logo-black-on-white-500px-padding.png\",\"contentUrl\":\"https:\\\/\\\/www.1stdibs.com\\\/about\\\/wp-content\\\/uploads\\\/2020\\\/08\\\/1stdibs-logo-black-on-white-500px-padding.png\",\"width\":500,\"height\":184,\"caption\":\"1stDibs\"},\"image\":{\"@id\":\"https:\\\/\\\/www.1stdibs.com\\\/about\\\/#\\\/schema\\\/logo\\\/image\\\/\"},\"sameAs\":[\"https:\\\/\\\/www.facebook.com\\\/1stdibs\",\"https:\\\/\\\/x.com\\\/1stDibs\",\"https:\\\/\\\/instagram.com\\\/1stdibs\\\/\",\"https:\\\/\\\/www.linkedin.com\\\/company\\\/1stdibs-com\\\/\",\"https:\\\/\\\/www.pinterest.com\\\/1stdibs\\\/\"]}]}<\/script>\n<!-- \/ Yoast SEO plugin. -->","yoast_head_json":{"title":"Protection des achats 1stDibs - 1stDibs","robots":{"index":"index","follow":"follow","max-snippet":"max-snippet:-1","max-image-preview":"max-image-preview:large","max-video-preview":"max-video-preview:-1"},"canonical":"https:\/\/www.1stdibs.com\/about\/fr\/protection-des-achats-1stdibs\/","og_locale":"fr_FR","og_type":"article","og_title":"Protection des achats 1stDibs - 1stDibs","og_description":"Protection des achats 1stDibs Magasinez en toute confiance. Nous sommes l\u00e0 pour vous. Authenticit\u00e9 garantie Si l&rsquo;article n&rsquo;est pas authentique, vous \u00eates rembours\u00e9. Nous vous donnons un an pour signaler tout probl\u00e8me d&rsquo;authenticit\u00e9 d&rsquo;un article et obtenir un remboursement \u00e0 100 %. En savoir plus Des vendeurs que nous connaissons et auxquels nous faisons confiance [&hellip;]","og_url":"https:\/\/www.1stdibs.com\/about\/fr\/protection-des-achats-1stdibs\/","og_site_name":"1stDibs","article_publisher":"https:\/\/www.facebook.com\/1stdibs","article_modified_time":"2026-04-14T05:40:55+00:00","og_image":[{"url":"https:\/\/www.1stdibs.com\/about\/wp-content\/uploads\/2026\/04\/authenticity.png","type":"","width":"","height":""}],"twitter_card":"summary_large_image","twitter_site":"@1stDibs","twitter_misc":{"Dur\u00e9e de lecture estim\u00e9e":"1 minute"},"schema":{"@context":"https:\/\/schema.org","@graph":[{"@type":"WebPage","@id":"https:\/\/www.1stdibs.com\/about\/fr\/protection-des-achats-1stdibs\/","url":"https:\/\/www.1stdibs.com\/about\/fr\/protection-des-achats-1stdibs\/","name":"Protection des achats 1stDibs - 1stDibs","isPartOf":{"@id":"https:\/\/www.1stdibs.com\/about\/#website"},"primaryImageOfPage":{"@id":"https:\/\/www.1stdibs.com\/about\/fr\/protection-des-achats-1stdibs\/#primaryimage"},"image":{"@id":"https:\/\/www.1stdibs.com\/about\/fr\/protection-des-achats-1stdibs\/#primaryimage"},"thumbnailUrl":"https:\/\/www.1stdibs.com\/about\/wp-content\/uploads\/2026\/04\/authenticity.png","datePublished":"2026-04-09T08:06:39+00:00","dateModified":"2026-04-14T05:40:55+00:00","breadcrumb":{"@id":"https:\/\/www.1stdibs.com\/about\/fr\/protection-des-achats-1stdibs\/#breadcrumb"},"inLanguage":"fr-FR","potentialAction":[{"@type":"ReadAction","target":["https:\/\/www.1stdibs.com\/about\/fr\/protection-des-achats-1stdibs\/"]}]},{"@type":"ImageObject","inLanguage":"fr-FR","@id":"https:\/\/www.1stdibs.com\/about\/fr\/protection-des-achats-1stdibs\/#primaryimage","url":"https:\/\/www.1stdibs.com\/about\/wp-content\/uploads\/2026\/04\/authenticity.png","contentUrl":"https:\/\/www.1stdibs.com\/about\/wp-content\/uploads\/2026\/04\/authenticity.png"},{"@type":"BreadcrumbList","@id":"https:\/\/www.1stdibs.com\/about\/fr\/protection-des-achats-1stdibs\/#breadcrumb","itemListElement":[{"@type":"ListItem","position":1,"name":"Home","item":"https:\/\/www.1stdibs.com\/about\/fr\/"},{"@type":"ListItem","position":2,"name":"Protection des achats 1stDibs"}]},{"@type":"WebSite","@id":"https:\/\/www.1stdibs.com\/about\/#website","url":"https:\/\/www.1stdibs.com\/about\/","name":"1stDibs","description":"Antique and Modern Furniture, Jewelry, Fashion &amp; Art","publisher":{"@id":"https:\/\/www.1stdibs.com\/about\/#organization"},"potentialAction":[{"@type":"SearchAction","target":{"@type":"EntryPoint","urlTemplate":"https:\/\/www.1stdibs.com\/about\/?s={search_term_string}"},"query-input":{"@type":"PropertyValueSpecification","valueRequired":true,"valueName":"search_term_string"}}],"inLanguage":"fr-FR"},{"@type":"Organization","@id":"https:\/\/www.1stdibs.com\/about\/#organization","name":"1stDibs","url":"https:\/\/www.1stdibs.com\/about\/","logo":{"@type":"ImageObject","inLanguage":"fr-FR","@id":"https:\/\/www.1stdibs.com\/about\/#\/schema\/logo\/image\/","url":"https:\/\/www.1stdibs.com\/about\/wp-content\/uploads\/2020\/08\/1stdibs-logo-black-on-white-500px-padding.png","contentUrl":"https:\/\/www.1stdibs.com\/about\/wp-content\/uploads\/2020\/08\/1stdibs-logo-black-on-white-500px-padding.png","width":500,"height":184,"caption":"1stDibs"},"image":{"@id":"https:\/\/www.1stdibs.com\/about\/#\/schema\/logo\/image\/"},"sameAs":["https:\/\/www.facebook.com\/1stdibs","https:\/\/x.com\/1stDibs","https:\/\/instagram.com\/1stdibs\/","https:\/\/www.linkedin.com\/company\/1stdibs-com\/","https:\/\/www.pinterest.com\/1stdibs\/"]}]}},"_links":{"self":[{"href":"https:\/\/www.1stdibs.com\/about\/fr\/wp-json\/wp\/v2\/pages\/2001","targetHints":{"allow":["GET"]}}],"collection":[{"href":"https:\/\/www.1stdibs.com\/about\/fr\/wp-json\/wp\/v2\/pages"}],"about":[{"href":"https:\/\/www.1stdibs.com\/about\/fr\/wp-json\/wp\/v2\/types\/page"}],"author":[{"embeddable":true,"href":"https:\/\/www.1stdibs.com\/about\/fr\/wp-json\/wp\/v2\/users\/14"}],"replies":[{"embeddable":true,"href":"https:\/\/www.1stdibs.com\/about\/fr\/wp-json\/wp\/v2\/comments?post=2001"}],"version-history":[{"count":0,"href":"https:\/\/www.1stdibs.com\/about\/fr\/wp-json\/wp\/v2\/pages\/2001\/revisions"}],"wp:attachment":[{"href":"https:\/\/www.1stdibs.com\/about\/fr\/wp-json\/wp\/v2\/media?parent=2001"}],"curies":[{"name":"wp","href":"https:\/\/api.w.org\/{rel}","templated":true}]}}