{"id":1716,"date":"2024-08-20T12:48:45","date_gmt":"2024-08-20T12:48:45","guid":{"rendered":"https:\/\/www.1stdibs.com\/about\/recensioni-e-testimonial-su-1stdibs\/"},"modified":"2024-12-09T13:49:37","modified_gmt":"2024-12-09T13:49:37","slug":"1stdibs-reviews","status":"publish","type":"page","link":"https:\/\/www.1stdibs.com\/about\/it\/1stdibs-reviews\/","title":{"rendered":"Recensioni e testimonial su 1stDibs"},"content":{"rendered":"\r\n<h1>Recensioni su 1stDibs<\/h1>\r\n<h2>Scopri cosa <em>dicono di noi<\/em> gli amanti del design<\/h2>\r\n<p><img loading=\"lazy\" decoding=\"async\" title=\"Interior of a dining with an Artichoke Lamp and purple painting\" src=\"https:\/\/www.1stdibs.com\/about\/wp-content\/uploads\/2023\/03\/interior.webp\" alt=\"Purple painting and Artichoke Lamp in dining room interior\" width=\"580\" height=\"607\" \/> <img decoding=\"async\" src=\"https:\/\/www.1stdibs.com\/about\/wp-content\/uploads\/2024\/09\/customer_review_page_topquote1-4.jpg\" alt=\"\" \/> <img decoding=\"async\" src=\"https:\/\/www.1stdibs.com\/about\/wp-content\/uploads\/2024\/09\/customer_review_page_topquote1-4.jpg\" alt=\"\" \/> <img decoding=\"async\" src=\"https:\/\/www.1stdibs.com\/about\/wp-content\/uploads\/2024\/09\/customer_review_page_topquote2-4.jpg\" alt=\"\" \/> <img decoding=\"async\" src=\"https:\/\/www.1stdibs.com\/about\/wp-content\/uploads\/2024\/09\/customer_review_page_topquote2-4.jpg\" alt=\"\" \/> <img decoding=\"async\" src=\"https:\/\/www.1stdibs.com\/about\/wp-content\/uploads\/2024\/09\/customer_review_page_topquote3-4.jpg\" alt=\"\" \/> <img decoding=\"async\" src=\"https:\/\/www.1stdibs.com\/about\/wp-content\/uploads\/2024\/09\/customer_review_page_topquote3-4.jpg\" alt=\"\" \/> <img decoding=\"async\" src=\"https:\/\/www.1stdibs.com\/about\/wp-content\/uploads\/2024\/09\/customer_review_page_topquote4-4.jpg\" alt=\"\" \/> <img decoding=\"async\" src=\"https:\/\/www.1stdibs.com\/about\/wp-content\/uploads\/2024\/09\/customer_review_page_topquote4-4.jpg\" alt=\"\" \/> <a href=\"https:\/\/www.1stdibs.com\/it\/\" target=\"_self\" rel=\"noopener\"> COMINCIA AD ACQUISTARE <\/a><\/p>\r\n<h2>Venditori rinomati di cui ti puoi fidare<\/h2>\r\n<p>1stDibs collabora con oltre 4.000 venditori di fiducia in tutto il mondo. Tutti i venditori vengono sottoposti a una valutazione accurata da parte degli esperti interni di 1stDibs al fine di verificare l&#8217;integrit\u00e0 delle inserzioni e la qualit\u00e0 del servizio. La fiducia che riponiamo nella nostra straordinaria offerta \u00e8 frutto del nostro rigoroso controllo dei venditori.<\/p>\r\n<p>&#8220;Il venditore mi \u00e8 venuto incontro sul prezzo e ha spedito la borsa immediatamente. \u00c8 perfetta e mi piace moltissimo! Consiglio vivamente 1stDibs&#8221;.<\/p>\r\n<p>&#8211; Recensione di Pamela, cliente 1stDibs<\/p>\r\n<p><img loading=\"lazy\" decoding=\"async\" title=\"5stars\" src=\"https:\/\/www.1stdibs.com\/about\/wp-content\/uploads\/2023\/03\/5stars.webp\" alt=\"5stars\" width=\"144\" height=\"24\" \/><\/p>\r\n<p>&#8220;Inizialmente mi preoccupava acquistare diamanti online. Ma dopo molte ricerche, ho iniziato a sentirmi a mio agio a parlare con il venditore. Gli orecchini a lobo con diamanti che ho comprato sono bellissimi.&#8221;<\/p>\r\n<p>&#8211; Recensione di Diana, cliente 1stDibs<\/p>\r\n<p><img loading=\"lazy\" decoding=\"async\" title=\"5stars\" src=\"https:\/\/www.1stdibs.com\/about\/wp-content\/uploads\/2023\/03\/5stars.webp\" alt=\"5stars\" width=\"144\" height=\"24\" \/><\/p>\r\n<p>&#8220;L&#8217;articolo era esattamente come descritto e il venditore ha controllato per me l&#8217;andamento della consegna. L&#8217;articolo \u00e8 arrivato imballato molto bene e conteneva tutti i certificati.&#8221;<\/p>\r\n<p>&#8211; Recensione di Charlie, cliente 1stDibs<\/p>\r\n<p><img loading=\"lazy\" decoding=\"async\" title=\"5stars\" src=\"https:\/\/www.1stdibs.com\/about\/wp-content\/uploads\/2023\/03\/5stars.webp\" alt=\"5stars\" width=\"144\" height=\"24\" \/> <img loading=\"lazy\" decoding=\"async\" title=\"quotationmark1\" src=\"https:\/\/www.1stdibs.com\/about\/wp-content\/uploads\/2023\/03\/quotationmark1.webp\" alt=\"quotationmark1\" width=\"114\" height=\"100\" \/><\/p>\r\n<p>Fare shopping su 1stDibs \u00e8 davvero un <em>piacere<\/em>.<\/p>\r\n<p>&#8211; Louise Roe, giornalista di moda e fondatrice di Sharland England <img loading=\"lazy\" decoding=\"async\" title=\"quotationmark2\" src=\"https:\/\/www.1stdibs.com\/about\/wp-content\/uploads\/2023\/03\/quotationmark2.webp\" alt=\"quotationmark2\" width=\"114\" height=\"100\" \/> <img loading=\"lazy\" decoding=\"async\" title=\"Processed with VSCO with al1pro preset\" src=\"https:\/\/www.1stdibs.com\/about\/wp-content\/uploads\/2024\/09\/E73979E1-3F2F-4440-B6CE-A2B15B406EF3-scaled.jpeg\" alt=\"Processed with VSCO with al1pro preset\" width=\"1707\" height=\"2560\" \/><\/p>\r\n<h2>Supporto di esperti in ogni fase<\/h2>\r\n<p>1stDibs offre prezzi e pagamenti flessibili: gli acquirenti possono effettuare direttamente acquisti, negoziare un prezzo o fare offerte sugli articoli all&#8217;asta. Dopo aver effettuato l&#8217;acquisto, puoi pagare in tutta sicurezza tramite carta di credito, PayPal o bonifico bancario. I nostri esperti sono disponibili tramite live chat (modalit\u00e0 pi\u00f9 rapida), e-mail e telefono per rispondere alle tue domande e offrirti assistenza con gli ordini.<\/p>\r\n<p><img loading=\"lazy\" decoding=\"async\" title=\"Gray Paradise Sofa by Kerstin H\u00f6rlin-Holmquist\" src=\"https:\/\/www.1stdibs.com\/about\/wp-content\/uploads\/2023\/03\/sofa.webp\" alt=\"Kerstin H\u00f6rlin-Holmquist Paradise Sofa\" width=\"300\" height=\"185\" \/><\/p>\r\n<p>&#8220;La mia esperienza \u00e8 stata molto positiva. Quando ho avuto domande relative a 1stDibs, il servizio clienti \u00e8 stato incredibilmente disponibile. Sicuramente farei di nuovo acquisti qui&#8221;.<\/p>\r\n<p>&#8211; Recensione di Drew, cliente 1stDibs<\/p>\r\n<p><img loading=\"lazy\" decoding=\"async\" title=\"5stars_shagreen\" src=\"https:\/\/www.1stdibs.com\/about\/wp-content\/uploads\/2023\/03\/5stars_shagreen.webp\" alt=\"5stars_shagreen\" width=\"144\" height=\"24\" \/> <img loading=\"lazy\" decoding=\"async\" title=\"18k Yellow Gold carved agate and coral bracelet by Verdura\" src=\"https:\/\/www.1stdibs.com\/about\/wp-content\/uploads\/2023\/03\/bracelet.jpg\" alt=\"Verdura carved agate and coral bracelet\" width=\"300\" height=\"185\" \/><\/p>\r\n<p>&#8220;Il servizio clienti \u00e8 stato puntuale e molto reattivo. Questa piattaforma \u00e8 fantastica, una bomba. \u00c8 davvero un marketplace mondiale di oggetti che non si trovano altrove. Ci sono cose favolose. Sono senza parole.&#8221;<\/p>\r\n<p>&#8211; Recensione di Ranjan, cliente 1stDibs<\/p>\r\n<p><img loading=\"lazy\" decoding=\"async\" title=\"5stars_shagreen\" src=\"https:\/\/www.1stdibs.com\/about\/wp-content\/uploads\/2023\/03\/5stars_shagreen.webp\" alt=\"5stars_shagreen\" width=\"144\" height=\"24\" \/> <img loading=\"lazy\" decoding=\"async\" title=\"Hunt Slonem Double Bunny painting in vintage gold frame\" src=\"https:\/\/www.1stdibs.com\/about\/wp-content\/uploads\/2023\/03\/painting.webp\" alt=\"Double Bunny oil painting by Hunt Slonem\" width=\"300\" height=\"185\" \/><\/p>\r\n<p>&#8220;1stDibs \u00e8 fantastico. Offrono un&#8217;opportunit\u00e0 di acquisto unica agli acquirenti. Arredi, oggetti da collezione e opere d&#8217;arte sapientemente e accuratamente selezionati. Il loro servizio clienti \u00e8 rapido, reattivo ed eccellente.&#8221;<\/p>\r\n<p>&#8211; Recensione di Thomas, cliente 1stDibs<\/p>\r\n<p><img loading=\"lazy\" decoding=\"async\" title=\"5stars_shagreen\" src=\"https:\/\/www.1stdibs.com\/about\/wp-content\/uploads\/2023\/03\/5stars_shagreen.webp\" alt=\"5stars_shagreen\" width=\"144\" height=\"24\" \/> <img loading=\"lazy\" decoding=\"async\" title=\"Interior designer Adair Curtis and stylist Jason Bolden of JSN Studio\" src=\"https:\/\/www.1stdibs.com\/about\/wp-content\/uploads\/2023\/03\/jason.webp\" alt=\"Jason Bolden 1stDibs Review\" width=\"460\" height=\"460\" \/> <img loading=\"lazy\" decoding=\"async\" title=\"quotationmark1\" src=\"https:\/\/www.1stdibs.com\/about\/wp-content\/uploads\/2023\/03\/quotationmark1.webp\" alt=\"quotationmark1\" width=\"114\" height=\"100\" \/><\/p>\r\n<p>Preparati a innamorarti delle cose <em>pi\u00f9 iconiche<\/em>, <em>interessanti<\/em> ed <em>eleganti<\/em> che troverai.<\/p>\r\n<p>&#8211; JASON BOLDEN, stilista e interior designer<\/p>\r\n<p><img loading=\"lazy\" decoding=\"async\" title=\"quotationmark2\" src=\"https:\/\/www.1stdibs.com\/about\/wp-content\/uploads\/2023\/03\/quotationmark2.webp\" alt=\"quotationmark2\" width=\"114\" height=\"100\" \/><\/p>\r\n<h2>Soluzioni di spedizione e logistica<\/h2>\r\n<p>1stDibs collabora con i principali fornitori per offrire consegne completamente assicurate, quasi ovunque nel mondo. Sono disponibili diverse opzioni di spedizione a seconda delle dimensioni, della fragilit\u00e0 e della localit\u00e0 dell&#8217;articolo. Alcuni dei metodi di spedizione pi\u00f9 comuni su 1stDibs sono la consegna al piano (per grandi spedizioni nazionali), la consegna al piano stradale (per spedizioni internazionali o articoli fragili) e la spedizione con pacco (articoli pi\u00f9 leggeri e con scatole pi\u00f9 piccole, spediti dal venditore tramite un servizio postale standard).<\/p>\r\n<p>&#8220;L&#8217;articolo che ho acquistato \u00e8 di altissima qualit\u00e0. \u00c8 stato descritto e raffigurato in modo accurato. Il venditore ha risposto rapidamente alle richieste di informazioni. L&#8217;articolo \u00e8 stato imballato con cura e la spedizione \u00e8 stata rapida. L&#8217;intera transazione \u00e8 stata molto positiva.&#8221;<\/p>\r\n<p>&#8211; Recensione di Debra, cliente 1stDibs<\/p>\r\n<p><img loading=\"lazy\" decoding=\"async\" title=\"5stars\" src=\"https:\/\/www.1stdibs.com\/about\/wp-content\/uploads\/2023\/03\/5stars.webp\" alt=\"5stars\" width=\"144\" height=\"24\" \/><\/p>\r\n<p>&#8220;Il venditore mi \u00e8 venuto incontro sul prezzo e ha spedito la borsa immediatamente. L&#8217;ho ricevuta pochi giorni dopo l&#8217;acquisto. La borsa \u00e8 meglio della descrizione: \u00e8 perfetta e la adoro!&#8221;<\/p>\r\n<p>&#8211; Recensione di Pamela, cliente 1stDibs<\/p>\r\n<p><img loading=\"lazy\" decoding=\"async\" title=\"5stars\" src=\"https:\/\/www.1stdibs.com\/about\/wp-content\/uploads\/2023\/03\/5stars.webp\" alt=\"5stars\" width=\"144\" height=\"24\" \/><\/p>\r\n<p>&#8220;La mia prima transazione su 1stDibs non poteva andare meglio. Il prezzo era pi\u00f9 che onesto, ho parlato con il venditore durante tutta la procedura, la spedizione \u00e8 stata rapida e il pacco era molto ben preparato.&#8221;<\/p>\r\n<p>&#8211; Recensione di Wendy, cliente 1stDibs<\/p>\r\n<p><img loading=\"lazy\" decoding=\"async\" title=\"5stars\" src=\"https:\/\/www.1stdibs.com\/about\/wp-content\/uploads\/2023\/03\/5stars.webp\" alt=\"5stars\" width=\"144\" height=\"24\" \/> <img loading=\"lazy\" decoding=\"async\" title=\"quotationmark1\" src=\"https:\/\/www.1stdibs.com\/about\/wp-content\/uploads\/2023\/03\/quotationmark1.webp\" alt=\"quotationmark1\" width=\"114\" height=\"100\" \/><\/p>\r\n<p>1stDibs \u00e8 <em>l&#8217;ideale per trovare regali unici<\/em> perch\u00e9 ogni articolo \u00e8 praticamente unico nel suo genere.<\/p>\r\n<p>&#8211; JENNY WALTON, artista e stilista<\/p>\r\n<p><img loading=\"lazy\" decoding=\"async\" title=\"quotationmark2\" src=\"https:\/\/www.1stdibs.com\/about\/wp-content\/uploads\/2023\/03\/quotationmark2.webp\" alt=\"quotationmark2\" width=\"114\" height=\"100\" \/> <img loading=\"lazy\" decoding=\"async\" title=\"Artist and stylist Jenny Walton in orange dress\" src=\"https:\/\/www.1stdibs.com\/about\/wp-content\/uploads\/2023\/03\/jenny.webp\" alt=\"Jenny Walton 1stDibs Review\" width=\"460\" height=\"460\" \/><\/p>\r\n<h2>Siamo qui per aiutarti<\/h2>\r\n<p><em>Hai domande o hai bisogno di maggiori informazioni?<\/em><\/p>\r\n<p><a href=\"https:\/\/www.1stdibs.com\/it\/contact\/\" target=\"_self\" rel=\"noopener\"> CONTATTACI <\/a> <a href=\"https:\/\/www.1stdibs.com\/it\/\" target=\"_self\" rel=\"noopener\"> COMINCIA AD ACQUISTARE <\/a><\/p>\r\n<p>877-721-3427\u00a0 |\u00a0 3:00-20:00 ET lun-ven<\/p>\r\n","protected":false},"excerpt":{"rendered":"<p>Recensioni su 1stDibs Scopri cosa dicono di noi gli amanti del design COMINCIA AD ACQUISTARE Venditori rinomati di cui ti puoi fidare 1stDibs collabora con oltre 4.000 venditori di fiducia in tutto il mondo. Tutti i venditori vengono sottoposti a una valutazione accurata da parte degli esperti interni di 1stDibs al fine di verificare l&#8217;integrit\u00e0 [&hellip;]<\/p>\n","protected":false},"author":14,"featured_media":0,"parent":0,"menu_order":0,"comment_status":"closed","ping_status":"closed","template":"templates\/template-promise.php","meta":{"_acf_changed":false,"footnotes":""},"class_list":["post-1716","page","type-page","status-publish","hentry"],"acf":[],"yoast_head":"<!-- This site is optimized with the Yoast SEO plugin v27.3 - https:\/\/yoast.com\/product\/yoast-seo-wordpress\/ -->\n<title>Recensioni e testimonial su 1stDibs | Oltre 75.000 recensioni a 5 stelle<\/title>\n<meta name=\"description\" content=\"Scopri perch\u00e9 gli amanti del design non si stancano mai di 1stDibs. Leggi le recensioni autentiche su 1stDibs e scopri perch\u00e9 i nostri clienti continuano ad acquistare da noi. Unisciti alla community di acquirenti esigenti che si affidano a 1stDibs per una selezione di articoli senza pari e un servizio eccezionale.\" \/>\n<meta name=\"robots\" content=\"index, follow, max-snippet:-1, max-image-preview:large, max-video-preview:-1\" \/>\n<link rel=\"canonical\" href=\"https:\/\/www.1stdibs.com\/about\/it\/1stdibs-reviews\/\" \/>\n<meta property=\"og:locale\" content=\"it_IT\" \/>\n<meta property=\"og:type\" content=\"article\" \/>\n<meta property=\"og:title\" content=\"Recensioni e testimonial su 1stDibs | Oltre 75.000 recensioni a 5 stelle\" \/>\n<meta property=\"og:description\" content=\"Scopri perch\u00e9 gli amanti del design non si stancano mai di 1stDibs. Leggi le recensioni autentiche su 1stDibs e scopri perch\u00e9 i nostri clienti continuano ad acquistare da noi. Unisciti alla community di acquirenti esigenti che si affidano a 1stDibs per una selezione di articoli senza pari e un servizio eccezionale.\" \/>\n<meta property=\"og:url\" content=\"https:\/\/www.1stdibs.com\/about\/it\/1stdibs-reviews\/\" \/>\n<meta property=\"og:site_name\" content=\"1stDibs\" \/>\n<meta property=\"article:publisher\" content=\"https:\/\/www.facebook.com\/1stdibs\" \/>\n<meta property=\"article:modified_time\" content=\"2024-12-09T13:49:37+00:00\" \/>\n<meta property=\"og:image\" content=\"https:\/\/www.1stdibs.com\/about\/wp-content\/uploads\/2023\/03\/interior.webp\" \/>\n<meta name=\"twitter:card\" content=\"summary_large_image\" \/>\n<meta name=\"twitter:site\" content=\"@1stDibs\" \/>\n<meta name=\"twitter:label1\" content=\"Est. reading time\" \/>\n\t<meta name=\"twitter:data1\" content=\"9 minuti\" \/>\n<script type=\"application\/ld+json\" class=\"yoast-schema-graph\">{\"@context\":\"https:\\\/\\\/schema.org\",\"@graph\":[{\"@type\":\"WebPage\",\"@id\":\"https:\\\/\\\/www.1stdibs.com\\\/about\\\/it\\\/1stdibs-reviews\\\/\",\"url\":\"https:\\\/\\\/www.1stdibs.com\\\/about\\\/it\\\/1stdibs-reviews\\\/\",\"name\":\"Recensioni e testimonial su 1stDibs | Oltre 75.000 recensioni a 5 stelle\",\"isPartOf\":{\"@id\":\"https:\\\/\\\/www.1stdibs.com\\\/about\\\/#website\"},\"primaryImageOfPage\":{\"@id\":\"https:\\\/\\\/www.1stdibs.com\\\/about\\\/it\\\/1stdibs-reviews\\\/#primaryimage\"},\"image\":{\"@id\":\"https:\\\/\\\/www.1stdibs.com\\\/about\\\/it\\\/1stdibs-reviews\\\/#primaryimage\"},\"thumbnailUrl\":\"https:\\\/\\\/www.1stdibs.com\\\/about\\\/wp-content\\\/uploads\\\/2023\\\/03\\\/interior.webp\",\"datePublished\":\"2024-08-20T12:48:45+00:00\",\"dateModified\":\"2024-12-09T13:49:37+00:00\",\"description\":\"Scopri perch\u00e9 gli amanti del design non si stancano mai di 1stDibs. Leggi le recensioni autentiche su 1stDibs e scopri perch\u00e9 i nostri clienti continuano ad acquistare da noi. Unisciti alla community di acquirenti esigenti che si affidano a 1stDibs per una selezione di articoli senza pari e un servizio eccezionale.\",\"breadcrumb\":{\"@id\":\"https:\\\/\\\/www.1stdibs.com\\\/about\\\/it\\\/1stdibs-reviews\\\/#breadcrumb\"},\"inLanguage\":\"it-IT\",\"potentialAction\":[{\"@type\":\"ReadAction\",\"target\":[\"https:\\\/\\\/www.1stdibs.com\\\/about\\\/it\\\/1stdibs-reviews\\\/\"]}]},{\"@type\":\"ImageObject\",\"inLanguage\":\"it-IT\",\"@id\":\"https:\\\/\\\/www.1stdibs.com\\\/about\\\/it\\\/1stdibs-reviews\\\/#primaryimage\",\"url\":\"https:\\\/\\\/www.1stdibs.com\\\/about\\\/wp-content\\\/uploads\\\/2023\\\/03\\\/interior.webp\",\"contentUrl\":\"https:\\\/\\\/www.1stdibs.com\\\/about\\\/wp-content\\\/uploads\\\/2023\\\/03\\\/interior.webp\"},{\"@type\":\"BreadcrumbList\",\"@id\":\"https:\\\/\\\/www.1stdibs.com\\\/about\\\/it\\\/1stdibs-reviews\\\/#breadcrumb\",\"itemListElement\":[{\"@type\":\"ListItem\",\"position\":1,\"name\":\"Home\",\"item\":\"https:\\\/\\\/www.1stdibs.com\\\/about\\\/it\\\/about\\\/\"},{\"@type\":\"ListItem\",\"position\":2,\"name\":\"Recensioni e testimonial su 1stDibs\"}]},{\"@type\":\"WebSite\",\"@id\":\"https:\\\/\\\/www.1stdibs.com\\\/about\\\/#website\",\"url\":\"https:\\\/\\\/www.1stdibs.com\\\/about\\\/\",\"name\":\"1stDibs\",\"description\":\"Antique and Modern Furniture, Jewelry, Fashion &amp; Art\",\"publisher\":{\"@id\":\"https:\\\/\\\/www.1stdibs.com\\\/about\\\/#organization\"},\"potentialAction\":[{\"@type\":\"SearchAction\",\"target\":{\"@type\":\"EntryPoint\",\"urlTemplate\":\"https:\\\/\\\/www.1stdibs.com\\\/about\\\/?s={search_term_string}\"},\"query-input\":{\"@type\":\"PropertyValueSpecification\",\"valueRequired\":true,\"valueName\":\"search_term_string\"}}],\"inLanguage\":\"it-IT\"},{\"@type\":\"Organization\",\"@id\":\"https:\\\/\\\/www.1stdibs.com\\\/about\\\/#organization\",\"name\":\"1stDibs\",\"url\":\"https:\\\/\\\/www.1stdibs.com\\\/about\\\/\",\"logo\":{\"@type\":\"ImageObject\",\"inLanguage\":\"it-IT\",\"@id\":\"https:\\\/\\\/www.1stdibs.com\\\/about\\\/#\\\/schema\\\/logo\\\/image\\\/\",\"url\":\"https:\\\/\\\/www.1stdibs.com\\\/about\\\/wp-content\\\/uploads\\\/2020\\\/08\\\/1stdibs-logo-black-on-white-500px-padding.png\",\"contentUrl\":\"https:\\\/\\\/www.1stdibs.com\\\/about\\\/wp-content\\\/uploads\\\/2020\\\/08\\\/1stdibs-logo-black-on-white-500px-padding.png\",\"width\":500,\"height\":184,\"caption\":\"1stDibs\"},\"image\":{\"@id\":\"https:\\\/\\\/www.1stdibs.com\\\/about\\\/#\\\/schema\\\/logo\\\/image\\\/\"},\"sameAs\":[\"https:\\\/\\\/www.facebook.com\\\/1stdibs\",\"https:\\\/\\\/x.com\\\/1stDibs\",\"https:\\\/\\\/instagram.com\\\/1stdibs\\\/\",\"https:\\\/\\\/www.linkedin.com\\\/company\\\/1stdibs-com\\\/\",\"https:\\\/\\\/www.pinterest.com\\\/1stdibs\\\/\"]}]}<\/script>\n<!-- \/ Yoast SEO plugin. -->","yoast_head_json":{"title":"Recensioni e testimonial su 1stDibs | Oltre 75.000 recensioni a 5 stelle","description":"Scopri perch\u00e9 gli amanti del design non si stancano mai di 1stDibs. Leggi le recensioni autentiche su 1stDibs e scopri perch\u00e9 i nostri clienti continuano ad acquistare da noi. Unisciti alla community di acquirenti esigenti che si affidano a 1stDibs per una selezione di articoli senza pari e un servizio eccezionale.","robots":{"index":"index","follow":"follow","max-snippet":"max-snippet:-1","max-image-preview":"max-image-preview:large","max-video-preview":"max-video-preview:-1"},"canonical":"https:\/\/www.1stdibs.com\/about\/it\/1stdibs-reviews\/","og_locale":"it_IT","og_type":"article","og_title":"Recensioni e testimonial su 1stDibs | Oltre 75.000 recensioni a 5 stelle","og_description":"Scopri perch\u00e9 gli amanti del design non si stancano mai di 1stDibs. Leggi le recensioni autentiche su 1stDibs e scopri perch\u00e9 i nostri clienti continuano ad acquistare da noi. Unisciti alla community di acquirenti esigenti che si affidano a 1stDibs per una selezione di articoli senza pari e un servizio eccezionale.","og_url":"https:\/\/www.1stdibs.com\/about\/it\/1stdibs-reviews\/","og_site_name":"1stDibs","article_publisher":"https:\/\/www.facebook.com\/1stdibs","article_modified_time":"2024-12-09T13:49:37+00:00","og_image":[{"url":"https:\/\/www.1stdibs.com\/about\/wp-content\/uploads\/2023\/03\/interior.webp","type":"","width":"","height":""}],"twitter_card":"summary_large_image","twitter_site":"@1stDibs","twitter_misc":{"Est. reading time":"9 minuti"},"schema":{"@context":"https:\/\/schema.org","@graph":[{"@type":"WebPage","@id":"https:\/\/www.1stdibs.com\/about\/it\/1stdibs-reviews\/","url":"https:\/\/www.1stdibs.com\/about\/it\/1stdibs-reviews\/","name":"Recensioni e testimonial su 1stDibs | Oltre 75.000 recensioni a 5 stelle","isPartOf":{"@id":"https:\/\/www.1stdibs.com\/about\/#website"},"primaryImageOfPage":{"@id":"https:\/\/www.1stdibs.com\/about\/it\/1stdibs-reviews\/#primaryimage"},"image":{"@id":"https:\/\/www.1stdibs.com\/about\/it\/1stdibs-reviews\/#primaryimage"},"thumbnailUrl":"https:\/\/www.1stdibs.com\/about\/wp-content\/uploads\/2023\/03\/interior.webp","datePublished":"2024-08-20T12:48:45+00:00","dateModified":"2024-12-09T13:49:37+00:00","description":"Scopri perch\u00e9 gli amanti del design non si stancano mai di 1stDibs. Leggi le recensioni autentiche su 1stDibs e scopri perch\u00e9 i nostri clienti continuano ad acquistare da noi. Unisciti alla community di acquirenti esigenti che si affidano a 1stDibs per una selezione di articoli senza pari e un servizio eccezionale.","breadcrumb":{"@id":"https:\/\/www.1stdibs.com\/about\/it\/1stdibs-reviews\/#breadcrumb"},"inLanguage":"it-IT","potentialAction":[{"@type":"ReadAction","target":["https:\/\/www.1stdibs.com\/about\/it\/1stdibs-reviews\/"]}]},{"@type":"ImageObject","inLanguage":"it-IT","@id":"https:\/\/www.1stdibs.com\/about\/it\/1stdibs-reviews\/#primaryimage","url":"https:\/\/www.1stdibs.com\/about\/wp-content\/uploads\/2023\/03\/interior.webp","contentUrl":"https:\/\/www.1stdibs.com\/about\/wp-content\/uploads\/2023\/03\/interior.webp"},{"@type":"BreadcrumbList","@id":"https:\/\/www.1stdibs.com\/about\/it\/1stdibs-reviews\/#breadcrumb","itemListElement":[{"@type":"ListItem","position":1,"name":"Home","item":"https:\/\/www.1stdibs.com\/about\/it\/about\/"},{"@type":"ListItem","position":2,"name":"Recensioni e testimonial su 1stDibs"}]},{"@type":"WebSite","@id":"https:\/\/www.1stdibs.com\/about\/#website","url":"https:\/\/www.1stdibs.com\/about\/","name":"1stDibs","description":"Antique and Modern Furniture, Jewelry, Fashion &amp; Art","publisher":{"@id":"https:\/\/www.1stdibs.com\/about\/#organization"},"potentialAction":[{"@type":"SearchAction","target":{"@type":"EntryPoint","urlTemplate":"https:\/\/www.1stdibs.com\/about\/?s={search_term_string}"},"query-input":{"@type":"PropertyValueSpecification","valueRequired":true,"valueName":"search_term_string"}}],"inLanguage":"it-IT"},{"@type":"Organization","@id":"https:\/\/www.1stdibs.com\/about\/#organization","name":"1stDibs","url":"https:\/\/www.1stdibs.com\/about\/","logo":{"@type":"ImageObject","inLanguage":"it-IT","@id":"https:\/\/www.1stdibs.com\/about\/#\/schema\/logo\/image\/","url":"https:\/\/www.1stdibs.com\/about\/wp-content\/uploads\/2020\/08\/1stdibs-logo-black-on-white-500px-padding.png","contentUrl":"https:\/\/www.1stdibs.com\/about\/wp-content\/uploads\/2020\/08\/1stdibs-logo-black-on-white-500px-padding.png","width":500,"height":184,"caption":"1stDibs"},"image":{"@id":"https:\/\/www.1stdibs.com\/about\/#\/schema\/logo\/image\/"},"sameAs":["https:\/\/www.facebook.com\/1stdibs","https:\/\/x.com\/1stDibs","https:\/\/instagram.com\/1stdibs\/","https:\/\/www.linkedin.com\/company\/1stdibs-com\/","https:\/\/www.pinterest.com\/1stdibs\/"]}]}},"_links":{"self":[{"href":"https:\/\/www.1stdibs.com\/about\/it\/wp-json\/wp\/v2\/pages\/1716","targetHints":{"allow":["GET"]}}],"collection":[{"href":"https:\/\/www.1stdibs.com\/about\/it\/wp-json\/wp\/v2\/pages"}],"about":[{"href":"https:\/\/www.1stdibs.com\/about\/it\/wp-json\/wp\/v2\/types\/page"}],"author":[{"embeddable":true,"href":"https:\/\/www.1stdibs.com\/about\/it\/wp-json\/wp\/v2\/users\/14"}],"replies":[{"embeddable":true,"href":"https:\/\/www.1stdibs.com\/about\/it\/wp-json\/wp\/v2\/comments?post=1716"}],"version-history":[{"count":0,"href":"https:\/\/www.1stdibs.com\/about\/it\/wp-json\/wp\/v2\/pages\/1716\/revisions"}],"wp:attachment":[{"href":"https:\/\/www.1stdibs.com\/about\/it\/wp-json\/wp\/v2\/media?parent=1716"}],"curies":[{"name":"wp","href":"https:\/\/api.w.org\/{rel}","templated":true}]}}