{"id":2003,"date":"2026-04-09T08:08:23","date_gmt":"2026-04-09T08:08:23","guid":{"rendered":"https:\/\/www.1stdibs.com\/about\/protezione-acquisti-1stdibs\/"},"modified":"2026-04-14T06:08:29","modified_gmt":"2026-04-14T06:08:29","slug":"protezione-acquisti-1stdibs","status":"publish","type":"page","link":"https:\/\/www.1stdibs.com\/about\/it\/protezione-acquisti-1stdibs\/","title":{"rendered":"Protezione acquisti 1stDibs"},"content":{"rendered":"\n\n\t<h1>Protezione acquisti 1stDibs<\/h1>\n\t<h2>Acquista con fiducia. Ti abbiamo preso. <\/h2>\n<figure itemscope itemtype=\"https:\/\/schema.org\/ImageObject\">\n\t\t\t\t<img decoding=\"async\" src=\"https:\/\/www.1stdibs.com\/about\/wp-content\/uploads\/2026\/04\/authenticity.png\" alt=\"authenticity\" height=\"96\" width=\"96\" title=\"authenticity\" onerror=\"this.style.display='none'\" loading=\"lazy\" \/>\n\t<\/figure>\n\t<h2>Autenticit\u00e0 garantita<\/h2>\n\t<p>Se non \u00e8 autentico, ti restituiamo i soldi. Ti diamo un anno di tempo per segnalare eventuali problemi di autenticit\u00e0 di un articolo e ottenere un rimborso del 100%. <\/p>\n<p><a href=\"https:\/\/support.1stdibs.com\/hc\/it\/articles\/20416652048027-Authenticity-Guarantee-Policy?_ga=2.250133710.953451350.1719163659-514386873.1713825651&amp;_gac=1.52999642.1716314909.Cj0KCQjwjLGyBhCYARIsAPqTz18QC3f1UFH-6P87s6gU_Xd_gGr3TcDTNJaxpH9wbG1BTEte-r16bPwaAhtkEALw_wcB\">Per saperne di pi\u00f9<\/a><\/p>\n<figure itemscope itemtype=\"https:\/\/schema.org\/ImageObject\">\n\t\t\t\t<img decoding=\"async\" src=\"https:\/\/www.1stdibs.com\/about\/wp-content\/uploads\/2026\/04\/sellers.png\" alt=\"sellers\" height=\"96\" width=\"96\" title=\"sellers\" onerror=\"this.style.display='none'\" loading=\"lazy\" \/>\n\t<\/figure>\n\t<h2>Venditori che conosciamo e di cui ci fidiamo<\/h2>\n\t<p>Non permettiamo a chiunque di vendere qui. Ogni venditore sulla nostra piattaforma \u00e8 un professionista che ha superato i nostri rigorosi standard di qualit\u00e0 dell&#8217;inventario e di servizio prima di poter inserire un singolo articolo. <\/p>\n<p><a href=\"https:\/\/www.1stdibs.com\/about\/it\/?page_id=323\">Per saperne di pi\u00f9<\/a><\/p>\n<figure itemscope itemtype=\"https:\/\/schema.org\/ImageObject\">\n\t\t\t\t<img decoding=\"async\" src=\"https:\/\/www.1stdibs.com\/about\/wp-content\/uploads\/2026\/04\/moneyback.png\" alt=\"moneyback\" height=\"96\" width=\"96\" title=\"moneyback\" onerror=\"this.style.display='none'\" loading=\"lazy\" \/>\n\t<\/figure>\n\t<h2>Garanzia di rimborso<\/h2>\n\t<p>Se l&#8217;articolo \u00e8 danneggiato, non arriva o non corrisponde alle aspettative, comunicacelo entro 7 giorni.<\/p>\n<p><a href=\"https:\/\/support.1stdibs.com\/hc\/it\/articles\/14552578793371-Purchase-Protection-Money-Back-Guarantee-Policy\">Per saperne di pi\u00f9<\/a><\/p>\n<figure itemscope itemtype=\"https:\/\/schema.org\/ImageObject\">\n\t\t\t\t<img decoding=\"async\" src=\"https:\/\/www.1stdibs.com\/about\/wp-content\/uploads\/2026\/04\/pricematching.png\" alt=\"pricematching\" height=\"96\" width=\"96\" title=\"pricematching\" onerror=\"this.style.display='none'\" loading=\"lazy\" \/>\n\t<\/figure>\n\t<h2>Garanzia di corrispondenza dei prezzi<\/h2>\n\t<p>Non dovresti essere costretto a fare acquisti in giro. Se lo stesso venditore offre questo articolo a un prezzo inferiore da qualche altra parte, noi lo abbineremo a quel prezzo. <\/p>\n<p><a href=\"https:\/\/support.1stdibs.com\/hc\/it\/articles\/15203720988699-Price-Match-Guarantee\">Per saperne di pi\u00f9<\/a><\/p>\n<figure itemscope itemtype=\"https:\/\/schema.org\/ImageObject\">\n\t\t\t\t<img decoding=\"async\" src=\"https:\/\/www.1stdibs.com\/about\/wp-content\/uploads\/2026\/04\/support.png\" alt=\"support\" height=\"96\" width=\"96\" title=\"support\" onerror=\"this.style.display='none'\" loading=\"lazy\" \/>\n\t<\/figure>\n\t<h2>Supporto reale<\/h2>\n\t<p>I nostri specialisti sono a disposizione per rispondere alle tue domande e gestire qualsiasi problema relativo all&#8217;ordine dall&#8217;inizio alla fine.<\/p>\n<p><a href=\"https:\/\/www.1stdibs.com\/it\/contact\/\">Per saperne di pi\u00f9<\/a><\/p>\n<figure itemscope itemtype=\"https:\/\/schema.org\/ImageObject\">\n\t\t\t\t<img decoding=\"async\" src=\"https:\/\/www.1stdibs.com\/about\/wp-content\/uploads\/2026\/04\/24hour.png\" alt=\"24hour\" height=\"96\" width=\"96\" title=\"24hour\" onerror=\"this.style.display='none'\" loading=\"lazy\" \/>\n\t<\/figure>\n\t<h2>Ripensamenti di 24 ore<\/h2>\n\t<p>Il rimorso dell&#8217;acquirente pu\u00f2 capitare. Hai 24 ore di tempo per cancellare il tuo ordine per qualsiasi motivo, senza domande e senza spese. <\/p>\n<p><a href=\"https:\/\/support.1stdibs.com\/hc\/it\/articles\/14544967384731-Cancellation-Policy?_ga=2.219059409.953451350.1719163659-514386873.1713825651&amp;_gac=1.215281893.1716314909.Cj0KCQjwjLGyBhCYARIsAPqTz18QC3f1UFH-6P87s6gU_Xd_gGr3TcDTNJaxpH9wbG1BTEte-r16bPwaAhtkEALw_wcB\">Per saperne di pi\u00f9<\/a><\/p>\n<figure itemscope itemtype=\"https:\/\/schema.org\/ImageObject\">\n\t\t\t\t<img decoding=\"async\" src=\"https:\/\/www.1stdibs.com\/about\/wp-content\/uploads\/2026\/04\/shipping.png\" alt=\"shipping\" height=\"96\" width=\"96\" title=\"shipping\" onerror=\"this.style.display='none'\" loading=\"lazy\" \/>\n\t<\/figure>\n\t<h2>Consegna globale protetta<\/h2>\n\t<p>Il tuo pezzo \u00e8 tracciato, assicurato e consegnato esattamente dove vuoi tu.<\/p>\n<p><a href=\"https:\/\/support.1stdibs.com\/hc\/it\/articles\/14516879314587-Shipping-Methods?_ga=2.254253888.953451350.1719163659-514386873.1713825651&amp;_gac=1.61849310.1716314909.Cj0KCQjwjLGyBhCYARIsAPqTz18QC3f1UFH-6P87s6gU_Xd_gGr3TcDTNJaxpH9wbG1BTEte-r16bPwaAhtkEALw_wcB\">Per saperne di pi\u00f9<\/a><\/p>\n\n","protected":false},"excerpt":{"rendered":"<p>Protezione acquisti 1stDibs Acquista con fiducia. Ti abbiamo preso. Autenticit\u00e0 garantita Se non \u00e8 autentico, ti restituiamo i soldi. Ti diamo un anno di tempo per segnalare eventuali problemi di autenticit\u00e0 di un articolo e ottenere un rimborso del 100%. Per saperne di pi\u00f9 Venditori che conosciamo e di cui ci fidiamo Non permettiamo a [&hellip;]<\/p>\n","protected":false},"author":14,"featured_media":0,"parent":0,"menu_order":0,"comment_status":"closed","ping_status":"closed","template":"templates\/template-promise.php","meta":{"_acf_changed":false,"footnotes":""},"class_list":["post-2003","page","type-page","status-publish","hentry"],"acf":[],"yoast_head":"<!-- This site is optimized with the Yoast SEO plugin v27.3 - https:\/\/yoast.com\/product\/yoast-seo-wordpress\/ -->\n<title>Protezione acquisti 1stDibs - 1stDibs<\/title>\n<meta name=\"robots\" content=\"index, follow, max-snippet:-1, max-image-preview:large, max-video-preview:-1\" \/>\n<link rel=\"canonical\" href=\"https:\/\/www.1stdibs.com\/about\/it\/protezione-acquisti-1stdibs\/\" \/>\n<meta property=\"og:locale\" content=\"it_IT\" \/>\n<meta property=\"og:type\" content=\"article\" \/>\n<meta property=\"og:title\" content=\"Protezione acquisti 1stDibs - 1stDibs\" \/>\n<meta property=\"og:description\" content=\"Protezione acquisti 1stDibs Acquista con fiducia. Ti abbiamo preso. Autenticit\u00e0 garantita Se non \u00e8 autentico, ti restituiamo i soldi. Ti diamo un anno di tempo per segnalare eventuali problemi di autenticit\u00e0 di un articolo e ottenere un rimborso del 100%. Per saperne di pi\u00f9 Venditori che conosciamo e di cui ci fidiamo Non permettiamo a [&hellip;]\" \/>\n<meta property=\"og:url\" content=\"https:\/\/www.1stdibs.com\/about\/it\/protezione-acquisti-1stdibs\/\" \/>\n<meta property=\"og:site_name\" content=\"1stDibs\" \/>\n<meta property=\"article:publisher\" content=\"https:\/\/www.facebook.com\/1stdibs\" \/>\n<meta property=\"article:modified_time\" content=\"2026-04-14T06:08:29+00:00\" \/>\n<meta property=\"og:image\" content=\"https:\/\/www.1stdibs.com\/about\/wp-content\/uploads\/2026\/04\/authenticity.png\" \/>\n<meta name=\"twitter:card\" content=\"summary_large_image\" \/>\n<meta name=\"twitter:site\" content=\"@1stDibs\" \/>\n<meta name=\"twitter:label1\" content=\"Est. reading time\" \/>\n\t<meta name=\"twitter:data1\" content=\"1 minuto\" \/>\n<script type=\"application\/ld+json\" class=\"yoast-schema-graph\">{\"@context\":\"https:\\\/\\\/schema.org\",\"@graph\":[{\"@type\":\"WebPage\",\"@id\":\"https:\\\/\\\/www.1stdibs.com\\\/about\\\/it\\\/protezione-acquisti-1stdibs\\\/\",\"url\":\"https:\\\/\\\/www.1stdibs.com\\\/about\\\/it\\\/protezione-acquisti-1stdibs\\\/\",\"name\":\"Protezione acquisti 1stDibs - 1stDibs\",\"isPartOf\":{\"@id\":\"https:\\\/\\\/www.1stdibs.com\\\/about\\\/#website\"},\"primaryImageOfPage\":{\"@id\":\"https:\\\/\\\/www.1stdibs.com\\\/about\\\/it\\\/protezione-acquisti-1stdibs\\\/#primaryimage\"},\"image\":{\"@id\":\"https:\\\/\\\/www.1stdibs.com\\\/about\\\/it\\\/protezione-acquisti-1stdibs\\\/#primaryimage\"},\"thumbnailUrl\":\"https:\\\/\\\/www.1stdibs.com\\\/about\\\/wp-content\\\/uploads\\\/2026\\\/04\\\/authenticity.png\",\"datePublished\":\"2026-04-09T08:08:23+00:00\",\"dateModified\":\"2026-04-14T06:08:29+00:00\",\"breadcrumb\":{\"@id\":\"https:\\\/\\\/www.1stdibs.com\\\/about\\\/it\\\/protezione-acquisti-1stdibs\\\/#breadcrumb\"},\"inLanguage\":\"it-IT\",\"potentialAction\":[{\"@type\":\"ReadAction\",\"target\":[\"https:\\\/\\\/www.1stdibs.com\\\/about\\\/it\\\/protezione-acquisti-1stdibs\\\/\"]}]},{\"@type\":\"ImageObject\",\"inLanguage\":\"it-IT\",\"@id\":\"https:\\\/\\\/www.1stdibs.com\\\/about\\\/it\\\/protezione-acquisti-1stdibs\\\/#primaryimage\",\"url\":\"https:\\\/\\\/www.1stdibs.com\\\/about\\\/wp-content\\\/uploads\\\/2026\\\/04\\\/authenticity.png\",\"contentUrl\":\"https:\\\/\\\/www.1stdibs.com\\\/about\\\/wp-content\\\/uploads\\\/2026\\\/04\\\/authenticity.png\"},{\"@type\":\"BreadcrumbList\",\"@id\":\"https:\\\/\\\/www.1stdibs.com\\\/about\\\/it\\\/protezione-acquisti-1stdibs\\\/#breadcrumb\",\"itemListElement\":[{\"@type\":\"ListItem\",\"position\":1,\"name\":\"Home\",\"item\":\"https:\\\/\\\/www.1stdibs.com\\\/about\\\/it\\\/about\\\/\"},{\"@type\":\"ListItem\",\"position\":2,\"name\":\"Protezione acquisti 1stDibs\"}]},{\"@type\":\"WebSite\",\"@id\":\"https:\\\/\\\/www.1stdibs.com\\\/about\\\/#website\",\"url\":\"https:\\\/\\\/www.1stdibs.com\\\/about\\\/\",\"name\":\"1stDibs\",\"description\":\"Antique and Modern Furniture, Jewelry, Fashion &amp; Art\",\"publisher\":{\"@id\":\"https:\\\/\\\/www.1stdibs.com\\\/about\\\/#organization\"},\"potentialAction\":[{\"@type\":\"SearchAction\",\"target\":{\"@type\":\"EntryPoint\",\"urlTemplate\":\"https:\\\/\\\/www.1stdibs.com\\\/about\\\/?s={search_term_string}\"},\"query-input\":{\"@type\":\"PropertyValueSpecification\",\"valueRequired\":true,\"valueName\":\"search_term_string\"}}],\"inLanguage\":\"it-IT\"},{\"@type\":\"Organization\",\"@id\":\"https:\\\/\\\/www.1stdibs.com\\\/about\\\/#organization\",\"name\":\"1stDibs\",\"url\":\"https:\\\/\\\/www.1stdibs.com\\\/about\\\/\",\"logo\":{\"@type\":\"ImageObject\",\"inLanguage\":\"it-IT\",\"@id\":\"https:\\\/\\\/www.1stdibs.com\\\/about\\\/#\\\/schema\\\/logo\\\/image\\\/\",\"url\":\"https:\\\/\\\/www.1stdibs.com\\\/about\\\/wp-content\\\/uploads\\\/2020\\\/08\\\/1stdibs-logo-black-on-white-500px-padding.png\",\"contentUrl\":\"https:\\\/\\\/www.1stdibs.com\\\/about\\\/wp-content\\\/uploads\\\/2020\\\/08\\\/1stdibs-logo-black-on-white-500px-padding.png\",\"width\":500,\"height\":184,\"caption\":\"1stDibs\"},\"image\":{\"@id\":\"https:\\\/\\\/www.1stdibs.com\\\/about\\\/#\\\/schema\\\/logo\\\/image\\\/\"},\"sameAs\":[\"https:\\\/\\\/www.facebook.com\\\/1stdibs\",\"https:\\\/\\\/x.com\\\/1stDibs\",\"https:\\\/\\\/instagram.com\\\/1stdibs\\\/\",\"https:\\\/\\\/www.linkedin.com\\\/company\\\/1stdibs-com\\\/\",\"https:\\\/\\\/www.pinterest.com\\\/1stdibs\\\/\"]}]}<\/script>\n<!-- \/ Yoast SEO plugin. -->","yoast_head_json":{"title":"Protezione acquisti 1stDibs - 1stDibs","robots":{"index":"index","follow":"follow","max-snippet":"max-snippet:-1","max-image-preview":"max-image-preview:large","max-video-preview":"max-video-preview:-1"},"canonical":"https:\/\/www.1stdibs.com\/about\/it\/protezione-acquisti-1stdibs\/","og_locale":"it_IT","og_type":"article","og_title":"Protezione acquisti 1stDibs - 1stDibs","og_description":"Protezione acquisti 1stDibs Acquista con fiducia. Ti abbiamo preso. Autenticit\u00e0 garantita Se non \u00e8 autentico, ti restituiamo i soldi. Ti diamo un anno di tempo per segnalare eventuali problemi di autenticit\u00e0 di un articolo e ottenere un rimborso del 100%. Per saperne di pi\u00f9 Venditori che conosciamo e di cui ci fidiamo Non permettiamo a [&hellip;]","og_url":"https:\/\/www.1stdibs.com\/about\/it\/protezione-acquisti-1stdibs\/","og_site_name":"1stDibs","article_publisher":"https:\/\/www.facebook.com\/1stdibs","article_modified_time":"2026-04-14T06:08:29+00:00","og_image":[{"url":"https:\/\/www.1stdibs.com\/about\/wp-content\/uploads\/2026\/04\/authenticity.png","type":"","width":"","height":""}],"twitter_card":"summary_large_image","twitter_site":"@1stDibs","twitter_misc":{"Est. reading time":"1 minuto"},"schema":{"@context":"https:\/\/schema.org","@graph":[{"@type":"WebPage","@id":"https:\/\/www.1stdibs.com\/about\/it\/protezione-acquisti-1stdibs\/","url":"https:\/\/www.1stdibs.com\/about\/it\/protezione-acquisti-1stdibs\/","name":"Protezione acquisti 1stDibs - 1stDibs","isPartOf":{"@id":"https:\/\/www.1stdibs.com\/about\/#website"},"primaryImageOfPage":{"@id":"https:\/\/www.1stdibs.com\/about\/it\/protezione-acquisti-1stdibs\/#primaryimage"},"image":{"@id":"https:\/\/www.1stdibs.com\/about\/it\/protezione-acquisti-1stdibs\/#primaryimage"},"thumbnailUrl":"https:\/\/www.1stdibs.com\/about\/wp-content\/uploads\/2026\/04\/authenticity.png","datePublished":"2026-04-09T08:08:23+00:00","dateModified":"2026-04-14T06:08:29+00:00","breadcrumb":{"@id":"https:\/\/www.1stdibs.com\/about\/it\/protezione-acquisti-1stdibs\/#breadcrumb"},"inLanguage":"it-IT","potentialAction":[{"@type":"ReadAction","target":["https:\/\/www.1stdibs.com\/about\/it\/protezione-acquisti-1stdibs\/"]}]},{"@type":"ImageObject","inLanguage":"it-IT","@id":"https:\/\/www.1stdibs.com\/about\/it\/protezione-acquisti-1stdibs\/#primaryimage","url":"https:\/\/www.1stdibs.com\/about\/wp-content\/uploads\/2026\/04\/authenticity.png","contentUrl":"https:\/\/www.1stdibs.com\/about\/wp-content\/uploads\/2026\/04\/authenticity.png"},{"@type":"BreadcrumbList","@id":"https:\/\/www.1stdibs.com\/about\/it\/protezione-acquisti-1stdibs\/#breadcrumb","itemListElement":[{"@type":"ListItem","position":1,"name":"Home","item":"https:\/\/www.1stdibs.com\/about\/it\/about\/"},{"@type":"ListItem","position":2,"name":"Protezione acquisti 1stDibs"}]},{"@type":"WebSite","@id":"https:\/\/www.1stdibs.com\/about\/#website","url":"https:\/\/www.1stdibs.com\/about\/","name":"1stDibs","description":"Antique and Modern Furniture, Jewelry, Fashion &amp; Art","publisher":{"@id":"https:\/\/www.1stdibs.com\/about\/#organization"},"potentialAction":[{"@type":"SearchAction","target":{"@type":"EntryPoint","urlTemplate":"https:\/\/www.1stdibs.com\/about\/?s={search_term_string}"},"query-input":{"@type":"PropertyValueSpecification","valueRequired":true,"valueName":"search_term_string"}}],"inLanguage":"it-IT"},{"@type":"Organization","@id":"https:\/\/www.1stdibs.com\/about\/#organization","name":"1stDibs","url":"https:\/\/www.1stdibs.com\/about\/","logo":{"@type":"ImageObject","inLanguage":"it-IT","@id":"https:\/\/www.1stdibs.com\/about\/#\/schema\/logo\/image\/","url":"https:\/\/www.1stdibs.com\/about\/wp-content\/uploads\/2020\/08\/1stdibs-logo-black-on-white-500px-padding.png","contentUrl":"https:\/\/www.1stdibs.com\/about\/wp-content\/uploads\/2020\/08\/1stdibs-logo-black-on-white-500px-padding.png","width":500,"height":184,"caption":"1stDibs"},"image":{"@id":"https:\/\/www.1stdibs.com\/about\/#\/schema\/logo\/image\/"},"sameAs":["https:\/\/www.facebook.com\/1stdibs","https:\/\/x.com\/1stDibs","https:\/\/instagram.com\/1stdibs\/","https:\/\/www.linkedin.com\/company\/1stdibs-com\/","https:\/\/www.pinterest.com\/1stdibs\/"]}]}},"_links":{"self":[{"href":"https:\/\/www.1stdibs.com\/about\/it\/wp-json\/wp\/v2\/pages\/2003","targetHints":{"allow":["GET"]}}],"collection":[{"href":"https:\/\/www.1stdibs.com\/about\/it\/wp-json\/wp\/v2\/pages"}],"about":[{"href":"https:\/\/www.1stdibs.com\/about\/it\/wp-json\/wp\/v2\/types\/page"}],"author":[{"embeddable":true,"href":"https:\/\/www.1stdibs.com\/about\/it\/wp-json\/wp\/v2\/users\/14"}],"replies":[{"embeddable":true,"href":"https:\/\/www.1stdibs.com\/about\/it\/wp-json\/wp\/v2\/comments?post=2003"}],"version-history":[{"count":0,"href":"https:\/\/www.1stdibs.com\/about\/it\/wp-json\/wp\/v2\/pages\/2003\/revisions"}],"wp:attachment":[{"href":"https:\/\/www.1stdibs.com\/about\/it\/wp-json\/wp\/v2\/media?parent=2003"}],"curies":[{"name":"wp","href":"https:\/\/api.w.org\/{rel}","templated":true}]}}