{"id":13355,"date":"2022-05-12T11:58:46","date_gmt":"2022-05-12T15:58:46","guid":{"rendered":"https:\/\/www.1stdibs.com\/info\/so-funktionieren-1stdibs-auktionen-und-faq\/"},"modified":"2023-05-18T20:50:19","modified_gmt":"2023-05-19T00:50:19","slug":"auctions-faq","status":"publish","type":"page","link":"https:\/\/www.1stdibs.com\/info\/de\/auctions-faq\/","title":{"rendered":"So funktionieren 1stDibs-Auktionen \u2013 und FAQ"},"content":{"rendered":"","protected":true},"excerpt":{"rendered":"","protected":true},"author":113,"featured_media":0,"parent":0,"menu_order":0,"comment_status":"closed","ping_status":"closed","template":"","meta":{"_acf_changed":false,"footnotes":""},"class_list":["post-13355","page","type-page","status-publish","post-password-required","hentry"],"acf":{"request_fullscreen":false},"yoast_head":"<!-- This site is optimized with the Yoast SEO plugin v27.3 - https:\/\/yoast.com\/product\/yoast-seo-wordpress\/ -->\n<title>So funktionieren 1stDibs-Auktionen \u2013 und FAQ<\/title>\n<meta name=\"description\" content=\"Erfahren Sie, wie Sie exklusive Designobjekte zu unschlagbaren Preisen ersteigern k\u00f6nnen \u2013 ohne K\u00e4uferpr\u00e4mie. Wir bieten eine st\u00e4ndig wechselnde Auswahl an Objekten von zertifizierten Anbieter*innen aus unserer weltweiten Community an.\" \/>\n<meta name=\"robots\" content=\"index, follow, max-snippet:-1, max-image-preview:large, max-video-preview:-1\" \/>\n<link rel=\"canonical\" href=\"https:\/\/www.1stdibs.com\/info\/auctions-faq\/\" \/>\n<meta property=\"og:locale\" content=\"de_DE\" \/>\n<meta property=\"og:type\" content=\"article\" \/>\n<meta property=\"og:title\" content=\"So funktionieren 1stDibs-Auktionen \u2013 und FAQ\" \/>\n<meta property=\"og:description\" content=\"Erfahren Sie, wie Sie exklusive Designobjekte zu unschlagbaren Preisen ersteigern k\u00f6nnen \u2013 ohne K\u00e4uferpr\u00e4mie. Wir bieten eine st\u00e4ndig wechselnde Auswahl an Objekten von zertifizierten Anbieter*innen aus unserer weltweiten Community an.\" \/>\n<meta property=\"og:url\" content=\"https:\/\/www.1stdibs.com\/info\/auctions-faq\/\" \/>\n<meta property=\"og:site_name\" content=\"1stDibs: Antique and Modern Furniture, Jewelry, Fashion &amp; Art\" \/>\n<meta property=\"article:publisher\" content=\"https:\/\/www.facebook.com\/1stdibs\" \/>\n<meta property=\"article:modified_time\" content=\"2023-05-19T00:50:19+00:00\" \/>\n<meta name=\"twitter:card\" content=\"summary_large_image\" \/>\n<meta name=\"twitter:site\" content=\"@1stDibs\" \/>\n<script type=\"application\/ld+json\" class=\"yoast-schema-graph\">{\"@context\":\"https:\\\/\\\/schema.org\",\"@graph\":[{\"@type\":\"WebPage\",\"@id\":\"https:\\\/\\\/www.1stdibs.com\\\/info\\\/auctions-faq\\\/\",\"url\":\"https:\\\/\\\/www.1stdibs.com\\\/info\\\/auctions-faq\\\/\",\"name\":\"So funktionieren 1stDibs-Auktionen \u2013 und FAQ\",\"isPartOf\":{\"@id\":\"https:\\\/\\\/www.1stdibs.com\\\/info\\\/#website\"},\"datePublished\":\"2022-05-12T15:58:46+00:00\",\"dateModified\":\"2023-05-19T00:50:19+00:00\",\"breadcrumb\":{\"@id\":\"https:\\\/\\\/www.1stdibs.com\\\/info\\\/auctions-faq\\\/#breadcrumb\"},\"inLanguage\":\"de-DE\"},{\"@type\":\"WebSite\",\"@id\":\"https:\\\/\\\/www.1stdibs.com\\\/info\\\/#website\",\"url\":\"https:\\\/\\\/www.1stdibs.com\\\/info\\\/\",\"name\":\"1stDibs: Antique and Modern Furniture, Jewelry, Fashion &amp; Art\",\"description\":\"\",\"publisher\":{\"@id\":\"https:\\\/\\\/www.1stdibs.com\\\/info\\\/#organization\"},\"potentialAction\":[{\"@type\":\"SearchAction\",\"target\":{\"@type\":\"EntryPoint\",\"urlTemplate\":\"https:\\\/\\\/www.1stdibs.com\\\/info\\\/?s={search_term_string}\"},\"query-input\":{\"@type\":\"PropertyValueSpecification\",\"valueRequired\":true,\"valueName\":\"search_term_string\"}}],\"inLanguage\":\"de-DE\"},{\"@type\":\"Organization\",\"@id\":\"https:\\\/\\\/www.1stdibs.com\\\/info\\\/#organization\",\"name\":\"1stDibs\",\"url\":\"https:\\\/\\\/www.1stdibs.com\\\/info\\\/\",\"logo\":{\"@type\":\"ImageObject\",\"inLanguage\":\"de-DE\",\"@id\":\"https:\\\/\\\/www.1stdibs.com\\\/info\\\/#\\\/schema\\\/logo\\\/image\\\/\",\"url\":\"https:\\\/\\\/www.1stdibs.com\\\/info\\\/wp-content\\\/uploads\\\/2020\\\/08\\\/1stdibs-logo-black-on-white-500px-padding.png\",\"contentUrl\":\"https:\\\/\\\/www.1stdibs.com\\\/info\\\/wp-content\\\/uploads\\\/2020\\\/08\\\/1stdibs-logo-black-on-white-500px-padding.png\",\"width\":500,\"height\":184,\"caption\":\"1stDibs\"},\"image\":{\"@id\":\"https:\\\/\\\/www.1stdibs.com\\\/info\\\/#\\\/schema\\\/logo\\\/image\\\/\"},\"sameAs\":[\"https:\\\/\\\/www.facebook.com\\\/1stdibs\",\"https:\\\/\\\/x.com\\\/1stDibs\",\"https:\\\/\\\/instagram.com\\\/1stdibs\\\/\",\"https:\\\/\\\/www.linkedin.com\\\/company\\\/1stdibs-com\\\/\",\"https:\\\/\\\/www.pinterest.com\\\/1stdibs\\\/\"]}]}<\/script>\n<!-- \/ Yoast SEO plugin. -->","yoast_head_json":{"title":"So funktionieren 1stDibs-Auktionen \u2013 und FAQ","description":"Erfahren Sie, wie Sie exklusive Designobjekte zu unschlagbaren Preisen ersteigern k\u00f6nnen \u2013 ohne K\u00e4uferpr\u00e4mie. Wir bieten eine st\u00e4ndig wechselnde Auswahl an Objekten von zertifizierten Anbieter*innen aus unserer weltweiten Community an.","robots":{"index":"index","follow":"follow","max-snippet":"max-snippet:-1","max-image-preview":"max-image-preview:large","max-video-preview":"max-video-preview:-1"},"canonical":"https:\/\/www.1stdibs.com\/info\/auctions-faq\/","og_locale":"de_DE","og_type":"article","og_title":"So funktionieren 1stDibs-Auktionen \u2013 und FAQ","og_description":"Erfahren Sie, wie Sie exklusive Designobjekte zu unschlagbaren Preisen ersteigern k\u00f6nnen \u2013 ohne K\u00e4uferpr\u00e4mie. Wir bieten eine st\u00e4ndig wechselnde Auswahl an Objekten von zertifizierten Anbieter*innen aus unserer weltweiten Community an.","og_url":"https:\/\/www.1stdibs.com\/info\/auctions-faq\/","og_site_name":"1stDibs: Antique and Modern Furniture, Jewelry, Fashion &amp; Art","article_publisher":"https:\/\/www.facebook.com\/1stdibs","article_modified_time":"2023-05-19T00:50:19+00:00","twitter_card":"summary_large_image","twitter_site":"@1stDibs","schema":{"@context":"https:\/\/schema.org","@graph":[{"@type":"WebPage","@id":"https:\/\/www.1stdibs.com\/info\/auctions-faq\/","url":"https:\/\/www.1stdibs.com\/info\/auctions-faq\/","name":"So funktionieren 1stDibs-Auktionen \u2013 und FAQ","isPartOf":{"@id":"https:\/\/www.1stdibs.com\/info\/#website"},"datePublished":"2022-05-12T15:58:46+00:00","dateModified":"2023-05-19T00:50:19+00:00","breadcrumb":{"@id":"https:\/\/www.1stdibs.com\/info\/auctions-faq\/#breadcrumb"},"inLanguage":"de-DE"},{"@type":"WebSite","@id":"https:\/\/www.1stdibs.com\/info\/#website","url":"https:\/\/www.1stdibs.com\/info\/","name":"1stDibs: Antique and Modern Furniture, Jewelry, Fashion &amp; Art","description":"","publisher":{"@id":"https:\/\/www.1stdibs.com\/info\/#organization"},"potentialAction":[{"@type":"SearchAction","target":{"@type":"EntryPoint","urlTemplate":"https:\/\/www.1stdibs.com\/info\/?s={search_term_string}"},"query-input":{"@type":"PropertyValueSpecification","valueRequired":true,"valueName":"search_term_string"}}],"inLanguage":"de-DE"},{"@type":"Organization","@id":"https:\/\/www.1stdibs.com\/info\/#organization","name":"1stDibs","url":"https:\/\/www.1stdibs.com\/info\/","logo":{"@type":"ImageObject","inLanguage":"de-DE","@id":"https:\/\/www.1stdibs.com\/info\/#\/schema\/logo\/image\/","url":"https:\/\/www.1stdibs.com\/info\/wp-content\/uploads\/2020\/08\/1stdibs-logo-black-on-white-500px-padding.png","contentUrl":"https:\/\/www.1stdibs.com\/info\/wp-content\/uploads\/2020\/08\/1stdibs-logo-black-on-white-500px-padding.png","width":500,"height":184,"caption":"1stDibs"},"image":{"@id":"https:\/\/www.1stdibs.com\/info\/#\/schema\/logo\/image\/"},"sameAs":["https:\/\/www.facebook.com\/1stdibs","https:\/\/x.com\/1stDibs","https:\/\/instagram.com\/1stdibs\/","https:\/\/www.linkedin.com\/company\/1stdibs-com\/","https:\/\/www.pinterest.com\/1stdibs\/"]}]}},"_links":{"self":[{"href":"https:\/\/www.1stdibs.com\/info\/de\/wp-json\/wp\/v2\/pages\/13355","targetHints":{"allow":["GET"]}}],"collection":[{"href":"https:\/\/www.1stdibs.com\/info\/de\/wp-json\/wp\/v2\/pages"}],"about":[{"href":"https:\/\/www.1stdibs.com\/info\/de\/wp-json\/wp\/v2\/types\/page"}],"author":[{"embeddable":true,"href":"https:\/\/www.1stdibs.com\/info\/de\/wp-json\/wp\/v2\/users\/113"}],"replies":[{"embeddable":true,"href":"https:\/\/www.1stdibs.com\/info\/de\/wp-json\/wp\/v2\/comments?post=13355"}],"version-history":[{"count":0,"href":"https:\/\/www.1stdibs.com\/info\/de\/wp-json\/wp\/v2\/pages\/13355\/revisions"}],"wp:attachment":[{"href":"https:\/\/www.1stdibs.com\/info\/de\/wp-json\/wp\/v2\/media?parent=13355"}],"curies":[{"name":"wp","href":"https:\/\/api.w.org\/{rel}","templated":true}]}}