{"id":8362,"date":"2022-04-14T15:12:06","date_gmt":"2022-04-14T19:12:06","guid":{"rendered":"https:\/\/www.1stdibs.com\/info\/?page_id=8362"},"modified":"2023-05-22T19:54:50","modified_gmt":"2023-05-22T23:54:50","slug":"trade-1st-faq","status":"publish","type":"page","link":"https:\/\/www.1stdibs.com\/info\/de\/trade-1st-faq\/","title":{"rendered":"H\u00e4ufig gestellte Fragen zu Trade\u00a01st"},"content":{"rendered":"\n\n\t\t\t\t<img decoding=\"async\" src=\"https:\/\/www.1stdibs.com\/info\/wp-content\/uploads\/2019\/12\/traderefresh_hero3-1.jpg\" alt=\"traderefresh_hero3\" height=\"500\" width=\"1800\" title=\"traderefresh_hero3\" \/>\n<h2>\n\t\tH\u00e4ufig gestellte Fragen zum Trade 1st-Programm\n\t<\/h2>\n\t\t\t<a href=\"#\" id=\"fl-accordion--label-0\">Wie kann mein Unternehmen Pr\u00e4mien erhalten?<\/a>\n\t\t\t\t\t\t\t<a href=\"#\" id=\"fl-accordion--icon-0\"><i>Expand<\/i><\/a>\n\t\t<p>Unternehmen, die am Trade 1st-Programm teilnehmen, erhalten Punkte, wenn sie M\u00f6bel und Kunstobjekte auf 1stDibs kaufen oder an anderen von 1stDibs bekanntgegebenen Aktionen teilnehmen (z. B. Werbeaktionen). Ein US-Dollar, den Sie ausgeben, entspricht einem Punkt, es sei denn, Sie erhalten Bonuspunkte von anderen Aktionen. Sie erhalten nur Punkte f\u00fcr alle best\u00e4tigten K\u00e4ufe. Versand und Steuern sind nicht inbegriffen. Wird ein Kauf storniert oder das Objekt zur\u00fcckgegeben, werden die jeweiligen Punkte abgezogen. Beachten Sie, dass die Eink\u00e4ufe aller registrierten Mitarbeitenden Ihrer Firma auf die Gesamtpr\u00e4mien Ihres Unternehmens angerechnet werden.<\/p>\n\t\t\t<a href=\"#\" id=\"fl-accordion--label-1\">Wie erhalte ich Geldpr\u00e4mien?<\/a>\n\t\t\t\t\t\t\t<a href=\"#\" id=\"fl-accordion--icon-1\"><i>Expand<\/i><\/a>\n\t\t<p>Ihr Unternehmen erh\u00e4lt jedes Mal Geld zur\u00fcck, wenn es 5.000 Punkte auf 1stdibs.com sammelt. Ab dem 20. Oktober 2020 werden wir Sie immer dann per E-Mail benachrichtigen, wenn Ihr Unternehmen eine Pr\u00e4mie erh\u00e4lt, damit die digitale Geschenkkarte angefordert werden kann. Die digitale Karte kann \u00fcberall f\u00fcr Online-Eink\u00e4ufe verwendet oder digital an Ihre Mitarbeitenden verteilt werden. Bitte beachten Sie, dass Pr\u00e4mieninhaber*innen die Pr\u00e4mie f\u00fcr ihr Unternehmen innerhalb von 180 Tagen einfordern m\u00fcssen, da sie sonst verf\u00e4llt. Solange die Pr\u00e4mie nicht eingel\u00f6st wird, ist sie nicht Ihr Eigentum und Sie haben keinen Anspruch auf die Pr\u00e4mie oder den Geldwert, den sie darstellt. Bitte klicken Sie <a href=\"https:\/\/www.1stdibs.com\/de\/my\/account\/professional\/\">hier<\/a>, um den*die Pr\u00e4mieninhaber*in Ihres Unternehmens einzusehen und gegebenenfalls \u00c4nderungen anzufordern.<\/p>\n\t\t\t<a href=\"#\" id=\"fl-accordion--label-2\">Wie lange dauert es, bis ich meine Pr\u00e4mie erhalte?<\/a>\n\t\t\t\t\t\t\t<a href=\"#\" id=\"fl-accordion--icon-2\"><i>Expand<\/i><\/a>\n\t\t<p>Sie k\u00f6nnen innerhalb von vier Wochen mit dem Erhalt Ihrer Geldpr\u00e4mie rechnen.<\/p>\n\t\t\t<a href=\"#\" id=\"fl-accordion--label-3\">Wie lange bleibt mein Status erhalten?<\/a>\n\t\t\t\t\t\t\t<a href=\"#\" id=\"fl-accordion--icon-3\"><i>Expand<\/i><\/a>\n\t\t<p>Ihr Bronze-, Silber-, Gold- oder Platinstatus gilt f\u00fcr mindestens ein Kalenderjahr. Der Status basiert auf den im vorangegangenen Kalenderjahr und im laufenden Jahr erworbenen Punkten. Wenn Sie also im Jahr 2019 den Silber-Status erworben haben, gilt dieser auch f\u00fcr 2020. Wenn Sie dann im Jahr 2020 Gold erreichen, erhalten Sie f\u00fcr den Rest der Jahre 2020 und 2021 den Gold-Status.<\/p>\n\t\t\t<a href=\"#\" id=\"fl-accordion--label-4\">Verfallen die Punkte?<\/a>\n\t\t\t\t\t\t\t<a href=\"#\" id=\"fl-accordion--icon-4\"><i>Expand<\/i><\/a>\n\t\t<p>Am 1. Januar werden die Punkte f\u00fcr Ihren Firmenstatus auf null gesetzt. Der im Vorjahr erworbene Status wird auf das n\u00e4chste Jahr \u00fcbertragen. Unter 5.000 verbleibende Cashback-Punkte f\u00fcr Ihre n\u00e4chste Geldpr\u00e4mie verfallen ebenfalls am 1. Januar.<\/p>\n\t\t\t<a href=\"#\" id=\"fl-accordion--label-0\">Wenn sich die Cashback-Pr\u00e4mie meines Unternehmens erh\u00f6ht, wann gilt dann der h\u00f6here Betrag?<\/a>\n\t\t\t\t\t\t\t<a href=\"#\" id=\"fl-accordion--icon-0\"><i>Expand<\/i><\/a>\n\t\t<p>Sobald Sie anfangen, h\u00f6here Cashback-Pr\u00e4mien zu sammeln, wird der h\u00f6here Betrag sofort wirksam.<\/p>\n\t\t\t<a href=\"#\" id=\"fl-accordion--label-1\">Wie erstelle ich mein Designer-Portfolio?<\/a>\n\t\t\t\t\t\t\t<a href=\"#\" id=\"fl-accordion--icon-1\"><i>Expand<\/i><\/a>\n\t\t<p>Ihr Designer-Portfolio ist auf 1stdibs.com pr\u00e4sent und Ihre Werke werden somit unserer verm\u00f6genden Kundschaft\u00a0&#8211; und Ihren potenziellen Neukund*innen\u00a0&#8211; vorgestellt. Um auf die Portfolio-Gestaltung zuzugreifen, melden Sie sich mit Ihrem Firmenkonto an und klicken in der Navigation auf \u201eDesigner-Portfolio&#8220;. Sehen Sie sich <a href=\"https:\/\/www.1stdibs.com\/info\/trade-profile-tips\/\">unseren Leitfaden<\/a> zur Erstellung eines Profils an und beachten Sie unsere hilfreichen Tipps, um Ihr Profil zu perfektionieren. Ben\u00f6tigen Sie Hilfe? Wenden Sie sich an Ihre*n Kundenbetreuer*in oder senden Sie eine E-Mail an <a href=\"tradeprofiles@1stdibs.com\">tradeprofiles@1stdibs.com<\/a>.<\/p>\n\t\t\t<a href=\"#\" id=\"fl-accordion--label-2\">Muss ich mein Portfolio ver\u00f6ffentlichen, um Zugang zu Marketing- und redaktionellen Vorteilen zu erhalten?<\/a>\n\t\t\t\t\t\t\t<a href=\"#\" id=\"fl-accordion--icon-2\"><i>Expand<\/i><\/a>\n\t\t<p>Ja! Das Portfolio Ihres Unternehmens ist unsere wichtigste Quelle f\u00fcr das Marketing und redaktionelle Vorteile, einschlie\u00dflich sozialer Medien, E-Mails, Printmedien, Artikel und mehr. Die Aufnahme in diese Angebote h\u00e4ngt davon ab, dass Ihr Unternehmen ein vollst\u00e4ndiges, ver\u00f6ffentlichtes Portfolio mit professionellen Fotos vorweisen kann und liegt im alleinigen Ermessen von 1stDibs. Die Bedingungen und allgemeinen Voraussetzungen finden Sie <a href=\"https:\/\/www.1stdibs.com\/trade\/loyalty\/terms\/\">hier<\/a>.<\/p>\n\t\t\t<a href=\"#\" id=\"fl-accordion--label-3\">Was ist in der Marketing-Leistung enthalten?<\/a>\n\t\t\t\t\t\t\t<a href=\"#\" id=\"fl-accordion--icon-3\"><i>Expand<\/i><\/a>\n\t\t<ul>\n<li>Designer-Portfolio: Pr\u00e4sentieren Sie das Portfolio Ihres Unternehmens unserer verm\u00f6genden Kundschaft und potenziellen Neukund*innen.<\/li>\n<li>Marketing: Treten Sie mit potenziellen Neukund*innen in Kontakt und stellen Sie Ihre Arbeiten auf 1stdibs.com (Silber+), in unseren E-Mails (Gold+) und in den sozialen Medien (Silber+) vor.<\/li>\n<li>Redaktionelle Inhalte: Unsere redaktionellen Beitr\u00e4ge erh\u00f6hen Ihren Bekanntheitsgrad, heben Ihre Design-Arbeit hervor und pr\u00e4sentieren das Portfolio Ihres Unternehmens einem gr\u00f6\u00dferen Kundenstamm und potenziellen Neukund*innen. Dies ist f\u00fcr Unternehmen mit mindestens Gold-Status verf\u00fcgbar.<\/li>\n<li>1stDibs 50: Qualifizieren Sie sich f\u00fcr die Aufnahme in unsere j\u00e4hrliche Liste der 50 inspirierendsten Designer*innen, wenn Sie Platin erreichen.<\/li>\n<\/ul>\n\t\t\t<a href=\"#\" id=\"fl-accordion--label-4\">Haben Sie noch Fragen?<\/a>\n\t\t\t\t\t\t\t<a href=\"#\" id=\"fl-accordion--icon-4\"><i>Expand<\/i><\/a>\n\t\t<p>Sehen Sie sich die Bedingungen des Trade 1st-Programms <a href=\"https:\/\/www.1stdibs.com\/trade\/loyalty\/terms\/\">hier<\/a> an und kontaktieren Sie uns unter <a href=\"https:\/\/www.1stdibs.com\/de\/contact\/\">https:\/\/www.1stdibs.com\/contact\/<\/a>.<\/p>\n\n","protected":false},"excerpt":{"rendered":"<p>H\u00e4ufig gestellte Fragen zum Trade 1st-Programm Wie kann mein Unternehmen Pr\u00e4mien erhalten? Expand Unternehmen, die am Trade 1st-Programm teilnehmen, erhalten Punkte, wenn sie M\u00f6bel und Kunstobjekte auf 1stDibs kaufen oder an anderen von 1stDibs bekanntgegebenen Aktionen teilnehmen (z. B. Werbeaktionen). Ein US-Dollar, den Sie ausgeben, entspricht einem Punkt, es sei denn, Sie erhalten Bonuspunkte von [&hellip;]<\/p>\n","protected":false},"author":113,"featured_media":0,"parent":0,"menu_order":0,"comment_status":"closed","ping_status":"closed","template":"","meta":{"_acf_changed":false,"footnotes":""},"class_list":["post-8362","page","type-page","status-publish","hentry"],"acf":{"request_fullscreen":false},"yoast_head":"<!-- This site is optimized with the Yoast SEO plugin v27.2 - https:\/\/yoast.com\/product\/yoast-seo-wordpress\/ -->\n<title>H\u00e4ufig gestellte Fragen zu Trade\u00a01st - 1stDibs: Antique and Modern Furniture, Jewelry, Fashion &amp; Art<\/title>\n<meta name=\"robots\" content=\"index, follow, max-snippet:-1, max-image-preview:large, max-video-preview:-1\" \/>\n<link rel=\"canonical\" href=\"https:\/\/www.1stdibs.com\/info\/de\/trade-1st-faq\/\" \/>\n<meta property=\"og:locale\" content=\"de_DE\" \/>\n<meta property=\"og:type\" content=\"article\" \/>\n<meta property=\"og:title\" content=\"H\u00e4ufig gestellte Fragen zu Trade\u00a01st - 1stDibs: Antique and Modern Furniture, Jewelry, Fashion &amp; Art\" \/>\n<meta property=\"og:description\" content=\"H\u00e4ufig gestellte Fragen zum Trade 1st-Programm Wie kann mein Unternehmen Pr\u00e4mien erhalten? Expand Unternehmen, die am Trade 1st-Programm teilnehmen, erhalten Punkte, wenn sie M\u00f6bel und Kunstobjekte auf 1stDibs kaufen oder an anderen von 1stDibs bekanntgegebenen Aktionen teilnehmen (z. B. Werbeaktionen). Ein US-Dollar, den Sie ausgeben, entspricht einem Punkt, es sei denn, Sie erhalten Bonuspunkte von [&hellip;]\" \/>\n<meta property=\"og:url\" content=\"https:\/\/www.1stdibs.com\/info\/de\/trade-1st-faq\/\" \/>\n<meta property=\"og:site_name\" content=\"1stDibs: Antique and Modern Furniture, Jewelry, Fashion &amp; Art\" \/>\n<meta property=\"article:publisher\" content=\"https:\/\/www.facebook.com\/1stdibs\" \/>\n<meta property=\"article:modified_time\" content=\"2023-05-22T23:54:50+00:00\" \/>\n<meta property=\"og:image\" content=\"https:\/\/www.1stdibs.com\/info\/wp-content\/uploads\/2019\/12\/traderefresh_hero3-1.jpg\" \/>\n<meta name=\"twitter:card\" content=\"summary_large_image\" \/>\n<meta name=\"twitter:site\" content=\"@1stDibs\" \/>\n<script type=\"application\/ld+json\" class=\"yoast-schema-graph\">{\"@context\":\"https:\/\/schema.org\",\"@graph\":[{\"@type\":\"WebPage\",\"@id\":\"https:\/\/www.1stdibs.com\/info\/de\/trade-1st-faq\/\",\"url\":\"https:\/\/www.1stdibs.com\/info\/de\/trade-1st-faq\/\",\"name\":\"H\u00e4ufig gestellte Fragen zu Trade\u00a01st - 1stDibs: Antique and Modern Furniture, Jewelry, Fashion &amp; Art\",\"isPartOf\":{\"@id\":\"https:\/\/www.1stdibs.com\/info\/#website\"},\"primaryImageOfPage\":{\"@id\":\"https:\/\/www.1stdibs.com\/info\/de\/trade-1st-faq\/#primaryimage\"},\"image\":{\"@id\":\"https:\/\/www.1stdibs.com\/info\/de\/trade-1st-faq\/#primaryimage\"},\"thumbnailUrl\":\"https:\/\/www.1stdibs.com\/info\/wp-content\/uploads\/2019\/12\/traderefresh_hero3-1.jpg\",\"datePublished\":\"2022-04-14T19:12:06+00:00\",\"dateModified\":\"2023-05-22T23:54:50+00:00\",\"breadcrumb\":{\"@id\":\"https:\/\/www.1stdibs.com\/info\/de\/trade-1st-faq\/#breadcrumb\"},\"inLanguage\":\"de-DE\",\"potentialAction\":[{\"@type\":\"ReadAction\",\"target\":[\"https:\/\/www.1stdibs.com\/info\/de\/trade-1st-faq\/\"]}]},{\"@type\":\"ImageObject\",\"inLanguage\":\"de-DE\",\"@id\":\"https:\/\/www.1stdibs.com\/info\/de\/trade-1st-faq\/#primaryimage\",\"url\":\"https:\/\/www.1stdibs.com\/info\/wp-content\/uploads\/2019\/12\/traderefresh_hero3-1.jpg\",\"contentUrl\":\"https:\/\/www.1stdibs.com\/info\/wp-content\/uploads\/2019\/12\/traderefresh_hero3-1.jpg\"},{\"@type\":\"BreadcrumbList\",\"@id\":\"https:\/\/www.1stdibs.com\/info\/de\/trade-1st-faq\/#breadcrumb\",\"itemListElement\":[{\"@type\":\"ListItem\",\"position\":1,\"name\":\"Home\",\"item\":\"https:\/\/www.1stdibs.com\/info\/\"},{\"@type\":\"ListItem\",\"position\":2,\"name\":\"H\u00e4ufig gestellte Fragen zu Trade\u00a01st\"}]},{\"@type\":\"WebSite\",\"@id\":\"https:\/\/www.1stdibs.com\/info\/#website\",\"url\":\"https:\/\/www.1stdibs.com\/info\/\",\"name\":\"1stDibs: Antique and Modern Furniture, Jewelry, Fashion &amp; Art\",\"description\":\"\",\"publisher\":{\"@id\":\"https:\/\/www.1stdibs.com\/info\/#organization\"},\"potentialAction\":[{\"@type\":\"SearchAction\",\"target\":{\"@type\":\"EntryPoint\",\"urlTemplate\":\"https:\/\/www.1stdibs.com\/info\/?s={search_term_string}\"},\"query-input\":{\"@type\":\"PropertyValueSpecification\",\"valueRequired\":true,\"valueName\":\"search_term_string\"}}],\"inLanguage\":\"de-DE\"},{\"@type\":\"Organization\",\"@id\":\"https:\/\/www.1stdibs.com\/info\/#organization\",\"name\":\"1stDibs\",\"url\":\"https:\/\/www.1stdibs.com\/info\/\",\"logo\":{\"@type\":\"ImageObject\",\"inLanguage\":\"de-DE\",\"@id\":\"https:\/\/www.1stdibs.com\/info\/#\/schema\/logo\/image\/\",\"url\":\"https:\/\/www.1stdibs.com\/info\/wp-content\/uploads\/2020\/08\/1stdibs-logo-black-on-white-500px-padding.png\",\"contentUrl\":\"https:\/\/www.1stdibs.com\/info\/wp-content\/uploads\/2020\/08\/1stdibs-logo-black-on-white-500px-padding.png\",\"width\":500,\"height\":184,\"caption\":\"1stDibs\"},\"image\":{\"@id\":\"https:\/\/www.1stdibs.com\/info\/#\/schema\/logo\/image\/\"},\"sameAs\":[\"https:\/\/www.facebook.com\/1stdibs\",\"https:\/\/x.com\/1stDibs\",\"https:\/\/instagram.com\/1stdibs\/\",\"https:\/\/www.linkedin.com\/company\/1stdibs-com\/\",\"https:\/\/www.pinterest.com\/1stdibs\/\"]}]}<\/script>\n<!-- \/ Yoast SEO plugin. -->","yoast_head_json":{"title":"H\u00e4ufig gestellte Fragen zu Trade\u00a01st - 1stDibs: Antique and Modern Furniture, Jewelry, Fashion &amp; Art","robots":{"index":"index","follow":"follow","max-snippet":"max-snippet:-1","max-image-preview":"max-image-preview:large","max-video-preview":"max-video-preview:-1"},"canonical":"https:\/\/www.1stdibs.com\/info\/de\/trade-1st-faq\/","og_locale":"de_DE","og_type":"article","og_title":"H\u00e4ufig gestellte Fragen zu Trade\u00a01st - 1stDibs: Antique and Modern Furniture, Jewelry, Fashion &amp; Art","og_description":"H\u00e4ufig gestellte Fragen zum Trade 1st-Programm Wie kann mein Unternehmen Pr\u00e4mien erhalten? Expand Unternehmen, die am Trade 1st-Programm teilnehmen, erhalten Punkte, wenn sie M\u00f6bel und Kunstobjekte auf 1stDibs kaufen oder an anderen von 1stDibs bekanntgegebenen Aktionen teilnehmen (z. B. Werbeaktionen). Ein US-Dollar, den Sie ausgeben, entspricht einem Punkt, es sei denn, Sie erhalten Bonuspunkte von [&hellip;]","og_url":"https:\/\/www.1stdibs.com\/info\/de\/trade-1st-faq\/","og_site_name":"1stDibs: Antique and Modern Furniture, Jewelry, Fashion &amp; Art","article_publisher":"https:\/\/www.facebook.com\/1stdibs","article_modified_time":"2023-05-22T23:54:50+00:00","og_image":[{"url":"https:\/\/www.1stdibs.com\/info\/wp-content\/uploads\/2019\/12\/traderefresh_hero3-1.jpg","type":"","width":"","height":""}],"twitter_card":"summary_large_image","twitter_site":"@1stDibs","schema":{"@context":"https:\/\/schema.org","@graph":[{"@type":"WebPage","@id":"https:\/\/www.1stdibs.com\/info\/de\/trade-1st-faq\/","url":"https:\/\/www.1stdibs.com\/info\/de\/trade-1st-faq\/","name":"H\u00e4ufig gestellte Fragen zu Trade\u00a01st - 1stDibs: Antique and Modern Furniture, Jewelry, Fashion &amp; Art","isPartOf":{"@id":"https:\/\/www.1stdibs.com\/info\/#website"},"primaryImageOfPage":{"@id":"https:\/\/www.1stdibs.com\/info\/de\/trade-1st-faq\/#primaryimage"},"image":{"@id":"https:\/\/www.1stdibs.com\/info\/de\/trade-1st-faq\/#primaryimage"},"thumbnailUrl":"https:\/\/www.1stdibs.com\/info\/wp-content\/uploads\/2019\/12\/traderefresh_hero3-1.jpg","datePublished":"2022-04-14T19:12:06+00:00","dateModified":"2023-05-22T23:54:50+00:00","breadcrumb":{"@id":"https:\/\/www.1stdibs.com\/info\/de\/trade-1st-faq\/#breadcrumb"},"inLanguage":"de-DE","potentialAction":[{"@type":"ReadAction","target":["https:\/\/www.1stdibs.com\/info\/de\/trade-1st-faq\/"]}]},{"@type":"ImageObject","inLanguage":"de-DE","@id":"https:\/\/www.1stdibs.com\/info\/de\/trade-1st-faq\/#primaryimage","url":"https:\/\/www.1stdibs.com\/info\/wp-content\/uploads\/2019\/12\/traderefresh_hero3-1.jpg","contentUrl":"https:\/\/www.1stdibs.com\/info\/wp-content\/uploads\/2019\/12\/traderefresh_hero3-1.jpg"},{"@type":"BreadcrumbList","@id":"https:\/\/www.1stdibs.com\/info\/de\/trade-1st-faq\/#breadcrumb","itemListElement":[{"@type":"ListItem","position":1,"name":"Home","item":"https:\/\/www.1stdibs.com\/info\/"},{"@type":"ListItem","position":2,"name":"H\u00e4ufig gestellte Fragen zu Trade\u00a01st"}]},{"@type":"WebSite","@id":"https:\/\/www.1stdibs.com\/info\/#website","url":"https:\/\/www.1stdibs.com\/info\/","name":"1stDibs: Antique and Modern Furniture, Jewelry, Fashion &amp; Art","description":"","publisher":{"@id":"https:\/\/www.1stdibs.com\/info\/#organization"},"potentialAction":[{"@type":"SearchAction","target":{"@type":"EntryPoint","urlTemplate":"https:\/\/www.1stdibs.com\/info\/?s={search_term_string}"},"query-input":{"@type":"PropertyValueSpecification","valueRequired":true,"valueName":"search_term_string"}}],"inLanguage":"de-DE"},{"@type":"Organization","@id":"https:\/\/www.1stdibs.com\/info\/#organization","name":"1stDibs","url":"https:\/\/www.1stdibs.com\/info\/","logo":{"@type":"ImageObject","inLanguage":"de-DE","@id":"https:\/\/www.1stdibs.com\/info\/#\/schema\/logo\/image\/","url":"https:\/\/www.1stdibs.com\/info\/wp-content\/uploads\/2020\/08\/1stdibs-logo-black-on-white-500px-padding.png","contentUrl":"https:\/\/www.1stdibs.com\/info\/wp-content\/uploads\/2020\/08\/1stdibs-logo-black-on-white-500px-padding.png","width":500,"height":184,"caption":"1stDibs"},"image":{"@id":"https:\/\/www.1stdibs.com\/info\/#\/schema\/logo\/image\/"},"sameAs":["https:\/\/www.facebook.com\/1stdibs","https:\/\/x.com\/1stDibs","https:\/\/instagram.com\/1stdibs\/","https:\/\/www.linkedin.com\/company\/1stdibs-com\/","https:\/\/www.pinterest.com\/1stdibs\/"]}]}},"_links":{"self":[{"href":"https:\/\/www.1stdibs.com\/info\/de\/wp-json\/wp\/v2\/pages\/8362","targetHints":{"allow":["GET"]}}],"collection":[{"href":"https:\/\/www.1stdibs.com\/info\/de\/wp-json\/wp\/v2\/pages"}],"about":[{"href":"https:\/\/www.1stdibs.com\/info\/de\/wp-json\/wp\/v2\/types\/page"}],"author":[{"embeddable":true,"href":"https:\/\/www.1stdibs.com\/info\/de\/wp-json\/wp\/v2\/users\/113"}],"replies":[{"embeddable":true,"href":"https:\/\/www.1stdibs.com\/info\/de\/wp-json\/wp\/v2\/comments?post=8362"}],"version-history":[{"count":0,"href":"https:\/\/www.1stdibs.com\/info\/de\/wp-json\/wp\/v2\/pages\/8362\/revisions"}],"wp:attachment":[{"href":"https:\/\/www.1stdibs.com\/info\/de\/wp-json\/wp\/v2\/media?parent=8362"}],"curies":[{"name":"wp","href":"https:\/\/api.w.org\/{rel}","templated":true}]}}