{"id":13353,"date":"2022-05-05T09:46:56","date_gmt":"2022-05-05T13:46:56","guid":{"rendered":"https:\/\/www.1stdibs.com\/info\/comment-fonctionnent-les-encheres-1stdibs-et-faq\/"},"modified":"2023-05-18T12:35:32","modified_gmt":"2023-05-18T16:35:32","slug":"auctions-faq","status":"publish","type":"page","link":"https:\/\/www.1stdibs.com\/info\/fr\/auctions-faq\/","title":{"rendered":"Comment fonctionnent les ench\u00e8res 1stDibs et FAQ"},"content":{"rendered":"","protected":true},"excerpt":{"rendered":"","protected":true},"author":113,"featured_media":0,"parent":0,"menu_order":0,"comment_status":"closed","ping_status":"closed","template":"","meta":{"_acf_changed":false,"footnotes":""},"class_list":["post-13353","page","type-page","status-publish","post-password-required","hentry"],"acf":{"request_fullscreen":false},"yoast_head":"<!-- This site is optimized with the Yoast SEO plugin v27.3 - https:\/\/yoast.com\/product\/yoast-seo-wordpress\/ -->\n<title>Comment fonctionnent les ench\u00e8res 1stDibs et FAQ<\/title>\n<meta name=\"description\" content=\"Apprenez \u00e0 ench\u00e9rir et \u00e0 remporter des cr\u00e9ations extraordinaires \u00e0 un prix exceptionnel, sans prime d&#039;acheteur. Nous proposons un assortiment en constante \u00e9volution de pi\u00e8ces provenant de vendeurs s\u00e9lectionn\u00e9s dans notre communaut\u00e9 mondiale.\" \/>\n<meta name=\"robots\" content=\"index, follow, max-snippet:-1, max-image-preview:large, max-video-preview:-1\" \/>\n<link rel=\"canonical\" href=\"https:\/\/www.1stdibs.com\/info\/auctions-faq\/\" \/>\n<meta property=\"og:locale\" content=\"fr_FR\" \/>\n<meta property=\"og:type\" content=\"article\" \/>\n<meta property=\"og:title\" content=\"Comment fonctionnent les ench\u00e8res 1stDibs et FAQ\" \/>\n<meta property=\"og:description\" content=\"Apprenez \u00e0 ench\u00e9rir et \u00e0 remporter des cr\u00e9ations extraordinaires \u00e0 un prix exceptionnel, sans prime d&#039;acheteur. Nous proposons un assortiment en constante \u00e9volution de pi\u00e8ces provenant de vendeurs s\u00e9lectionn\u00e9s dans notre communaut\u00e9 mondiale.\" \/>\n<meta property=\"og:url\" content=\"https:\/\/www.1stdibs.com\/info\/auctions-faq\/\" \/>\n<meta property=\"og:site_name\" content=\"1stDibs: art, mode, bijoux et meubles modernes et anciens\" \/>\n<meta property=\"article:publisher\" content=\"https:\/\/www.facebook.com\/1stdibs\" \/>\n<meta property=\"article:modified_time\" content=\"2023-05-18T16:35:32+00:00\" \/>\n<meta name=\"twitter:card\" content=\"summary_large_image\" \/>\n<meta name=\"twitter:site\" content=\"@1stDibs\" \/>\n<meta name=\"twitter:label1\" content=\"Dur\u00e9e de lecture estim\u00e9e\" \/>\n\t<meta name=\"twitter:data1\" content=\"9 minutes\" \/>\n<script type=\"application\/ld+json\" class=\"yoast-schema-graph\">{\"@context\":\"https:\\\/\\\/schema.org\",\"@graph\":[{\"@type\":\"WebPage\",\"@id\":\"https:\\\/\\\/www.1stdibs.com\\\/info\\\/auctions-faq\\\/\",\"url\":\"https:\\\/\\\/www.1stdibs.com\\\/info\\\/auctions-faq\\\/\",\"name\":\"Comment fonctionnent les ench\u00e8res 1stDibs et FAQ\",\"isPartOf\":{\"@id\":\"https:\\\/\\\/www.1stdibs.com\\\/info\\\/#website\"},\"datePublished\":\"2022-05-05T13:46:56+00:00\",\"dateModified\":\"2023-05-18T16:35:32+00:00\",\"breadcrumb\":{\"@id\":\"https:\\\/\\\/www.1stdibs.com\\\/info\\\/auctions-faq\\\/#breadcrumb\"},\"inLanguage\":\"fr-FR\"},{\"@type\":\"WebSite\",\"@id\":\"https:\\\/\\\/www.1stdibs.com\\\/info\\\/#website\",\"url\":\"https:\\\/\\\/www.1stdibs.com\\\/info\\\/\",\"name\":\"1stDibs: art, mode, bijoux et meubles modernes et anciens\",\"description\":\"\",\"publisher\":{\"@id\":\"https:\\\/\\\/www.1stdibs.com\\\/info\\\/#organization\"},\"potentialAction\":[{\"@type\":\"SearchAction\",\"target\":{\"@type\":\"EntryPoint\",\"urlTemplate\":\"https:\\\/\\\/www.1stdibs.com\\\/info\\\/?s={search_term_string}\"},\"query-input\":{\"@type\":\"PropertyValueSpecification\",\"valueRequired\":true,\"valueName\":\"search_term_string\"}}],\"inLanguage\":\"fr-FR\"},{\"@type\":\"Organization\",\"@id\":\"https:\\\/\\\/www.1stdibs.com\\\/info\\\/#organization\",\"name\":\"1stDibs\",\"url\":\"https:\\\/\\\/www.1stdibs.com\\\/info\\\/\",\"logo\":{\"@type\":\"ImageObject\",\"inLanguage\":\"fr-FR\",\"@id\":\"https:\\\/\\\/www.1stdibs.com\\\/info\\\/#\\\/schema\\\/logo\\\/image\\\/\",\"url\":\"https:\\\/\\\/www.1stdibs.com\\\/info\\\/wp-content\\\/uploads\\\/2020\\\/08\\\/1stdibs-logo-black-on-white-500px-padding.png\",\"contentUrl\":\"https:\\\/\\\/www.1stdibs.com\\\/info\\\/wp-content\\\/uploads\\\/2020\\\/08\\\/1stdibs-logo-black-on-white-500px-padding.png\",\"width\":500,\"height\":184,\"caption\":\"1stDibs\"},\"image\":{\"@id\":\"https:\\\/\\\/www.1stdibs.com\\\/info\\\/#\\\/schema\\\/logo\\\/image\\\/\"},\"sameAs\":[\"https:\\\/\\\/www.facebook.com\\\/1stdibs\",\"https:\\\/\\\/x.com\\\/1stDibs\",\"https:\\\/\\\/instagram.com\\\/1stdibs\\\/\",\"https:\\\/\\\/www.linkedin.com\\\/company\\\/1stdibs-com\\\/\",\"https:\\\/\\\/www.pinterest.com\\\/1stdibs\\\/\"]}]}<\/script>\n<!-- \/ Yoast SEO plugin. -->","yoast_head_json":{"title":"Comment fonctionnent les ench\u00e8res 1stDibs et FAQ","description":"Apprenez \u00e0 ench\u00e9rir et \u00e0 remporter des cr\u00e9ations extraordinaires \u00e0 un prix exceptionnel, sans prime d'acheteur. Nous proposons un assortiment en constante \u00e9volution de pi\u00e8ces provenant de vendeurs s\u00e9lectionn\u00e9s dans notre communaut\u00e9 mondiale.","robots":{"index":"index","follow":"follow","max-snippet":"max-snippet:-1","max-image-preview":"max-image-preview:large","max-video-preview":"max-video-preview:-1"},"canonical":"https:\/\/www.1stdibs.com\/info\/auctions-faq\/","og_locale":"fr_FR","og_type":"article","og_title":"Comment fonctionnent les ench\u00e8res 1stDibs et FAQ","og_description":"Apprenez \u00e0 ench\u00e9rir et \u00e0 remporter des cr\u00e9ations extraordinaires \u00e0 un prix exceptionnel, sans prime d'acheteur. Nous proposons un assortiment en constante \u00e9volution de pi\u00e8ces provenant de vendeurs s\u00e9lectionn\u00e9s dans notre communaut\u00e9 mondiale.","og_url":"https:\/\/www.1stdibs.com\/info\/auctions-faq\/","og_site_name":"1stDibs: art, mode, bijoux et meubles modernes et anciens","article_publisher":"https:\/\/www.facebook.com\/1stdibs","article_modified_time":"2023-05-18T16:35:32+00:00","twitter_card":"summary_large_image","twitter_site":"@1stDibs","twitter_misc":{"Dur\u00e9e de lecture estim\u00e9e":"9 minutes"},"schema":{"@context":"https:\/\/schema.org","@graph":[{"@type":"WebPage","@id":"https:\/\/www.1stdibs.com\/info\/auctions-faq\/","url":"https:\/\/www.1stdibs.com\/info\/auctions-faq\/","name":"Comment fonctionnent les ench\u00e8res 1stDibs et FAQ","isPartOf":{"@id":"https:\/\/www.1stdibs.com\/info\/#website"},"datePublished":"2022-05-05T13:46:56+00:00","dateModified":"2023-05-18T16:35:32+00:00","breadcrumb":{"@id":"https:\/\/www.1stdibs.com\/info\/auctions-faq\/#breadcrumb"},"inLanguage":"fr-FR"},{"@type":"WebSite","@id":"https:\/\/www.1stdibs.com\/info\/#website","url":"https:\/\/www.1stdibs.com\/info\/","name":"1stDibs: art, mode, bijoux et meubles modernes et anciens","description":"","publisher":{"@id":"https:\/\/www.1stdibs.com\/info\/#organization"},"potentialAction":[{"@type":"SearchAction","target":{"@type":"EntryPoint","urlTemplate":"https:\/\/www.1stdibs.com\/info\/?s={search_term_string}"},"query-input":{"@type":"PropertyValueSpecification","valueRequired":true,"valueName":"search_term_string"}}],"inLanguage":"fr-FR"},{"@type":"Organization","@id":"https:\/\/www.1stdibs.com\/info\/#organization","name":"1stDibs","url":"https:\/\/www.1stdibs.com\/info\/","logo":{"@type":"ImageObject","inLanguage":"fr-FR","@id":"https:\/\/www.1stdibs.com\/info\/#\/schema\/logo\/image\/","url":"https:\/\/www.1stdibs.com\/info\/wp-content\/uploads\/2020\/08\/1stdibs-logo-black-on-white-500px-padding.png","contentUrl":"https:\/\/www.1stdibs.com\/info\/wp-content\/uploads\/2020\/08\/1stdibs-logo-black-on-white-500px-padding.png","width":500,"height":184,"caption":"1stDibs"},"image":{"@id":"https:\/\/www.1stdibs.com\/info\/#\/schema\/logo\/image\/"},"sameAs":["https:\/\/www.facebook.com\/1stdibs","https:\/\/x.com\/1stDibs","https:\/\/instagram.com\/1stdibs\/","https:\/\/www.linkedin.com\/company\/1stdibs-com\/","https:\/\/www.pinterest.com\/1stdibs\/"]}]}},"_links":{"self":[{"href":"https:\/\/www.1stdibs.com\/info\/fr\/wp-json\/wp\/v2\/pages\/13353","targetHints":{"allow":["GET"]}}],"collection":[{"href":"https:\/\/www.1stdibs.com\/info\/fr\/wp-json\/wp\/v2\/pages"}],"about":[{"href":"https:\/\/www.1stdibs.com\/info\/fr\/wp-json\/wp\/v2\/types\/page"}],"author":[{"embeddable":true,"href":"https:\/\/www.1stdibs.com\/info\/fr\/wp-json\/wp\/v2\/users\/113"}],"replies":[{"embeddable":true,"href":"https:\/\/www.1stdibs.com\/info\/fr\/wp-json\/wp\/v2\/comments?post=13353"}],"version-history":[{"count":0,"href":"https:\/\/www.1stdibs.com\/info\/fr\/wp-json\/wp\/v2\/pages\/13353\/revisions"}],"wp:attachment":[{"href":"https:\/\/www.1stdibs.com\/info\/fr\/wp-json\/wp\/v2\/media?parent=13353"}],"curies":[{"name":"wp","href":"https:\/\/api.w.org\/{rel}","templated":true}]}}