{"id":8359,"date":"2022-04-14T15:08:19","date_gmt":"2022-04-14T19:08:19","guid":{"rendered":"https:\/\/www.1stdibs.com\/info\/?page_id=8359"},"modified":"2023-05-18T13:12:04","modified_gmt":"2023-05-18T17:12:04","slug":"trade-1st-faq","status":"publish","type":"page","link":"https:\/\/www.1stdibs.com\/info\/fr\/trade-1st-faq\/","title":{"rendered":"FAQ sur Trade\u00a01st"},"content":{"rendered":"\n\n\t\t\t\t<img decoding=\"async\" src=\"https:\/\/www.1stdibs.com\/info\/wp-content\/uploads\/2019\/12\/traderefresh_hero3-1.jpg\" alt=\"traderefresh_hero3\" height=\"500\" width=\"1800\" title=\"traderefresh_hero3\" \/>\n<h2>\n\t\tFAQ sur le programme Trade\u00a01st\n\t<\/h2>\n\t\t\t<a href=\"#\" id=\"fl-accordion--label-0\">Comment mon entreprise obtient-elle des r\u00e9compenses\u00a0?<\/a>\n\t\t\t\t\t\t\t<a href=\"#\" id=\"fl-accordion--icon-0\"><i>Expand<\/i><\/a>\n\t\t<p>Les entreprises inscrites au programme Trade\u00a01st accumulent des points lorsqu&rsquo;elles ach\u00e8tent des meubles et des \u0153uvres d&rsquo;art sur 1stDibs ou par d&rsquo;autres actions annonc\u00e9es par 1stDibs (par exemple, des promotions). 1\u00a0$ d\u00e9pens\u00e9 \u00e9quivaut \u00e0 1\u00a0point, sauf si vous gagnez des points bonus gr\u00e2ce \u00e0 d&rsquo;autres actions. Seuls les achats confirm\u00e9s vous permettent de cumuler des points. L&rsquo;exp\u00e9dition et les taxes ne sont pas incluses, et les points sont d\u00e9duits en cas d&rsquo;annulation ou de retour. N&rsquo;oubliez pas que les achats effectu\u00e9s par tous vos coll\u00e8gues inscrits compteront pour les r\u00e9compenses collectives de votre entreprise.<\/p>\n\t\t\t<a href=\"#\" id=\"fl-accordion--label-1\">Comment puis-je recevoir des r\u00e9compenses\u00a0?<\/a>\n\t\t\t\t\t\t\t<a href=\"#\" id=\"fl-accordion--icon-1\"><i>Expand<\/i><\/a>\n\t\t<p>Votre entreprise recevra une r\u00e9compense chaque fois qu&rsquo;elle cumulera 5\u00a0000\u00a0points sur 1stdibs.com. Depuis le 20\u00a0octobre\u00a02020, chaque fois que votre entreprise obtient une r\u00e9compense, nous envoyons un e-mail au b\u00e9n\u00e9ficiaire afin qu&rsquo;il puisse r\u00e9clamer la carte-cadeau num\u00e9rique. La carte num\u00e9rique peut \u00eatre utilis\u00e9e pour faire des achats en ligne n&rsquo;importe o\u00f9 ou \u00eatre distribu\u00e9e \u00e0 vos coll\u00e8gues par voie \u00e9lectronique. Veuillez noter que le b\u00e9n\u00e9ficiaire doit r\u00e9clamer la r\u00e9compense de votre entreprise dans un d\u00e9lai de 180\u00a0jours, sinon elle sera perdue. Tant que vous ne l&rsquo;avez pas utilis\u00e9e, la r\u00e9compense ne vous appartient pas et vous n&rsquo;avez aucun droit sur celle-ci ou la valeur en esp\u00e8ces qu&rsquo;elle repr\u00e9sente. Veuillez cliquer <a href=\"https:\/\/www.1stdibs.com\/fr\/my\/account\/professional\/\">ici<\/a> pour conna\u00eetre le b\u00e9n\u00e9ficiaire des r\u00e9compenses de votre entreprise et demander des modifications si n\u00e9cessaire.<\/p>\n\t\t\t<a href=\"#\" id=\"fl-accordion--label-2\">Combien de temps faut-il pour recevoir la r\u00e9compense\u00a0?<\/a>\n\t\t\t\t\t\t\t<a href=\"#\" id=\"fl-accordion--icon-2\"><i>Expand<\/i><\/a>\n\t\t<p>Comptez un d\u00e9lai de quatre\u00a0semaines avant de recevoir votre r\u00e9compense.<\/p>\n\t\t\t<a href=\"#\" id=\"fl-accordion--label-3\">Quelle est la dur\u00e9e de validit\u00e9 de mon statut\u00a0?<\/a>\n\t\t\t\t\t\t\t<a href=\"#\" id=\"fl-accordion--icon-3\"><i>Expand<\/i><\/a>\n\t\t<p>Vous garderez votre statut Bronze, Argent, Or ou Platine pendant au moins une ann\u00e9e calendaire. Il d\u00e9pend des points gagn\u00e9s au cours de l&rsquo;ann\u00e9e calendaire pr\u00e9c\u00e9dente et de l&rsquo;ann\u00e9e en cours. Ainsi, si vous avez obtenu le statut Argent en\u00a02019, vous en b\u00e9n\u00e9ficiez encore en\u00a02020. Si vous obtenez ensuite le statut Or en\u00a02020, vous le conserverez pour le reste de l&rsquo;ann\u00e9e\u00a02020 et\u00a02021.<\/p>\n\t\t\t<a href=\"#\" id=\"fl-accordion--label-4\">Les points expirent-ils\u00a0?<\/a>\n\t\t\t\t\t\t\t<a href=\"#\" id=\"fl-accordion--icon-4\"><i>Expand<\/i><\/a>\n\t\t<p>Le 1er\u00a0janvier, les points du statut de votre entreprise sont remis \u00e0 z\u00e9ro. Tout statut acquis au cours de l&rsquo;ann\u00e9e pr\u00e9c\u00e9dente est valable l&rsquo;ann\u00e9e suivante. Les points de r\u00e9tribution restants pour atteindre la prochaine r\u00e9compense inf\u00e9rieure \u00e0 5\u00a0000 expireront \u00e9galement le 1er\u00a0janvier suivant.<\/p>\n\t\t\t<a href=\"#\" id=\"fl-accordion--label-0\">Si les points de r\u00e9compense de mon entreprise augmentent, quand le montant le plus \u00e9lev\u00e9 prend-il effet\u00a0?<\/a>\n\t\t\t\t\t\t\t<a href=\"#\" id=\"fl-accordion--icon-0\"><i>Expand<\/i><\/a>\n\t\t<p>Une fois que vous commencez \u00e0 gagner des points de r\u00e9compense plus importants, le montant le plus \u00e9lev\u00e9 est effectif imm\u00e9diatement.<\/p>\n\t\t\t<a href=\"#\" id=\"fl-accordion--label-1\">Comment cr\u00e9er mon portfolio de designer\u00a0?<\/a>\n\t\t\t\t\t\t\t<a href=\"#\" id=\"fl-accordion--icon-1\"><i>Expand<\/i><\/a>\n\t\t<p>Votre portfolio de designer est h\u00e9berg\u00e9 sur 1stdibs.com. Il illustre votre travail aupr\u00e8s de nos clients fortun\u00e9s et de vos nouveaux clients potentiels. Pour acc\u00e9der \u00e0 l&rsquo;outil de cr\u00e9ation de portfolio, connectez-vous au compte de votre entreprise et cliquez sur \u00ab\u00a0Portfolio Designer\u00a0\u00bb dans la navigation. Suivez les conseils utiles de <a href=\"https:\/\/www.1stdibs.com\/info\/trade-profile-tips\/\">notre guide<\/a> pour cr\u00e9er un profil parfait. Vous avez besoin d&rsquo;aide\u00a0? Contactez votre gestionnaire de compte ou envoyez un e-mail \u00e0 <a href=\"tradeprofiles@1stdibs.com\">tradeprofiles@1stdibs.com<\/a>.<\/p>\n\t\t\t<a href=\"#\" id=\"fl-accordion--label-2\">Dois-je publier mon portfolio pour avoir acc\u00e8s aux avantages marketing et \u00e9ditoriaux\u00a0?<\/a>\n\t\t\t\t\t\t\t<a href=\"#\" id=\"fl-accordion--icon-2\"><i>Expand<\/i><\/a>\n\t\t<p>Oui\u00a0! Votre portfolio constitue notre source principale pour les avantages marketing et \u00e9ditoriaux de votre entreprise, dont les r\u00e9seaux sociaux, les e-mails, les impressions, les articles et plus encore. Pour profiter de ces avantages, votre entreprise doit disposer d&rsquo;un portfolio complet et publi\u00e9 avec des photographies de qualit\u00e9 professionnelle. L&rsquo;acc\u00e8s \u00e0 ces avantages est \u00e0 l&rsquo;enti\u00e8re discr\u00e9tion de 1stdibs. Veuillez consulter les conditions et les exigences g\u00e9n\u00e9rales <a href=\"https:\/\/www.1stdibs.com\/trade\/loyalty\/terms\/\">ici<\/a>.<\/p>\n\t\t\t<a href=\"#\" id=\"fl-accordion--label-3\">Que m&rsquo;offrent les avantages marketing\u00a0?<\/a>\n\t\t\t\t\t\t\t<a href=\"#\" id=\"fl-accordion--icon-3\"><i>Expand<\/i><\/a>\n\t\t<ul>\n<li>Portfolio de designer\u00a0: pr\u00e9sentez le portfolio de votre entreprise \u00e0 des clients fortun\u00e9s ainsi qu&rsquo;\u00e0 de nouveaux prospects.<\/li>\n<li>Marketing\u00a0: entrez en contact avec de nouveaux clients potentiels et faites la promotion de votre travail sur 1stdibs.com (Argent+), dans nos e-mails (Or+) et sur les r\u00e9seaux sociaux (Argent+).<\/li>\n<li>Couverture \u00e9ditoriale\u00a0: nos articles \u00e9ditoriaux renforcent votre visibilit\u00e9. Ils mettent en valeur vos cr\u00e9ations et pr\u00e9sentent le portfolio de votre entreprise \u00e0 une base de clients \u00e9largie et \u00e0 de nouveaux prospects. Cette option est disponible pour les entreprises Or+.<\/li>\n<li>1stdibs\u00a050\u00a0: en atteignant le niveau Platine, vous pourrez \u00eatre inclus dans notre liste annuelle des 50\u00a0designers qui suscitent le plus l&rsquo;inspiration.<\/li>\n<\/ul>\n\t\t\t<a href=\"#\" id=\"fl-accordion--label-4\">Vous avez d&rsquo;autres questions\u00a0?<\/a>\n\t\t\t\t\t\t\t<a href=\"#\" id=\"fl-accordion--icon-4\"><i>Expand<\/i><\/a>\n\t\t<p>Consultez les conditions du programme Trade\u00a01st <a href=\"https:\/\/www.1stdibs.com\/trade\/loyalty\/terms\/\">ici<\/a> et n&rsquo;h\u00e9sitez pas \u00e0 nous contacter \u00e0 l&rsquo;adresse suivante\u00a0: <a href=\"https:\/\/www.1stdibs.com\/fr\/contact\/\">https:\/\/www.1stdibs.com\/contact\/<\/a>.<\/p>\n\n","protected":false},"excerpt":{"rendered":"<p>FAQ sur le programme Trade\u00a01st Comment mon entreprise obtient-elle des r\u00e9compenses\u00a0? Expand Les entreprises inscrites au programme Trade\u00a01st accumulent des points lorsqu&rsquo;elles ach\u00e8tent des meubles et des \u0153uvres d&rsquo;art sur 1stDibs ou par d&rsquo;autres actions annonc\u00e9es par 1stDibs (par exemple, des promotions). 1\u00a0$ d\u00e9pens\u00e9 \u00e9quivaut \u00e0 1\u00a0point, sauf si vous gagnez des points bonus gr\u00e2ce [&hellip;]<\/p>\n","protected":false},"author":113,"featured_media":0,"parent":0,"menu_order":0,"comment_status":"closed","ping_status":"closed","template":"","meta":{"_acf_changed":false,"footnotes":""},"class_list":["post-8359","page","type-page","status-publish","hentry"],"acf":{"request_fullscreen":false},"yoast_head":"<!-- This site is optimized with the Yoast SEO plugin v27.2 - https:\/\/yoast.com\/product\/yoast-seo-wordpress\/ -->\n<title>FAQ sur Trade\u00a01st - 1stDibs: art, mode, bijoux et meubles modernes et anciens<\/title>\n<meta name=\"robots\" content=\"index, follow, max-snippet:-1, max-image-preview:large, max-video-preview:-1\" \/>\n<link rel=\"canonical\" href=\"https:\/\/www.1stdibs.com\/info\/fr\/trade-1st-faq\/\" \/>\n<meta property=\"og:locale\" content=\"fr_FR\" \/>\n<meta property=\"og:type\" content=\"article\" \/>\n<meta property=\"og:title\" content=\"FAQ sur Trade\u00a01st - 1stDibs: art, mode, bijoux et meubles modernes et anciens\" \/>\n<meta property=\"og:description\" content=\"FAQ sur le programme Trade\u00a01st Comment mon entreprise obtient-elle des r\u00e9compenses\u00a0? Expand Les entreprises inscrites au programme Trade\u00a01st accumulent des points lorsqu&rsquo;elles ach\u00e8tent des meubles et des \u0153uvres d&rsquo;art sur 1stDibs ou par d&rsquo;autres actions annonc\u00e9es par 1stDibs (par exemple, des promotions). 1\u00a0$ d\u00e9pens\u00e9 \u00e9quivaut \u00e0 1\u00a0point, sauf si vous gagnez des points bonus gr\u00e2ce [&hellip;]\" \/>\n<meta property=\"og:url\" content=\"https:\/\/www.1stdibs.com\/info\/fr\/trade-1st-faq\/\" \/>\n<meta property=\"og:site_name\" content=\"1stDibs: art, mode, bijoux et meubles modernes et anciens\" \/>\n<meta property=\"article:publisher\" content=\"https:\/\/www.facebook.com\/1stdibs\" \/>\n<meta property=\"article:modified_time\" content=\"2023-05-18T17:12:04+00:00\" \/>\n<meta property=\"og:image\" content=\"https:\/\/www.1stdibs.com\/info\/wp-content\/uploads\/2019\/12\/traderefresh_hero3-1.jpg\" \/>\n<meta name=\"twitter:card\" content=\"summary_large_image\" \/>\n<meta name=\"twitter:site\" content=\"@1stDibs\" \/>\n<script type=\"application\/ld+json\" class=\"yoast-schema-graph\">{\"@context\":\"https:\/\/schema.org\",\"@graph\":[{\"@type\":\"WebPage\",\"@id\":\"https:\/\/www.1stdibs.com\/info\/fr\/trade-1st-faq\/\",\"url\":\"https:\/\/www.1stdibs.com\/info\/fr\/trade-1st-faq\/\",\"name\":\"FAQ sur Trade\u00a01st - 1stDibs: art, mode, bijoux et meubles modernes et anciens\",\"isPartOf\":{\"@id\":\"https:\/\/www.1stdibs.com\/info\/#website\"},\"primaryImageOfPage\":{\"@id\":\"https:\/\/www.1stdibs.com\/info\/fr\/trade-1st-faq\/#primaryimage\"},\"image\":{\"@id\":\"https:\/\/www.1stdibs.com\/info\/fr\/trade-1st-faq\/#primaryimage\"},\"thumbnailUrl\":\"https:\/\/www.1stdibs.com\/info\/wp-content\/uploads\/2019\/12\/traderefresh_hero3-1.jpg\",\"datePublished\":\"2022-04-14T19:08:19+00:00\",\"dateModified\":\"2023-05-18T17:12:04+00:00\",\"breadcrumb\":{\"@id\":\"https:\/\/www.1stdibs.com\/info\/fr\/trade-1st-faq\/#breadcrumb\"},\"inLanguage\":\"fr-FR\",\"potentialAction\":[{\"@type\":\"ReadAction\",\"target\":[\"https:\/\/www.1stdibs.com\/info\/fr\/trade-1st-faq\/\"]}]},{\"@type\":\"ImageObject\",\"inLanguage\":\"fr-FR\",\"@id\":\"https:\/\/www.1stdibs.com\/info\/fr\/trade-1st-faq\/#primaryimage\",\"url\":\"https:\/\/www.1stdibs.com\/info\/wp-content\/uploads\/2019\/12\/traderefresh_hero3-1.jpg\",\"contentUrl\":\"https:\/\/www.1stdibs.com\/info\/wp-content\/uploads\/2019\/12\/traderefresh_hero3-1.jpg\"},{\"@type\":\"BreadcrumbList\",\"@id\":\"https:\/\/www.1stdibs.com\/info\/fr\/trade-1st-faq\/#breadcrumb\",\"itemListElement\":[{\"@type\":\"ListItem\",\"position\":1,\"name\":\"Home\",\"item\":\"https:\/\/www.1stdibs.com\/info\/\"},{\"@type\":\"ListItem\",\"position\":2,\"name\":\"FAQ sur Trade\u00a01st\"}]},{\"@type\":\"WebSite\",\"@id\":\"https:\/\/www.1stdibs.com\/info\/#website\",\"url\":\"https:\/\/www.1stdibs.com\/info\/\",\"name\":\"1stDibs: art, mode, bijoux et meubles modernes et anciens\",\"description\":\"\",\"publisher\":{\"@id\":\"https:\/\/www.1stdibs.com\/info\/#organization\"},\"potentialAction\":[{\"@type\":\"SearchAction\",\"target\":{\"@type\":\"EntryPoint\",\"urlTemplate\":\"https:\/\/www.1stdibs.com\/info\/?s={search_term_string}\"},\"query-input\":{\"@type\":\"PropertyValueSpecification\",\"valueRequired\":true,\"valueName\":\"search_term_string\"}}],\"inLanguage\":\"fr-FR\"},{\"@type\":\"Organization\",\"@id\":\"https:\/\/www.1stdibs.com\/info\/#organization\",\"name\":\"1stDibs\",\"url\":\"https:\/\/www.1stdibs.com\/info\/\",\"logo\":{\"@type\":\"ImageObject\",\"inLanguage\":\"fr-FR\",\"@id\":\"https:\/\/www.1stdibs.com\/info\/#\/schema\/logo\/image\/\",\"url\":\"https:\/\/www.1stdibs.com\/info\/wp-content\/uploads\/2020\/08\/1stdibs-logo-black-on-white-500px-padding.png\",\"contentUrl\":\"https:\/\/www.1stdibs.com\/info\/wp-content\/uploads\/2020\/08\/1stdibs-logo-black-on-white-500px-padding.png\",\"width\":500,\"height\":184,\"caption\":\"1stDibs\"},\"image\":{\"@id\":\"https:\/\/www.1stdibs.com\/info\/#\/schema\/logo\/image\/\"},\"sameAs\":[\"https:\/\/www.facebook.com\/1stdibs\",\"https:\/\/x.com\/1stDibs\",\"https:\/\/instagram.com\/1stdibs\/\",\"https:\/\/www.linkedin.com\/company\/1stdibs-com\/\",\"https:\/\/www.pinterest.com\/1stdibs\/\"]}]}<\/script>\n<!-- \/ Yoast SEO plugin. -->","yoast_head_json":{"title":"FAQ sur Trade\u00a01st - 1stDibs: art, mode, bijoux et meubles modernes et anciens","robots":{"index":"index","follow":"follow","max-snippet":"max-snippet:-1","max-image-preview":"max-image-preview:large","max-video-preview":"max-video-preview:-1"},"canonical":"https:\/\/www.1stdibs.com\/info\/fr\/trade-1st-faq\/","og_locale":"fr_FR","og_type":"article","og_title":"FAQ sur Trade\u00a01st - 1stDibs: art, mode, bijoux et meubles modernes et anciens","og_description":"FAQ sur le programme Trade\u00a01st Comment mon entreprise obtient-elle des r\u00e9compenses\u00a0? Expand Les entreprises inscrites au programme Trade\u00a01st accumulent des points lorsqu&rsquo;elles ach\u00e8tent des meubles et des \u0153uvres d&rsquo;art sur 1stDibs ou par d&rsquo;autres actions annonc\u00e9es par 1stDibs (par exemple, des promotions). 1\u00a0$ d\u00e9pens\u00e9 \u00e9quivaut \u00e0 1\u00a0point, sauf si vous gagnez des points bonus gr\u00e2ce [&hellip;]","og_url":"https:\/\/www.1stdibs.com\/info\/fr\/trade-1st-faq\/","og_site_name":"1stDibs: art, mode, bijoux et meubles modernes et anciens","article_publisher":"https:\/\/www.facebook.com\/1stdibs","article_modified_time":"2023-05-18T17:12:04+00:00","og_image":[{"url":"https:\/\/www.1stdibs.com\/info\/wp-content\/uploads\/2019\/12\/traderefresh_hero3-1.jpg","type":"","width":"","height":""}],"twitter_card":"summary_large_image","twitter_site":"@1stDibs","schema":{"@context":"https:\/\/schema.org","@graph":[{"@type":"WebPage","@id":"https:\/\/www.1stdibs.com\/info\/fr\/trade-1st-faq\/","url":"https:\/\/www.1stdibs.com\/info\/fr\/trade-1st-faq\/","name":"FAQ sur Trade\u00a01st - 1stDibs: art, mode, bijoux et meubles modernes et anciens","isPartOf":{"@id":"https:\/\/www.1stdibs.com\/info\/#website"},"primaryImageOfPage":{"@id":"https:\/\/www.1stdibs.com\/info\/fr\/trade-1st-faq\/#primaryimage"},"image":{"@id":"https:\/\/www.1stdibs.com\/info\/fr\/trade-1st-faq\/#primaryimage"},"thumbnailUrl":"https:\/\/www.1stdibs.com\/info\/wp-content\/uploads\/2019\/12\/traderefresh_hero3-1.jpg","datePublished":"2022-04-14T19:08:19+00:00","dateModified":"2023-05-18T17:12:04+00:00","breadcrumb":{"@id":"https:\/\/www.1stdibs.com\/info\/fr\/trade-1st-faq\/#breadcrumb"},"inLanguage":"fr-FR","potentialAction":[{"@type":"ReadAction","target":["https:\/\/www.1stdibs.com\/info\/fr\/trade-1st-faq\/"]}]},{"@type":"ImageObject","inLanguage":"fr-FR","@id":"https:\/\/www.1stdibs.com\/info\/fr\/trade-1st-faq\/#primaryimage","url":"https:\/\/www.1stdibs.com\/info\/wp-content\/uploads\/2019\/12\/traderefresh_hero3-1.jpg","contentUrl":"https:\/\/www.1stdibs.com\/info\/wp-content\/uploads\/2019\/12\/traderefresh_hero3-1.jpg"},{"@type":"BreadcrumbList","@id":"https:\/\/www.1stdibs.com\/info\/fr\/trade-1st-faq\/#breadcrumb","itemListElement":[{"@type":"ListItem","position":1,"name":"Home","item":"https:\/\/www.1stdibs.com\/info\/"},{"@type":"ListItem","position":2,"name":"FAQ sur Trade\u00a01st"}]},{"@type":"WebSite","@id":"https:\/\/www.1stdibs.com\/info\/#website","url":"https:\/\/www.1stdibs.com\/info\/","name":"1stDibs: art, mode, bijoux et meubles modernes et anciens","description":"","publisher":{"@id":"https:\/\/www.1stdibs.com\/info\/#organization"},"potentialAction":[{"@type":"SearchAction","target":{"@type":"EntryPoint","urlTemplate":"https:\/\/www.1stdibs.com\/info\/?s={search_term_string}"},"query-input":{"@type":"PropertyValueSpecification","valueRequired":true,"valueName":"search_term_string"}}],"inLanguage":"fr-FR"},{"@type":"Organization","@id":"https:\/\/www.1stdibs.com\/info\/#organization","name":"1stDibs","url":"https:\/\/www.1stdibs.com\/info\/","logo":{"@type":"ImageObject","inLanguage":"fr-FR","@id":"https:\/\/www.1stdibs.com\/info\/#\/schema\/logo\/image\/","url":"https:\/\/www.1stdibs.com\/info\/wp-content\/uploads\/2020\/08\/1stdibs-logo-black-on-white-500px-padding.png","contentUrl":"https:\/\/www.1stdibs.com\/info\/wp-content\/uploads\/2020\/08\/1stdibs-logo-black-on-white-500px-padding.png","width":500,"height":184,"caption":"1stDibs"},"image":{"@id":"https:\/\/www.1stdibs.com\/info\/#\/schema\/logo\/image\/"},"sameAs":["https:\/\/www.facebook.com\/1stdibs","https:\/\/x.com\/1stDibs","https:\/\/instagram.com\/1stdibs\/","https:\/\/www.linkedin.com\/company\/1stdibs-com\/","https:\/\/www.pinterest.com\/1stdibs\/"]}]}},"_links":{"self":[{"href":"https:\/\/www.1stdibs.com\/info\/fr\/wp-json\/wp\/v2\/pages\/8359","targetHints":{"allow":["GET"]}}],"collection":[{"href":"https:\/\/www.1stdibs.com\/info\/fr\/wp-json\/wp\/v2\/pages"}],"about":[{"href":"https:\/\/www.1stdibs.com\/info\/fr\/wp-json\/wp\/v2\/types\/page"}],"author":[{"embeddable":true,"href":"https:\/\/www.1stdibs.com\/info\/fr\/wp-json\/wp\/v2\/users\/113"}],"replies":[{"embeddable":true,"href":"https:\/\/www.1stdibs.com\/info\/fr\/wp-json\/wp\/v2\/comments?post=8359"}],"version-history":[{"count":0,"href":"https:\/\/www.1stdibs.com\/info\/fr\/wp-json\/wp\/v2\/pages\/8359\/revisions"}],"wp:attachment":[{"href":"https:\/\/www.1stdibs.com\/info\/fr\/wp-json\/wp\/v2\/media?parent=8359"}],"curies":[{"name":"wp","href":"https:\/\/api.w.org\/{rel}","templated":true}]}}