{"id":4481,"date":"2019-02-26T12:27:49","date_gmt":"2019-02-26T17:27:49","guid":{"rendered":"https:\/\/www.1stdibs.com\/info\/?page_id=4481"},"modified":"2021-09-06T14:35:59","modified_gmt":"2021-09-06T18:35:59","slug":"visionary-women","status":"publish","type":"page","link":"https:\/\/www.1stdibs.com\/info\/visionary-women\/","title":{"rendered":"Visionary Women"},"content":{"rendered":"\n\n\t<a href=\"https:\/\/www.1stdibs.com\/collections\/visionary-women\/\">Visionary<\/a><br \/>\nWomen\n\t<p>We&#8217;re celebrating the design world&#8217;s most outstanding women, past and present, and putting a spotlight on their iconic works<\/p>\n\t\t\t<a href=\"https:\/\/www.1stdibs.com\/collections\/visionary-women\/\" target=\"_self\" role=\"button\" rel=\"noopener\">\n\t\t\t\t\t\t\tSHOP THE COLLECTION\n\t\t\t\t\t<\/a>\n\t<p>FAYE TOOGOOD<\/p>\n\t\n\t<p>&#8220;I design holistically, with an overall vision across fashion, furniture and interiors.&#8221;<\/p>\n\t\t\t<a href=\"https:\/\/www.1stdibs.com\/blogs\/the-study\/faye-toogood\/\" target=\"_self\" role=\"button\" rel=\"noopener\">\n\t\t\t\t\t\t\tREAD MORE\n\t\t\t\t\t<\/a>\n\t\t\t\t<a href=\"https:\/\/www.1stdibs.com\/blogs\/the-study\/neha-dani\/\" target=\"_self\" itemprop=\"url\" rel=\"noopener\">\n\t\t\t\t<img decoding=\"async\" src=\"https:\/\/www.1stdibs.com\/info\/wp-content\/uploads\/2020\/02\/fayemobile.jpg\" alt=\"fayemobile\" itemprop=\"image\" height=\"659\" width=\"660\" title=\"fayemobile\" onerror=\"this.style.display='none'\"  \/>\n\t\t\t\t<\/a>\n\t<p>FAYE TOOGOOD<\/p>\n\t<p>Artist &amp; Designer<\/p>\n\t<p>&#8220;I design holistically, with an overall vision across fashion, furniture and interiors.&#8221;<\/p>\n\t\t\t<a href=\"https:\/\/www.1stdibs.com\/blogs\/the-study\/faye-toogood\/\" target=\"_self\" role=\"button\" rel=\"noopener\">\n\t\t\t\t\t\t\tREAD MORE\n\t\t\t\t\t<\/a>\n\t\t\t\t<a href=\"https:\/\/www.1stdibs.com\/blogs\/the-study\/neha-dani\/\" target=\"_self\" itemprop=\"url\" rel=\"noopener\">\n\t\t\t\t<img decoding=\"async\" src=\"https:\/\/www.1stdibs.com\/info\/wp-content\/uploads\/2020\/02\/nehad-1.jpg\" alt=\"nehad\" itemprop=\"image\" height=\"659\" width=\"660\" title=\"nehad\" onerror=\"this.style.display='none'\"  \/>\n\t\t\t\t<\/a>\n\t<p>NEHA DANI<\/p>\n\t\n\t<p>&#8220;My jeweled pieces are like miniature sculptures in three dimensions, whereby the view from every angle is different.&#8221;<\/p>\n\t\t\t<a href=\"https:\/\/www.1stdibs.com\/blogs\/the-study\/neha-dani\/\" target=\"_self\" role=\"button\" rel=\"noopener\">\n\t\t\t\t\t\t\tREAD MORE\n\t\t\t\t\t<\/a>\n\t\t\t\t<a href=\"https:\/\/www.1stdibs.com\/blogs\/the-study\/neha-dani\/\" target=\"_self\" itemprop=\"url\" rel=\"noopener\">\n\t\t\t\t<img decoding=\"async\" src=\"https:\/\/www.1stdibs.com\/info\/wp-content\/uploads\/2020\/02\/miramobile.jpg\" alt=\"miramobile\" itemprop=\"image\" height=\"659\" width=\"660\" title=\"miramobile\" onerror=\"this.style.display='none'\"  \/>\n\t\t\t\t<\/a>\n\t<p>MIRA NAKASHIMA<\/p>\n\t\n\t<p>&#8220;I am a supervisor to a shop of woodworkers who take my drawings from raw wood to the reality of furniture.&#8221;<\/p>\n\t\t\t<a href=\"https:\/\/www.1stdibs.com\/blogs\/the-study\/mira-nakashima\/\" target=\"_self\" role=\"button\" rel=\"noopener\">\n\t\t\t\t\t\t\tREAD MORE\n\t\t\t\t\t<\/a>\n\t<p>MIRA NAKASHIMA<\/p>\n\t\n\t<p>&#8220;I am a supervisor to a shop of woodworkers who take my drawings from raw wood to the reality of furniture.&#8221;<\/p>\n\t\t\t<a href=\"https:\/\/www.1stdibs.com\/blogs\/the-study\/mira-nakashima\/\" target=\"_self\" role=\"button\" rel=\"noopener\">\n\t\t\t\t\t\t\tREAD MORE\n\t\t\t\t\t<\/a>\n\t\t\t\t<a href=\"https:\/\/www.1stdibs.com\/blogs\/the-study\/sight-unseen\/\" target=\"_self\" itemprop=\"url\" rel=\"noopener\">\n\t\t\t\t<img decoding=\"async\" src=\"https:\/\/www.1stdibs.com\/info\/wp-content\/uploads\/2020\/02\/SU.jpg\" alt=\"SU\" itemprop=\"image\" height=\"659\" width=\"660\" title=\"SU\" onerror=\"this.style.display='none'\"  \/>\n\t\t\t\t<\/a>\n\tJill Singer<br \/>\n<em>&amp;<\/em> Monica Khemsurov\n\t\n\t<p>&#8220;We are always interested in trends and how they form, splinter, die and define us.&#8221;<\/p>\n\t\t\t<a href=\"https:\/\/www.1stdibs.com\/blogs\/the-study\/sight-unseen\/\" target=\"_self\" role=\"button\" rel=\"noopener\">\n\t\t\t\t\t\t\tREAD MORE\n\t\t\t\t\t<\/a>\n\t<p>Contemporary Creators<\/p>\n\t<p>Explore, shop and be inspired by the contributions of these influential female artists<\/p>\n\t\t\t\t<a href=\"https:\/\/www.1stdibs.com\/creators\/patricia-urquiola\/furniture\/\" target=\"_self\" itemprop=\"url\" rel=\"noopener\">\n\t\t\t\t<img decoding=\"async\" src=\"https:\/\/www.1stdibs.com\/info\/wp-content\/uploads\/2020\/02\/patricia-1.jpg\" alt=\"patricia\" itemprop=\"image\" height=\"1314\" width=\"952\" title=\"patricia\" onerror=\"this.style.display='none'\"  \/>\n\t\t\t\t<\/a>\n<h2>\n\t\t<a href=\"https:\/\/www.1stdibs.com\/creators\/patricia-urquiola\/furniture\/\" title=\"Patricia Urquiola\" target=\"_self\" rel=\"noopener\">\n\t\tPatricia Urquiola\n\t\t<\/a>\n\t<\/h2>\n\t\t\t\t<a href=\"https:\/\/www.1stdibs.com\/creators\/faye-toogood\/furniture\/\" target=\"_self\" itemprop=\"url\" rel=\"noopener\">\n\t\t\t\t<img decoding=\"async\" src=\"https:\/\/www.1stdibs.com\/info\/wp-content\/uploads\/2020\/02\/fayeitem.jpg\" alt=\"fayeitem\" itemprop=\"image\" height=\"1314\" width=\"952\" title=\"fayeitem\" onerror=\"this.style.display='none'\"  \/>\n\t\t\t\t<\/a>\n<h2>\n\t\t<a href=\"https:\/\/www.1stdibs.com\/creators\/faye-toogood\/furniture\/\" title=\"Faye Toogood\" target=\"_self\" rel=\"noopener\">\n\t\tFaye Toogood\n\t\t<\/a>\n\t<\/h2>\n\t\t\t\t<a href=\"https:\/\/www.1stdibs.com\/art\/?q=jenny%20sharaf\" target=\"_self\" itemprop=\"url\" rel=\"noopener\">\n\t\t\t\t<img decoding=\"async\" src=\"https:\/\/www.1stdibs.com\/info\/wp-content\/uploads\/2020\/02\/jenny.jpg\" alt=\"jenny\" itemprop=\"image\" height=\"800\" width=\"800\" title=\"jenny\" onerror=\"this.style.display='none'\"  \/>\n\t\t\t\t<\/a>\n<h2>\n\t\t<a href=\"https:\/\/www.1stdibs.com\/art\/?q=jenny%20sharaf\" title=\"Jenny Sharaf\" target=\"_self\" rel=\"noopener\">\n\t\tJenny Sharaf\n\t\t<\/a>\n\t<\/h2>\n\t\t\t\t<a href=\"https:\/\/www.1stdibs.com\/creators\/hella-jongerius\/furniture\/\" target=\"_self\" itemprop=\"url\" rel=\"noopener\">\n\t\t\t\t<img decoding=\"async\" src=\"https:\/\/www.1stdibs.com\/info\/wp-content\/uploads\/2020\/02\/hella.jpg\" alt=\"hella\" itemprop=\"image\" height=\"800\" width=\"800\" title=\"hella\" onerror=\"this.style.display='none'\"  \/>\n\t\t\t\t<\/a>\n<h2>\n\t\t<a href=\"https:\/\/www.1stdibs.com\/creators\/hella-jongerius\/furniture\/\" title=\"Hella Jongerius\" target=\"_self\" rel=\"noopener\">\n\t\tHella Jongerius\n\t\t<\/a>\n\t<\/h2>\n\t\t\t\t<a href=\"https:\/\/www.1stdibs.com\/creators\/lara-bohinc\/furniture\/\" target=\"_self\" itemprop=\"url\" rel=\"noopener\">\n\t\t\t\t<img decoding=\"async\" src=\"https:\/\/www.1stdibs.com\/info\/wp-content\/uploads\/2020\/02\/bohinc.jpg\" alt=\"bohinc\" itemprop=\"image\" height=\"800\" width=\"800\" title=\"bohinc\" onerror=\"this.style.display='none'\"  \/>\n\t\t\t\t<\/a>\n<h2>\n\t\t<a href=\"https:\/\/www.1stdibs.com\/creators\/lara-bohinc\/furniture\/\" title=\"Lara Bohinc\" target=\"_self\" rel=\"noopener\">\n\t\tLara Bohinc\n\t\t<\/a>\n\t<\/h2>\n\t\t\t\t<a href=\"https:\/\/www.1stdibs.com\/creators\/neha-dani\/jewelry\/\" target=\"_self\" itemprop=\"url\" rel=\"noopener\">\n\t\t\t\t<img decoding=\"async\" src=\"https:\/\/www.1stdibs.com\/info\/wp-content\/uploads\/2020\/02\/nehaitem.jpg\" alt=\"nehaitem\" itemprop=\"image\" height=\"800\" width=\"800\" title=\"nehaitem\" onerror=\"this.style.display='none'\"  \/>\n\t\t\t\t<\/a>\n<h2>\n\t\t<a href=\"https:\/\/www.1stdibs.com\/creators\/neha-dani\/jewelry\/\" title=\"Neha Dani\" target=\"_self\" rel=\"noopener\">\n\t\tNeha Dani\n\t\t<\/a>\n\t<\/h2>\n\t\t\t\t<a href=\"https:\/\/www.1stdibs.com\/creators\/mira-nakashima\/furniture\/\" target=\"_self\" itemprop=\"url\" rel=\"noopener\">\n\t\t\t\t<img decoding=\"async\" src=\"https:\/\/www.1stdibs.com\/info\/wp-content\/uploads\/2020\/02\/miranakashima.jpg\" alt=\"miranakashima\" itemprop=\"image\" height=\"1314\" width=\"952\" title=\"miranakashima\" onerror=\"this.style.display='none'\"  \/>\n\t\t\t\t<\/a>\n<h2>\n\t\t<a href=\"https:\/\/www.1stdibs.com\/creators\/mira-nakashima\/furniture\/\" title=\"Mira Nakashima\" target=\"_self\" rel=\"noopener\">\n\t\tMira Nakashima\n\t\t<\/a>\n\t<\/h2>\n\t\t\t\t<a href=\"https:\/\/www.1stdibs.com\/creators\/kiki-van-eijk\/furniture\/\" target=\"_self\" itemprop=\"url\" rel=\"noopener\">\n\t\t\t\t<img decoding=\"async\" src=\"https:\/\/www.1stdibs.com\/info\/wp-content\/uploads\/2020\/02\/kiki.jpg\" alt=\"kiki\" itemprop=\"image\" height=\"1314\" width=\"952\" title=\"kiki\" onerror=\"this.style.display='none'\"  \/>\n\t\t\t\t<\/a>\n<h2>\n\t\t<a href=\"https:\/\/www.1stdibs.com\/creators\/kiki-van-eijk\/furniture\/\" title=\"Kiki van Eijk\" target=\"_self\" rel=\"noopener\">\n\t\tKiki van Eijk\n\t\t<\/a>\n\t<\/h2>\n\t<p>THE PIONEERS<\/p>\n\t<p>Trailblazers in every sense, these women challenged the status quo in their respective fields &#8211; and changed the design world in the process<\/p>\n\t\t\t\t<a href=\"https:\/\/www.1stdibs.com\/creators\/grete-jalk\/furniture\/\" target=\"_self\" itemprop=\"url\" rel=\"noopener\">\n\t\t\t\t<img decoding=\"async\" src=\"https:\/\/www.1stdibs.com\/info\/wp-content\/uploads\/2020\/02\/grete.jpg\" alt=\"grete\" itemprop=\"image\" height=\"500\" width=\"500\" title=\"grete\" onerror=\"this.style.display='none'\"  \/>\n\t\t\t\t<\/a>\n<h2>\n\t\t<a href=\"https:\/\/www.1stdibs.com\/creators\/grete-jalk\/furniture\/\" title=\"Grete Jalk\" target=\"_self\" rel=\"noopener\">\n\t\tGrete Jalk\n\t\t<\/a>\n\t<\/h2>\n\t\t\t\t<a href=\"https:\/\/www.1stdibs.com\/creators\/helen-frankenthaler\/art\/\" target=\"_self\" itemprop=\"url\" rel=\"noopener\">\n\t\t\t\t<img decoding=\"async\" src=\"https:\/\/www.1stdibs.com\/info\/wp-content\/uploads\/2020\/02\/helen.jpg\" alt=\"helen\" itemprop=\"image\" height=\"500\" width=\"500\" title=\"helen\" onerror=\"this.style.display='none'\"  \/>\n\t\t\t\t<\/a>\n<h2>\n\t\t<a href=\"https:\/\/www.1stdibs.com\/creators\/helen-frankenthaler\/art\/\" title=\"Helen Frankenthaller\" target=\"_self\" rel=\"noopener\">\n\t\tHelen Frankenthaller\n\t\t<\/a>\n\t<\/h2>\n\t\t\t\t<a href=\"https:\/\/www.1stdibs.com\/creators\/gae-aulenti\/furniture\/\" target=\"_self\" itemprop=\"url\" rel=\"noopener\">\n\t\t\t\t<img decoding=\"async\" src=\"https:\/\/www.1stdibs.com\/info\/wp-content\/uploads\/2020\/02\/gae.jpg\" alt=\"gae\" itemprop=\"image\" height=\"500\" width=\"500\" title=\"gae\" onerror=\"this.style.display='none'\"  \/>\n\t\t\t\t<\/a>\n<h2>\n\t\t<a href=\"https:\/\/www.1stdibs.com\/creators\/gae-aulenti\/furniture\/\" title=\"Gae Aulenti\" target=\"_self\" rel=\"noopener\">\n\t\tGae Aulenti\n\t\t<\/a>\n\t<\/h2>\n\t\t\t\t<a href=\"https:\/\/www.1stdibs.com\/creators\/eileen-gray\/furniture\/\" target=\"_self\" itemprop=\"url\" rel=\"noopener\">\n\t\t\t\t<img decoding=\"async\" src=\"https:\/\/www.1stdibs.com\/info\/wp-content\/uploads\/2020\/02\/eileen.jpg\" alt=\"eileen\" itemprop=\"image\" height=\"500\" width=\"500\" title=\"eileen\" onerror=\"this.style.display='none'\"  \/>\n\t\t\t\t<\/a>\n<h2>\n\t\t<a href=\"https:\/\/www.1stdibs.com\/creators\/eileen-gray\/furniture\/\" title=\"Eileen Gray\" target=\"_self\" rel=\"noopener\">\n\t\tEileen Gray\n\t\t<\/a>\n\t<\/h2>\n\t\t\t\t<a href=\"https:\/\/www.1stdibs.com\/creators\/marta-maas-fjetterstrom\/furniture\/\" target=\"_self\" itemprop=\"url\" rel=\"noopener\">\n\t\t\t\t<img decoding=\"async\" src=\"https:\/\/www.1stdibs.com\/info\/wp-content\/uploads\/2020\/02\/marta.jpg\" alt=\"marta\" itemprop=\"image\" height=\"500\" width=\"500\" title=\"marta\" onerror=\"this.style.display='none'\"  \/>\n\t\t\t\t<\/a>\n<h2>\n\t\t<a href=\"https:\/\/www.1stdibs.com\/creators\/marta-maas-fjetterstrom\/furniture\/\" title=\"M\u00e4rta M\u00e5\u00e5s-Fjetterstr\u00f6m\" target=\"_self\" rel=\"noopener\">\n\t\tM\u00e4rta M\u00e5\u00e5s-Fjetterstr\u00f6m\n\t\t<\/a>\n\t<\/h2>\n\t\t\t\t<a href=\"https:\/\/www.1stdibs.com\/creators\/florence-knoll\/furniture\/\" target=\"_self\" itemprop=\"url\" rel=\"noopener\">\n\t\t\t\t<img decoding=\"async\" src=\"https:\/\/www.1stdibs.com\/info\/wp-content\/uploads\/2020\/02\/florenceknoll.jpg\" alt=\"florenceknoll\" itemprop=\"image\" height=\"500\" width=\"500\" title=\"florenceknoll\" onerror=\"this.style.display='none'\"  \/>\n\t\t\t\t<\/a>\n<h2>\n\t\t<a href=\"https:\/\/www.1stdibs.com\/creators\/florence-knoll\/furniture\/\" title=\"Florence Knoll\" target=\"_self\" rel=\"noopener\">\n\t\tFlorence Knoll\n\t\t<\/a>\n\t<\/h2>\n\t\t\t\t<a href=\"https:\/\/www.1stdibs.com\/creators\/cini-boeri\/furniture\/\" target=\"_self\" itemprop=\"url\" rel=\"noopener\">\n\t\t\t\t<img decoding=\"async\" src=\"https:\/\/www.1stdibs.com\/info\/wp-content\/uploads\/2020\/02\/cini.jpg\" alt=\"cini\" itemprop=\"image\" height=\"500\" width=\"500\" title=\"cini\" onerror=\"this.style.display='none'\"  \/>\n\t\t\t\t<\/a>\n<h2>\n\t\t<a href=\"https:\/\/www.1stdibs.com\/creators\/cini-boeri\/furniture\/\" title=\"Cini Boeri\" target=\"_self\" rel=\"noopener\">\n\t\tCini Boeri\n\t\t<\/a>\n\t<\/h2>\n\t\t\t\t<a href=\"https:\/\/www.1stdibs.com\/creators\/line-vautrin\/\" target=\"_self\" itemprop=\"url\" rel=\"noopener\">\n\t\t\t\t<img decoding=\"async\" src=\"https:\/\/www.1stdibs.com\/info\/wp-content\/uploads\/2020\/02\/line.jpg\" alt=\"line\" itemprop=\"image\" height=\"500\" width=\"500\" title=\"line\" onerror=\"this.style.display='none'\"  \/>\n\t\t\t\t<\/a>\n<h2>\n\t\t<a href=\"https:\/\/www.1stdibs.com\/creators\/line-vautrin\/\" title=\"Line Vautrin\" target=\"_self\" rel=\"noopener\">\n\t\tLine Vautrin\n\t\t<\/a>\n\t<\/h2>\n\t\t\t<a href=\"https:\/\/www.1stdibs.com\/collections\/visionary-women\/\" target=\"_self\" role=\"button\" rel=\"noopener\">\n\t\t\t\t\t\t\tSHOP THE COLLECTION\n\t\t\t\t\t<\/a>\n\n","protected":false},"excerpt":{"rendered":"<p>Visionary Women We&#8217;re celebrating the design world&#8217;s most outstanding women, past and present, and putting a spotlight on their iconic works SHOP THE COLLECTION FAYE TOOGOOD &#8220;I design holistically, with an overall vision across fashion, furniture and interiors.&#8221; READ MORE FAYE TOOGOOD Artist &amp; Designer &#8220;I design holistically, with an overall vision across fashion, furniture [&hellip;]<\/p>\n","protected":false},"author":185,"featured_media":0,"parent":0,"menu_order":0,"comment_status":"closed","ping_status":"closed","template":"","meta":{"_acf_changed":false,"footnotes":""},"class_list":["post-4481","page","type-page","status-publish","hentry"],"acf":{"request_fullscreen":false},"yoast_head":"<!-- This site is optimized with the Yoast SEO plugin v27.2 - https:\/\/yoast.com\/product\/yoast-seo-wordpress\/ -->\n<title>Visionary Women - 1stDibs: Antique and Modern Furniture, Jewelry, Fashion &amp; Art<\/title>\n<meta name=\"robots\" content=\"index, follow, max-snippet:-1, max-image-preview:large, max-video-preview:-1\" \/>\n<link rel=\"canonical\" href=\"https:\/\/www.1stdibs.com\/info\/visionary-women\/\" \/>\n<meta property=\"og:locale\" content=\"en_US\" \/>\n<meta property=\"og:type\" content=\"article\" \/>\n<meta property=\"og:title\" content=\"Visionary Women - 1stDibs: Antique and Modern Furniture, Jewelry, Fashion &amp; Art\" \/>\n<meta property=\"og:description\" content=\"Visionary Women We&#8217;re celebrating the design world&#8217;s most outstanding women, past and present, and putting a spotlight on their iconic works SHOP THE COLLECTION FAYE TOOGOOD &#8220;I design holistically, with an overall vision across fashion, furniture and interiors.&#8221; READ MORE FAYE TOOGOOD Artist &amp; Designer &#8220;I design holistically, with an overall vision across fashion, furniture [&hellip;]\" \/>\n<meta property=\"og:url\" content=\"https:\/\/www.1stdibs.com\/info\/visionary-women\/\" \/>\n<meta property=\"og:site_name\" content=\"1stDibs: Antique and Modern Furniture, Jewelry, Fashion &amp; Art\" \/>\n<meta property=\"article:publisher\" content=\"https:\/\/www.facebook.com\/1stdibs\" \/>\n<meta property=\"article:modified_time\" content=\"2021-09-06T18:35:59+00:00\" \/>\n<meta property=\"og:image\" content=\"https:\/\/www.1stdibs.com\/info\/wp-content\/uploads\/2020\/02\/fayemobile.jpg\" \/>\n<meta name=\"twitter:card\" content=\"summary_large_image\" \/>\n<meta name=\"twitter:site\" content=\"@1stDibs\" \/>\n<meta name=\"twitter:label1\" content=\"Est. reading time\" \/>\n\t<meta name=\"twitter:data1\" content=\"1 minute\" \/>\n<script type=\"application\/ld+json\" class=\"yoast-schema-graph\">{\"@context\":\"https:\/\/schema.org\",\"@graph\":[{\"@type\":\"WebPage\",\"@id\":\"https:\/\/www.1stdibs.com\/info\/visionary-women\/\",\"url\":\"https:\/\/www.1stdibs.com\/info\/visionary-women\/\",\"name\":\"Visionary Women - 1stDibs: Antique and Modern Furniture, Jewelry, Fashion &amp; Art\",\"isPartOf\":{\"@id\":\"https:\/\/www.1stdibs.com\/info\/#website\"},\"primaryImageOfPage\":{\"@id\":\"https:\/\/www.1stdibs.com\/info\/visionary-women\/#primaryimage\"},\"image\":{\"@id\":\"https:\/\/www.1stdibs.com\/info\/visionary-women\/#primaryimage\"},\"thumbnailUrl\":\"https:\/\/www.1stdibs.com\/info\/wp-content\/uploads\/2020\/02\/fayemobile.jpg\",\"datePublished\":\"2019-02-26T17:27:49+00:00\",\"dateModified\":\"2021-09-06T18:35:59+00:00\",\"breadcrumb\":{\"@id\":\"https:\/\/www.1stdibs.com\/info\/visionary-women\/#breadcrumb\"},\"inLanguage\":\"en-US\",\"potentialAction\":[{\"@type\":\"ReadAction\",\"target\":[\"https:\/\/www.1stdibs.com\/info\/visionary-women\/\"]}]},{\"@type\":\"ImageObject\",\"inLanguage\":\"en-US\",\"@id\":\"https:\/\/www.1stdibs.com\/info\/visionary-women\/#primaryimage\",\"url\":\"https:\/\/www.1stdibs.com\/info\/wp-content\/uploads\/2020\/02\/fayemobile.jpg\",\"contentUrl\":\"https:\/\/www.1stdibs.com\/info\/wp-content\/uploads\/2020\/02\/fayemobile.jpg\",\"width\":660,\"height\":659},{\"@type\":\"BreadcrumbList\",\"@id\":\"https:\/\/www.1stdibs.com\/info\/visionary-women\/#breadcrumb\",\"itemListElement\":[{\"@type\":\"ListItem\",\"position\":1,\"name\":\"Home\",\"item\":\"https:\/\/www.1stdibs.com\/info\/\"},{\"@type\":\"ListItem\",\"position\":2,\"name\":\"Visionary Women\"}]},{\"@type\":\"WebSite\",\"@id\":\"https:\/\/www.1stdibs.com\/info\/#website\",\"url\":\"https:\/\/www.1stdibs.com\/info\/\",\"name\":\"1stDibs: Antique and Modern Furniture, Jewelry, Fashion &amp; Art\",\"description\":\"\",\"publisher\":{\"@id\":\"https:\/\/www.1stdibs.com\/info\/#organization\"},\"potentialAction\":[{\"@type\":\"SearchAction\",\"target\":{\"@type\":\"EntryPoint\",\"urlTemplate\":\"https:\/\/www.1stdibs.com\/info\/?s={search_term_string}\"},\"query-input\":{\"@type\":\"PropertyValueSpecification\",\"valueRequired\":true,\"valueName\":\"search_term_string\"}}],\"inLanguage\":\"en-US\"},{\"@type\":\"Organization\",\"@id\":\"https:\/\/www.1stdibs.com\/info\/#organization\",\"name\":\"1stDibs\",\"url\":\"https:\/\/www.1stdibs.com\/info\/\",\"logo\":{\"@type\":\"ImageObject\",\"inLanguage\":\"en-US\",\"@id\":\"https:\/\/www.1stdibs.com\/info\/#\/schema\/logo\/image\/\",\"url\":\"https:\/\/www.1stdibs.com\/info\/wp-content\/uploads\/2020\/08\/1stdibs-logo-black-on-white-500px-padding.png\",\"contentUrl\":\"https:\/\/www.1stdibs.com\/info\/wp-content\/uploads\/2020\/08\/1stdibs-logo-black-on-white-500px-padding.png\",\"width\":500,\"height\":184,\"caption\":\"1stDibs\"},\"image\":{\"@id\":\"https:\/\/www.1stdibs.com\/info\/#\/schema\/logo\/image\/\"},\"sameAs\":[\"https:\/\/www.facebook.com\/1stdibs\",\"https:\/\/x.com\/1stDibs\",\"https:\/\/instagram.com\/1stdibs\/\",\"https:\/\/www.linkedin.com\/company\/1stdibs-com\/\",\"https:\/\/www.pinterest.com\/1stdibs\/\"]}]}<\/script>\n<!-- \/ Yoast SEO plugin. -->","yoast_head_json":{"title":"Visionary Women - 1stDibs: Antique and Modern Furniture, Jewelry, Fashion &amp; Art","robots":{"index":"index","follow":"follow","max-snippet":"max-snippet:-1","max-image-preview":"max-image-preview:large","max-video-preview":"max-video-preview:-1"},"canonical":"https:\/\/www.1stdibs.com\/info\/visionary-women\/","og_locale":"en_US","og_type":"article","og_title":"Visionary Women - 1stDibs: Antique and Modern Furniture, Jewelry, Fashion &amp; Art","og_description":"Visionary Women We&#8217;re celebrating the design world&#8217;s most outstanding women, past and present, and putting a spotlight on their iconic works SHOP THE COLLECTION FAYE TOOGOOD &#8220;I design holistically, with an overall vision across fashion, furniture and interiors.&#8221; READ MORE FAYE TOOGOOD Artist &amp; Designer &#8220;I design holistically, with an overall vision across fashion, furniture [&hellip;]","og_url":"https:\/\/www.1stdibs.com\/info\/visionary-women\/","og_site_name":"1stDibs: Antique and Modern Furniture, Jewelry, Fashion &amp; Art","article_publisher":"https:\/\/www.facebook.com\/1stdibs","article_modified_time":"2021-09-06T18:35:59+00:00","og_image":[{"url":"https:\/\/www.1stdibs.com\/info\/wp-content\/uploads\/2020\/02\/fayemobile.jpg","type":"","width":"","height":""}],"twitter_card":"summary_large_image","twitter_site":"@1stDibs","twitter_misc":{"Est. reading time":"1 minute"},"schema":{"@context":"https:\/\/schema.org","@graph":[{"@type":"WebPage","@id":"https:\/\/www.1stdibs.com\/info\/visionary-women\/","url":"https:\/\/www.1stdibs.com\/info\/visionary-women\/","name":"Visionary Women - 1stDibs: Antique and Modern Furniture, Jewelry, Fashion &amp; Art","isPartOf":{"@id":"https:\/\/www.1stdibs.com\/info\/#website"},"primaryImageOfPage":{"@id":"https:\/\/www.1stdibs.com\/info\/visionary-women\/#primaryimage"},"image":{"@id":"https:\/\/www.1stdibs.com\/info\/visionary-women\/#primaryimage"},"thumbnailUrl":"https:\/\/www.1stdibs.com\/info\/wp-content\/uploads\/2020\/02\/fayemobile.jpg","datePublished":"2019-02-26T17:27:49+00:00","dateModified":"2021-09-06T18:35:59+00:00","breadcrumb":{"@id":"https:\/\/www.1stdibs.com\/info\/visionary-women\/#breadcrumb"},"inLanguage":"en-US","potentialAction":[{"@type":"ReadAction","target":["https:\/\/www.1stdibs.com\/info\/visionary-women\/"]}]},{"@type":"ImageObject","inLanguage":"en-US","@id":"https:\/\/www.1stdibs.com\/info\/visionary-women\/#primaryimage","url":"https:\/\/www.1stdibs.com\/info\/wp-content\/uploads\/2020\/02\/fayemobile.jpg","contentUrl":"https:\/\/www.1stdibs.com\/info\/wp-content\/uploads\/2020\/02\/fayemobile.jpg","width":660,"height":659},{"@type":"BreadcrumbList","@id":"https:\/\/www.1stdibs.com\/info\/visionary-women\/#breadcrumb","itemListElement":[{"@type":"ListItem","position":1,"name":"Home","item":"https:\/\/www.1stdibs.com\/info\/"},{"@type":"ListItem","position":2,"name":"Visionary Women"}]},{"@type":"WebSite","@id":"https:\/\/www.1stdibs.com\/info\/#website","url":"https:\/\/www.1stdibs.com\/info\/","name":"1stDibs: Antique and Modern Furniture, Jewelry, Fashion &amp; Art","description":"","publisher":{"@id":"https:\/\/www.1stdibs.com\/info\/#organization"},"potentialAction":[{"@type":"SearchAction","target":{"@type":"EntryPoint","urlTemplate":"https:\/\/www.1stdibs.com\/info\/?s={search_term_string}"},"query-input":{"@type":"PropertyValueSpecification","valueRequired":true,"valueName":"search_term_string"}}],"inLanguage":"en-US"},{"@type":"Organization","@id":"https:\/\/www.1stdibs.com\/info\/#organization","name":"1stDibs","url":"https:\/\/www.1stdibs.com\/info\/","logo":{"@type":"ImageObject","inLanguage":"en-US","@id":"https:\/\/www.1stdibs.com\/info\/#\/schema\/logo\/image\/","url":"https:\/\/www.1stdibs.com\/info\/wp-content\/uploads\/2020\/08\/1stdibs-logo-black-on-white-500px-padding.png","contentUrl":"https:\/\/www.1stdibs.com\/info\/wp-content\/uploads\/2020\/08\/1stdibs-logo-black-on-white-500px-padding.png","width":500,"height":184,"caption":"1stDibs"},"image":{"@id":"https:\/\/www.1stdibs.com\/info\/#\/schema\/logo\/image\/"},"sameAs":["https:\/\/www.facebook.com\/1stdibs","https:\/\/x.com\/1stDibs","https:\/\/instagram.com\/1stdibs\/","https:\/\/www.linkedin.com\/company\/1stdibs-com\/","https:\/\/www.pinterest.com\/1stdibs\/"]}]}},"_links":{"self":[{"href":"https:\/\/www.1stdibs.com\/info\/wp-json\/wp\/v2\/pages\/4481","targetHints":{"allow":["GET"]}}],"collection":[{"href":"https:\/\/www.1stdibs.com\/info\/wp-json\/wp\/v2\/pages"}],"about":[{"href":"https:\/\/www.1stdibs.com\/info\/wp-json\/wp\/v2\/types\/page"}],"author":[{"embeddable":true,"href":"https:\/\/www.1stdibs.com\/info\/wp-json\/wp\/v2\/users\/185"}],"replies":[{"embeddable":true,"href":"https:\/\/www.1stdibs.com\/info\/wp-json\/wp\/v2\/comments?post=4481"}],"version-history":[{"count":0,"href":"https:\/\/www.1stdibs.com\/info\/wp-json\/wp\/v2\/pages\/4481\/revisions"}],"wp:attachment":[{"href":"https:\/\/www.1stdibs.com\/info\/wp-json\/wp\/v2\/media?parent=4481"}],"curies":[{"name":"wp","href":"https:\/\/api.w.org\/{rel}","templated":true}]}}